{"id":15134,"date":"2026-04-20T03:10:13","date_gmt":"2026-04-20T00:10:13","guid":{"rendered":"https:\/\/kasskoer.ee\/product\/brit-care-hypoallergenic-weight-loss-rabbit-koeratoit-12kg-2\/"},"modified":"2026-04-20T03:10:13","modified_gmt":"2026-04-20T00:10:13","slug":"brit-care-hypoallergenic-weight-loss-rabbit-koeratoit-12kg","status":"publish","type":"product","link":"https:\/\/kasskoer.ee\/en\/toode\/brit-care-hypoallergenic-weight-loss-rabbit-koeratoit-12kg\/","title":{"rendered":"Brit Care Hypoallergenic Weight Loss Rabbit koeratoit 12kg"},"content":{"rendered":"<p><b>Ainult \u00fcht liiki loomset valku sisaldav allergiaohutu s\u00f6\u00f6t, mis on loodud spetsiaalselt kaaluprobleemidega koertele. <\/b><br \/>&#13;<\/p>\n<li>V\u00e4ike rasvasisaldus ja dieettoiduks sobiv lahja k\u00fc\u00fclikuvalk aitavad s\u00e4ilitada optimaalset kehakaalu.<\/li>\n<p>&#13;<\/p>\n<li>Ps\u00fcllium aitab kaasa t\u00e4isk\u00f5hutunde p\u00fcsimisele ja v\u00e4hendab s\u00f6\u00f6mist.<\/li>\n<p>&#13;<\/p>\n<li>L-karnitiin soodustab ainevahetust ja aitab rasvu p\u00f5letada. <\/li>\n<p>&#13;<\/p>\n<li>Kondroprotektiivsed aineid toetavad liigeste, luude ja k\u00f5hrede tervet kasvamist ja arenemist.<\/li>\n<p>&#13;<\/p>\n<li>Rikastatud probiootikumidega soolestiku tasakaalustatud mikrofloora jaoks ja maarjaohakaga, mis toetab maksa t\u00f6\u00f6d ning puhastab samal ajal organismi ja vabastab seda kahjulikest m\u00fcrkainetest.<\/li>\n<p>&#13;<br \/>\n<br \/><b>Koostis<\/b><br \/>&#13;<br \/>\nDeh\u00fcdreeritud j\u00e4neseliha (36%), riis (35%), kuivatatud \u00f5una viljaliha (12%), lignotselluloos (10%), kanarasv, looduslikud maitseained, \u00f5llep\u00e4rm, l\u00f5he\u00f5li (1%), ps\u00fclliumi seemned ja kestad (0,5%), hernejahu, gl\u00fckoosamiin (300 mg\/kg), fruktooligosahhariidid (230 mg\/kg), kondroitiinsulfaat (230 mg\/kg), mannani-oligosahhariidid (180 mg\/kg), Mojave yucca (180 mg\/kg), maarjaohaka seemned (110\u202fmg\/kg), \u03b2gl\u00fckaani (60 mg\/kg), kuivatatud veiste-s\u00fcdamerohi (60 mg\/kg), kuivatatud astelpaju (60 mg\/kg), probiootikumid Lactobacillus helveticus HA \u2013 122 inaktiveeritud (15&#215;109 rakku\/kg).<br \/>&#13;<br \/>\n<br \/><b>Anal\u00fc\u00fctilised koostisosad<\/b><br \/>&#13;<br \/>\nToorproteiin 27,0%, toorrasv 9,0%, niiskus 10,0%, toortuhk 5,5%, toorkiud 9,5%, kaltsium 1,2%, fosfor 0,8%, naatrium 0,3%, oomega-3 rasvhapped 0,3%, oomega-6 rasvhapped 1,5%, EPA (eikosapentaeenhape) (20:5 n-3) 0,02%, DHA (dokosaheksaeenhape) (22:6 n-3) 0,05%.<br \/>&#13;<br \/>\n<br \/><b>S\u00f6\u00f6dalisandid<\/b><br \/>&#13;<br \/>\nVitamiin A (3a672a) 23000 R\u00dc, vitamiin D3 (3a671) 1700 R\u00dc, vitamiin E (3a700) 550 mg, vitamiin C (3a312) 350\u202fmg, tauriin (3a370) 1500 mg, koliinkloriid (3a890) 1800 mg, L-karnitiin (3a910) 300 mg, vitamiin B1 (3a821) 3 mg, vitamiin B2 (3a825i) 11 mg, biotiin (3a880) 4 mg, foolhape (3a316) 1,4 mg, vitamiin B6 (3a831) 3 mg, D-kaltsiumpantotenaat (3a841) 30 mg, niatsiinamiid (3a315) 38 mg, vitamiin B12 0,12 mg, jood (3b201) 0,9 mg, orgaaniline tsink (3b606) 100 mg, orgaaniline mangaan (3b504) 45 mg, orgaaniline vask (3b406) 20 mg, orgaaniline raud (3b106) 88 mg, orgaaniline seleen (3b810) 0,18 mg. Sisaldab EL-i poolt heakskiidetud antioks\u00fcdante: taime\u00f5lide tokoferooliekstrakte (1b306 (i)), askorb\u00fc\u00fclpalmitaati (1b304) ja rosmariiniekstrakti.<br \/>&#13;<br \/>\n<br \/><b>Metaboliseeruv energia<\/b><br \/>&#13;<br \/>\n3110\u202fkcal\/kg<br \/>&#13;<br \/>\n<br \/><b>Soovituslik p\u00e4evane kogus<\/b><br \/>&#13;<\/p>\n<figure class=\"table\">\n<table>\n<tbody>\n<tr>\n<td>\n<p style=\"text-align:center;\"><strong>Koera kaal (kg)<\/strong><\/p>\n<\/td>\n<td>5<\/td>\n<td>10<\/td>\n<td>15<\/td>\n<td>20<\/td>\n<td>25<\/td>\n<td>30<\/td>\n<td>40<\/td>\n<td>50<\/td>\n<td>60<\/td>\n<td>70<\/td>\n<td>80<\/td>\n<td>90<\/td>\n<\/tr>\n<tr>\n<td>\n<p style=\"text-align:center;\"><strong>Kaalu v\u00e4hendamine- P\u00e4evane kogus(g\/p\u00e4evas)<\/strong><\/p>\n<\/td>\n<td>80<\/td>\n<td>130<\/td>\n<td>180<\/td>\n<td>220<\/td>\n<td>260<\/td>\n<td>310<\/td>\n<td>380<\/td>\n<td>450<\/td>\n<td>510<\/td>\n<td>570<\/td>\n<td>630<\/td>\n<td>690<\/td>\n<\/tr>\n<tr>\n<td>\n<p style=\"text-align:center;\"><strong>Kaalu s\u00e4ilitamine- P\u00e4evane kogus (g\/p\u00e4evas)<\/strong><\/p>\n<\/td>\n<td>90<\/td>\n<td>160<\/td>\n<td>210<\/td>\n<td>260<\/td>\n<td>310<\/td>\n<td>350<\/td>\n<td>430<\/td>\n<td>510<\/td>\n<td>580<\/td>\n<td>660<\/td>\n<td>720<\/td>\n<td>790<\/td>\n<\/tr>\n<\/tbody>\n<\/table>\n<\/figure>\n","protected":false},"excerpt":{"rendered":"<p>K\u00fc\u00fclikulihaga t\u00e4iss\u00f6\u00f6t kaaluprobleemidega koertele.<\/p>\n","protected":false},"featured_media":11718,"template":"","meta":[],"product_cat":[688,64],"product_tag":[],"class_list":{"0":"post-15134","1":"product","2":"type-product","3":"status-publish","4":"has-post-thumbnail","6":"product_cat-koerad","7":"product_cat-koeratoit","8":"pa_brand-brit-care","9":"pa_ean-1675","10":"pa_kaal-12-000","11":"pa_tootjariik-tsehhi","13":"first","14":"instock","15":"taxable","16":"shipping-taxable","17":"purchasable","18":"product-type-simple"},"_links":{"self":[{"href":"https:\/\/kasskoer.ee\/en\/wp-json\/wp\/v2\/product\/15134","targetHints":{"allow":["GET"]}}],"collection":[{"href":"https:\/\/kasskoer.ee\/en\/wp-json\/wp\/v2\/product"}],"about":[{"href":"https:\/\/kasskoer.ee\/en\/wp-json\/wp\/v2\/types\/product"}],"wp:featuredmedia":[{"embeddable":true,"href":"https:\/\/kasskoer.ee\/en\/wp-json\/wp\/v2\/media\/11718"}],"wp:attachment":[{"href":"https:\/\/kasskoer.ee\/en\/wp-json\/wp\/v2\/media?parent=15134"}],"wp:term":[{"taxonomy":"product_cat","embeddable":true,"href":"https:\/\/kasskoer.ee\/en\/wp-json\/wp\/v2\/product_cat?post=15134"},{"taxonomy":"product_tag","embeddable":true,"href":"https:\/\/kasskoer.ee\/en\/wp-json\/wp\/v2\/product_tag?post=15134"}],"curies":[{"name":"wp","href":"https:\/\/api.w.org\/{rel}","templated":true}]}}