{"id":15136,"date":"2026-04-20T03:10:13","date_gmt":"2026-04-20T00:10:13","guid":{"rendered":"https:\/\/kasskoer.ee\/product\/brit-care-grain-free-adult-salmon-koeratoit-12kg-2\/"},"modified":"2026-04-20T03:10:13","modified_gmt":"2026-04-20T00:10:13","slug":"brit-care-grain-free-adult-salmon-koeratoit-12kg","status":"publish","type":"product","link":"https:\/\/kasskoer.ee\/en\/toode\/brit-care-grain-free-adult-salmon-koeratoit-12kg\/","title":{"rendered":"Brit Care Grain-Free Adult Salmon koeratoit 12kg"},"content":{"rendered":"<p><b>Teraviljavaba s\u00f6\u00f6t naha ja karvkatte hea seisundi, veresoonkonna ja s\u00fcdame, suurep\u00e4rase f\u00fc\u00fcsilise vormi ning tugeva immuunsuse toetamiseks.<\/b><br \/>&#13;<\/p>\n<li>Sobib eelk\u00f5ige koertele, kelle karvkatte hooldamine on keeruline.<\/li>\n<p>&#13;<\/p>\n<li>Sisaldab astelpaju, mis toetab neerude ja kuseteede tervist.<\/li>\n<p>&#13;<\/p>\n<li>Probiootikumid ja antioks\u00fcdandid toetavad immuuns\u00fcsteemi ja seedeelundkonna tervist.<\/li>\n<p>&#13;<\/p>\n<li>Rikkalik oomega-3 rasvhapete sisaldus soodustab lihaste arengut ja kiiremat taastumist.<\/li>\n<p>&#13;<\/p>\n<li>Teraviljavaba koostis on ideaalne koertele, kelle karvkate vajab palju hooldamist, kes peavad p\u00fcsima heas f\u00fc\u00fcsilises vormis v\u00f5i kellel esineb reaktsioone teist t\u00fc\u00fcpi s\u00f6\u00f6dale.<\/li>\n<p>&#13;<br \/>\n&#13;<br \/>\n<br \/><b>Koostis<\/b><br \/>&#13;<br \/>\nL\u00f5he (50%) (deh\u00fcdreeritud l\u00f5he, h\u00fcdrol\u00fc\u00fcsitud l\u00f5he), kartulid (26%), kuivatatud \u00f5una viljaliha, kanarasv, l\u00f5he\u00f5li (3%), looduslikud maitseained, hernejahu, gl\u00fckoosamiin (260 mg\/kg), fruktooligosahhariidid (200 mg\/kg), kondroitiinsulfaat (200 mg\/kg), mannaani oligosahhariidid (150 mg\/kg), Mojave yucca (150 mg\/kg), maarjaohaka seemned (90 mg\/kg), \u03b2-gl\u00fckaan (50 mg\/kg), kuivatatud veiste-s\u00fcdamerohi (50\u202fmg\/kg), kuivatatud astelpaju (50 mg\/kg), probiootikumid Lactobacillus helveticus HA \u2013 122 inaktiveeritud (15&#215;109 rakku\/kg).&#13;<br \/>\n<br \/>&#13;<br \/>\n<br \/><b>Anal\u00fc\u00fctilised koostisosad<\/b><br \/>&#13;<br \/>\nToorproteiin 26,0%, toorrasv 15,0%, niiskus 10,0%, toortuhk 6,2%, toorkiud 3,5%, kaltsium 1,1%, fosfor 0,8%, naatrium 0,4%, oomega-3 rasvhapped 1,1%, oomega-6 rasvhapped 1,8%, EPA (eikosapentaeenhape) (20:5 n-3) 0,12%, DHA (dokosaheksaeenhape) (22:6 n-3) 0,16%.<br \/>&#13;<br \/>\n<br \/><b>S\u00f6\u00f6dalisandid<\/b><br \/>&#13;<br \/>\nVitamiin A (3a672a) 20000 R\u00dc, vitamiin D3 (3a671) 1500 R\u00dc, vitamiin E (3a700) 500 mg, vitamiin C (3a312) 300\u202fmg, tauriin (3a370) 1500 mg, koliinkloriid (3a890) 1800 mg, L-karnitiin (3a910) 250 mg, vitamiin B1 (3a821) 2,5 mg, vitamiin B2 (3a825i) 9,6 mg, biotiin (3a880) 3,5 mg, foolhape (3a316) 1,2 mg, vitamiin B6 (3a831) 2,5 mg, D-kaltsiumpantotenaat (3a841) 25 mg, niatsiinamiid (3a315) 32,5 mg, vitamiin B12 0,1 mg, jood (3b201) 0,8 mg, orgaaniline tsink (3b606) 85 mg, orgaaniline mangaan (3b504) 40 mg, orgaaniline vask (3b406) 18 mg, orgaaniline raud (3b106) 75 mg, orgaaniline seleen (3b810) 0,16 mg. Sisaldab EL-i poolt heakskiidetud antioks\u00fcdante: taime\u00f5lide tokoferooliekstrakte (1b306 (i)), askorb\u00fc\u00fclpalmitaati (1b304) ja rosmariiniekstrakti.&#13;<br \/>\n<br \/>&#13;<br \/>\n<br \/><b>Metaboliseeruv energia<\/b><br \/>&#13;<br \/>\n3740 kcal\/kg&#13;<br \/>\n<br \/>&#13;<br \/>\n<br \/><b>Soovituslik p\u00e4evane kogus<\/b>&#13;\n<\/p>\n<figure class=\"table\">\n<table>\n<tbody>\n<tr>\n<td><strong>Koera kaal (kg)<\/strong><\/td>\n<td>1<\/td>\n<td>2<\/td>\n<td>4<\/td>\n<td>6<\/td>\n<td>8<\/td>\n<td>10<\/td>\n<td>15<\/td>\n<td>20<\/td>\n<td>25<\/td>\n<td>25&lt;<\/td>\n<\/tr>\n<tr>\n<td><strong>P\u00e4evane kogus (g\/p\u00e4evas)<\/strong><\/td>\n<td>35<\/td>\n<td>45<\/td>\n<td>80<\/td>\n<td>110<\/td>\n<td>120<\/td>\n<td>140<\/td>\n<td>180<\/td>\n<td>220<\/td>\n<td>260<\/td>\n<td>Adult Large Breed<\/td>\n<\/tr>\n<\/tbody>\n<\/table>\n<\/figure>\n","protected":false},"excerpt":{"rendered":"<p>Teraviljavaba t\u00e4iss\u00f6\u00f6t l\u00f5hega v\u00e4ikest ja keskmist t\u00f5ugu (1-25kg) t\u00e4iskasvanud koertele naha ja karvkatte hea seisundi toetamiseks.<\/p>\n","protected":false},"featured_media":11722,"template":"","meta":[],"product_cat":[688,64],"product_tag":[],"class_list":{"0":"post-15136","1":"product","2":"type-product","3":"status-publish","4":"has-post-thumbnail","6":"product_cat-koerad","7":"product_cat-koeratoit","8":"pa_brand-brit-care","9":"pa_ean-1679","10":"pa_kaal-12-000","11":"pa_tootjariik-tsehhi","13":"first","14":"instock","15":"taxable","16":"shipping-taxable","17":"purchasable","18":"product-type-simple"},"_links":{"self":[{"href":"https:\/\/kasskoer.ee\/en\/wp-json\/wp\/v2\/product\/15136","targetHints":{"allow":["GET"]}}],"collection":[{"href":"https:\/\/kasskoer.ee\/en\/wp-json\/wp\/v2\/product"}],"about":[{"href":"https:\/\/kasskoer.ee\/en\/wp-json\/wp\/v2\/types\/product"}],"wp:featuredmedia":[{"embeddable":true,"href":"https:\/\/kasskoer.ee\/en\/wp-json\/wp\/v2\/media\/11722"}],"wp:attachment":[{"href":"https:\/\/kasskoer.ee\/en\/wp-json\/wp\/v2\/media?parent=15136"}],"wp:term":[{"taxonomy":"product_cat","embeddable":true,"href":"https:\/\/kasskoer.ee\/en\/wp-json\/wp\/v2\/product_cat?post=15136"},{"taxonomy":"product_tag","embeddable":true,"href":"https:\/\/kasskoer.ee\/en\/wp-json\/wp\/v2\/product_tag?post=15136"}],"curies":[{"name":"wp","href":"https:\/\/api.w.org\/{rel}","templated":true}]}}