{"id":15140,"date":"2026-04-20T03:10:13","date_gmt":"2026-04-20T00:10:13","guid":{"rendered":"https:\/\/kasskoer.ee\/product\/lolo-pets-hein-500g-2\/"},"modified":"2026-04-20T03:10:13","modified_gmt":"2026-04-20T00:10:13","slug":"lolo-pets-hein-500g","status":"publish","type":"product","link":"https:\/\/kasskoer.ee\/en\/toode\/lolo-pets-hein-500g\/","title":{"rendered":"Lolo Pets hein 500g"},"content":{"rendered":"<p>LoLo Pets hein. T\u00e4iends\u00f6\u00f6t n\u00e4rilistele.&#13;<\/p>\n<li>Kvaliteetne hein lisatoiduks n\u00e4rilistele ja j\u00e4nestele.<\/li>\n<p>&#13;<br \/>\n<br \/>&#13;<br \/>\n<b>Koostis <\/b><br \/>&#13;<br \/>\nHein 98%, maitsetaimed 2%.<\/p>\n","protected":false},"excerpt":{"rendered":"<p>Lolo Pets kvaliteetne hein n\u00e4rilistele.<\/p>\n","protected":false},"featured_media":11730,"template":"","meta":[],"product_cat":[693,3078,52],"product_tag":[],"class_list":{"0":"post-15140","1":"product","2":"type-product","3":"status-publish","4":"has-post-thumbnail","6":"product_cat-muud-loomad","7":"product_cat-narilised","8":"product_cat-nariliste-toit","9":"pa_brand-lolo-pets","10":"pa_ean-1441","11":"pa_kaal-0-500","12":"pa_tootjariik-poola","14":"first","15":"instock","16":"taxable","17":"shipping-taxable","18":"purchasable","19":"product-type-simple"},"_links":{"self":[{"href":"https:\/\/kasskoer.ee\/en\/wp-json\/wp\/v2\/product\/15140","targetHints":{"allow":["GET"]}}],"collection":[{"href":"https:\/\/kasskoer.ee\/en\/wp-json\/wp\/v2\/product"}],"about":[{"href":"https:\/\/kasskoer.ee\/en\/wp-json\/wp\/v2\/types\/product"}],"wp:featuredmedia":[{"embeddable":true,"href":"https:\/\/kasskoer.ee\/en\/wp-json\/wp\/v2\/media\/11730"}],"wp:attachment":[{"href":"https:\/\/kasskoer.ee\/en\/wp-json\/wp\/v2\/media?parent=15140"}],"wp:term":[{"taxonomy":"product_cat","embeddable":true,"href":"https:\/\/kasskoer.ee\/en\/wp-json\/wp\/v2\/product_cat?post=15140"},{"taxonomy":"product_tag","embeddable":true,"href":"https:\/\/kasskoer.ee\/en\/wp-json\/wp\/v2\/product_tag?post=15140"}],"curies":[{"name":"wp","href":"https:\/\/api.w.org\/{rel}","templated":true}]}}