{"id":15144,"date":"2026-04-20T03:10:13","date_gmt":"2026-04-20T00:10:13","guid":{"rendered":"https:\/\/kasskoer.ee\/product\/barry-king-puidugraanulid-10l-2\/"},"modified":"2026-04-20T03:10:13","modified_gmt":"2026-04-20T00:10:13","slug":"barry-king-puidugraanulid-10l","status":"publish","type":"product","link":"https:\/\/kasskoer.ee\/en\/toode\/barry-king-puidugraanulid-10l\/","title":{"rendered":"Barry King puidugraanulid 10L"},"content":{"rendered":"<li>100% looduslikud puidust pelletid.<\/li>\n<p>&#13;<\/p>\n<li>Maksimaalne h\u00fcgieen, suurep\u00e4rane imamisv\u00f5ime ja lihtne hooldus.<\/li>\n<p>&#13;<\/p>\n<li>K\u00f5rge l\u00f5hnakontroll neutraliseerib soovimatud l\u00f5hnad ja tagab Teie kassile h\u00fcgieenilise ja turvalise keskkonna.<\/li>\n<p>&#13;<\/p>\n<li>100% biolagunev ja sobib kasutamiseks ka v\u00e4etisena.<\/li>\n<p>&#13;<\/p>\n<li>Pellet on vees h\u00e4sti lahustuv ning seet\u00f5ttu sobilik ka WC-potist alla laskmiseks.<\/li>\n","protected":false},"excerpt":{"rendered":"<p>Barry King puidugraanulid kassidele.<\/p>\n","protected":false},"featured_media":11732,"template":"","meta":[],"product_cat":[689,565],"product_tag":[],"class_list":{"0":"post-15144","1":"product","2":"type-product","3":"status-publish","4":"has-post-thumbnail","6":"product_cat-kassid","7":"product_cat-kassiliivad","8":"pa_brand-barry-king","9":"pa_ean-1443","10":"pa_kaal-6-620","11":"pa_tootjariik-euroopa-liit","13":"first","14":"instock","15":"taxable","16":"shipping-taxable","17":"purchasable","18":"product-type-simple"},"_links":{"self":[{"href":"https:\/\/kasskoer.ee\/en\/wp-json\/wp\/v2\/product\/15144","targetHints":{"allow":["GET"]}}],"collection":[{"href":"https:\/\/kasskoer.ee\/en\/wp-json\/wp\/v2\/product"}],"about":[{"href":"https:\/\/kasskoer.ee\/en\/wp-json\/wp\/v2\/types\/product"}],"wp:featuredmedia":[{"embeddable":true,"href":"https:\/\/kasskoer.ee\/en\/wp-json\/wp\/v2\/media\/11732"}],"wp:attachment":[{"href":"https:\/\/kasskoer.ee\/en\/wp-json\/wp\/v2\/media?parent=15144"}],"wp:term":[{"taxonomy":"product_cat","embeddable":true,"href":"https:\/\/kasskoer.ee\/en\/wp-json\/wp\/v2\/product_cat?post=15144"},{"taxonomy":"product_tag","embeddable":true,"href":"https:\/\/kasskoer.ee\/en\/wp-json\/wp\/v2\/product_tag?post=15144"}],"curies":[{"name":"wp","href":"https:\/\/api.w.org\/{rel}","templated":true}]}}