{"id":15146,"date":"2026-04-20T03:10:13","date_gmt":"2026-04-20T00:10:13","guid":{"rendered":"https:\/\/kasskoer.ee\/product\/barry-king-transpordipuur-hall-55x35x325cm-2\/"},"modified":"2026-04-20T03:10:14","modified_gmt":"2026-04-20T00:10:14","slug":"barry-king-transpordipuur-hall-55x35x325cm","status":"publish","type":"product","link":"https:\/\/kasskoer.ee\/en\/toode\/barry-king-transpordipuur-hall-55x35x325cm\/","title":{"rendered":"Barry King transpordipuur hall 55x35x32,5cm"},"content":{"rendered":"<li>Puur on valmistatud vastupidavast plastikust.<\/li>\n<p>&#13;<\/p>\n<li>Puuril on ventialtsiooniavad, mis tagavad v\u00e4rske \u00f5hu liikumise ja mille l\u00e4bi saab loom \u00fcmbrust j\u00e4lgida.<\/li>\n<p>&#13;<\/p>\n<li>Puuri k\u00fcljes on sang, mis muudab looma transportimise \u00fchest kohast teise mugavamaks.<\/li>\n<p>&#13;<br \/>\n&#13;<br \/>\n<br \/><b>M\u00f5\u00f5dud:<\/b><br \/>55x35x32,5cm<\/p>\n","protected":false},"excerpt":{"rendered":"<p>Barry King puur loomade transpordiks ja nendega reisimiseks.<\/p>\n","protected":false},"featured_media":11736,"template":"","meta":[],"product_cat":[1589],"product_tag":[],"class_list":{"0":"post-15146","1":"product","2":"type-product","3":"status-publish","4":"has-post-thumbnail","6":"product_cat-transpordipuurid","7":"pa_brand-barry-king","8":"pa_ean-1588","9":"pa_kaal-1-700","10":"pa_tootjariik-hiina","12":"first","13":"instock","14":"taxable","15":"shipping-taxable","16":"purchasable","17":"product-type-simple"},"_links":{"self":[{"href":"https:\/\/kasskoer.ee\/en\/wp-json\/wp\/v2\/product\/15146","targetHints":{"allow":["GET"]}}],"collection":[{"href":"https:\/\/kasskoer.ee\/en\/wp-json\/wp\/v2\/product"}],"about":[{"href":"https:\/\/kasskoer.ee\/en\/wp-json\/wp\/v2\/types\/product"}],"wp:featuredmedia":[{"embeddable":true,"href":"https:\/\/kasskoer.ee\/en\/wp-json\/wp\/v2\/media\/11736"}],"wp:attachment":[{"href":"https:\/\/kasskoer.ee\/en\/wp-json\/wp\/v2\/media?parent=15146"}],"wp:term":[{"taxonomy":"product_cat","embeddable":true,"href":"https:\/\/kasskoer.ee\/en\/wp-json\/wp\/v2\/product_cat?post=15146"},{"taxonomy":"product_tag","embeddable":true,"href":"https:\/\/kasskoer.ee\/en\/wp-json\/wp\/v2\/product_tag?post=15146"}],"curies":[{"name":"wp","href":"https:\/\/api.w.org\/{rel}","templated":true}]}}