{"id":15148,"date":"2026-04-20T03:10:13","date_gmt":"2026-04-20T00:10:13","guid":{"rendered":"https:\/\/kasskoer.ee\/product\/barry-king-transpordipuur-hall-s-48x32x31cm-2\/"},"modified":"2026-04-20T03:10:14","modified_gmt":"2026-04-20T00:10:14","slug":"barry-king-transpordipuur-hall-s-48x32x31cm","status":"publish","type":"product","link":"https:\/\/kasskoer.ee\/en\/toode\/barry-king-transpordipuur-hall-s-48x32x31cm\/","title":{"rendered":"Barry King transpordipuur hall S 48x32x31cm"},"content":{"rendered":"<li>Puur on valmistatud vastupidavast plastikust.<\/li>\n<p>&#13;<\/p>\n<li>Puuril on ventilatsiooniavad, mis tagavad v\u00e4rske \u00f5hu liikumise ja v\u00f5imaldab lemmikul v\u00e4lja n\u00e4ha, et v\u00e4hendada \u00e4revust.<\/li>\n<p>&#13;<\/p>\n<li>Plastikust sang muudab transportimise veelgi mugavamaks.<\/li>\n<p>&#13;<br \/>\n<br \/>&#13;<br \/>\n<b>M\u00f5\u00f5dud<\/b><br \/>&#13;<br \/>\n48x32x31cm<\/p>\n","protected":false},"excerpt":{"rendered":"<p>Barry King puur lemmiku transportimiseks.<\/p>\n","protected":false},"featured_media":14261,"template":"","meta":[],"product_cat":[1589],"product_tag":[],"class_list":{"0":"post-15148","1":"product","2":"type-product","3":"status-publish","4":"has-post-thumbnail","6":"product_cat-transpordipuurid","7":"pa_brand-barry-king","8":"pa_ean-2592","9":"pa_kaal-1-190","10":"pa_tootjariik-hiina","12":"first","13":"instock","14":"taxable","15":"shipping-taxable","16":"purchasable","17":"product-type-simple"},"_links":{"self":[{"href":"https:\/\/kasskoer.ee\/en\/wp-json\/wp\/v2\/product\/15148","targetHints":{"allow":["GET"]}}],"collection":[{"href":"https:\/\/kasskoer.ee\/en\/wp-json\/wp\/v2\/product"}],"about":[{"href":"https:\/\/kasskoer.ee\/en\/wp-json\/wp\/v2\/types\/product"}],"wp:featuredmedia":[{"embeddable":true,"href":"https:\/\/kasskoer.ee\/en\/wp-json\/wp\/v2\/media\/14261"}],"wp:attachment":[{"href":"https:\/\/kasskoer.ee\/en\/wp-json\/wp\/v2\/media?parent=15148"}],"wp:term":[{"taxonomy":"product_cat","embeddable":true,"href":"https:\/\/kasskoer.ee\/en\/wp-json\/wp\/v2\/product_cat?post=15148"},{"taxonomy":"product_tag","embeddable":true,"href":"https:\/\/kasskoer.ee\/en\/wp-json\/wp\/v2\/product_tag?post=15148"}],"curies":[{"name":"wp","href":"https:\/\/api.w.org\/{rel}","templated":true}]}}