{"id":15149,"date":"2026-04-20T03:10:13","date_gmt":"2026-04-20T00:10:13","guid":{"rendered":"https:\/\/kasskoer.ee\/product\/barry-king-hall-transpordipuur-575x395x405cm-2\/"},"modified":"2026-04-20T03:10:14","modified_gmt":"2026-04-20T00:10:14","slug":"barry-king-hall-transpordipuur-575x395x405cm","status":"publish","type":"product","link":"https:\/\/kasskoer.ee\/en\/toode\/barry-king-hall-transpordipuur-575x395x405cm\/","title":{"rendered":"Barry King hall transpordipuur 57,5&#215;39,5&#215;40,5cm"},"content":{"rendered":"<p><b>Barry King halli v\u00e4rvi transpordipuur lemmikule.<\/b>&#13;<\/p>\n<li>Eriline disain, mis v\u00f5imaldab \u00fclemist kaant avada tervikuna v\u00f5i kahe s\u00f5ltumatu osana.<\/li>\n<p>&#13;<\/p>\n<li>Puuril on praktiline tasku jalutusrihma jaoks ning lukustatav ava, mille kaudu saab paitada ja rahustada lemmiklooma.<\/li>\n<p>&#13;<\/p>\n<li>Puuril on k\u00e4ep\u00e4rane sang mugavaks transportimiseks.<\/li>\n<p>&#13;<\/p>\n<li>\u201ePush and pull\u201c kinnitused kindlustavad, et kaas on korralikult suletud ning toimivad ka lapselukuna.<\/li>\n<p>&#13;<\/p>\n<li>Puuri saab turvav\u00f6\u00f6ga kinnitada.<\/li>\n<p>&#13;<\/p>\n<li>Puuri m\u00f5\u00f5tmed: 57,5&#215;39,5&#215;40,5cm.<\/li>\n","protected":false},"excerpt":{"rendered":"<p>Barry King puur kasside ja v\u00e4ikeste koerte transportimiseks.<\/p>\n","protected":false},"featured_media":14125,"template":"","meta":[],"product_cat":[1589],"product_tag":[],"class_list":{"0":"post-15149","1":"product","2":"type-product","3":"status-publish","4":"has-post-thumbnail","6":"product_cat-transpordipuurid","7":"pa_brand-barry-king","8":"pa_ean-2535","9":"pa_kaal-1-500","10":"pa_tootjariik-itaalia","12":"first","13":"instock","14":"taxable","15":"shipping-taxable","16":"purchasable","17":"product-type-simple"},"_links":{"self":[{"href":"https:\/\/kasskoer.ee\/en\/wp-json\/wp\/v2\/product\/15149","targetHints":{"allow":["GET"]}}],"collection":[{"href":"https:\/\/kasskoer.ee\/en\/wp-json\/wp\/v2\/product"}],"about":[{"href":"https:\/\/kasskoer.ee\/en\/wp-json\/wp\/v2\/types\/product"}],"wp:featuredmedia":[{"embeddable":true,"href":"https:\/\/kasskoer.ee\/en\/wp-json\/wp\/v2\/media\/14125"}],"wp:attachment":[{"href":"https:\/\/kasskoer.ee\/en\/wp-json\/wp\/v2\/media?parent=15149"}],"wp:term":[{"taxonomy":"product_cat","embeddable":true,"href":"https:\/\/kasskoer.ee\/en\/wp-json\/wp\/v2\/product_cat?post=15149"},{"taxonomy":"product_tag","embeddable":true,"href":"https:\/\/kasskoer.ee\/en\/wp-json\/wp\/v2\/product_tag?post=15149"}],"curies":[{"name":"wp","href":"https:\/\/api.w.org\/{rel}","templated":true}]}}