{"id":15162,"date":"2026-04-20T03:10:13","date_gmt":"2026-04-20T00:10:13","guid":{"rendered":"https:\/\/kasskoer.ee\/product\/barry-king-koiepall-koerale-s-5cm-65g-2\/"},"modified":"2026-04-20T03:10:14","modified_gmt":"2026-04-20T00:10:14","slug":"barry-king-koiepall-koerale-s-5cm-65g","status":"publish","type":"product","link":"https:\/\/kasskoer.ee\/en\/toode\/barry-king-koiepall-koerale-s-5cm-65g\/","title":{"rendered":"Barry King k\u00f6iepall koerale S 5cm 65g"},"content":{"rendered":"<li>Ideaalne hammaste hoolduseks ja igemete masseerimiseks.<\/li>\n<p>&#13;<\/p>\n<li>M\u00e4nguasi pakub aktiivset tegevust ja palju m\u00e4ngur\u00f5\u00f5mu.<\/li>\n","protected":false},"excerpt":{"rendered":"<p>Barry King v\u00e4rviline k\u00f6iepall.<\/p>\n","protected":false},"featured_media":11756,"template":"","meta":[],"product_cat":[1326,688],"product_tag":[],"class_list":{"0":"post-15162","1":"product","2":"type-product","3":"status-publish","4":"has-post-thumbnail","6":"product_cat-koerte-manguasjad","7":"product_cat-koerad","8":"pa_brand-barry-king","9":"pa_ean-1599","10":"pa_kaal-0-050","11":"pa_tootjariik-hiina","13":"first","14":"instock","15":"taxable","16":"shipping-taxable","17":"purchasable","18":"product-type-simple"},"_links":{"self":[{"href":"https:\/\/kasskoer.ee\/en\/wp-json\/wp\/v2\/product\/15162","targetHints":{"allow":["GET"]}}],"collection":[{"href":"https:\/\/kasskoer.ee\/en\/wp-json\/wp\/v2\/product"}],"about":[{"href":"https:\/\/kasskoer.ee\/en\/wp-json\/wp\/v2\/types\/product"}],"wp:featuredmedia":[{"embeddable":true,"href":"https:\/\/kasskoer.ee\/en\/wp-json\/wp\/v2\/media\/11756"}],"wp:attachment":[{"href":"https:\/\/kasskoer.ee\/en\/wp-json\/wp\/v2\/media?parent=15162"}],"wp:term":[{"taxonomy":"product_cat","embeddable":true,"href":"https:\/\/kasskoer.ee\/en\/wp-json\/wp\/v2\/product_cat?post=15162"},{"taxonomy":"product_tag","embeddable":true,"href":"https:\/\/kasskoer.ee\/en\/wp-json\/wp\/v2\/product_tag?post=15162"}],"curies":[{"name":"wp","href":"https:\/\/api.w.org\/{rel}","templated":true}]}}