{"id":15170,"date":"2026-04-20T03:10:13","date_gmt":"2026-04-20T00:10:13","guid":{"rendered":"https:\/\/kasskoer.ee\/product\/barry-king-tugev-beez-pall-koerale-s-5cm\/"},"modified":"2026-04-20T03:10:15","modified_gmt":"2026-04-20T00:10:15","slug":"barry-king-tugev-beez-pall-koerale-s-5cm","status":"publish","type":"product","link":"https:\/\/kasskoer.ee\/en\/toode\/barry-king-tugev-beez-pall-koerale-s-5cm\/","title":{"rendered":"Barry King tugev bee\u017e pall koerale S 5cm"},"content":{"rendered":"<li>Pall on valmistatud v\u00e4ga vastupidavast naturaalsest kummist.<\/li>\n<p>&#13;<\/p>\n<li>Pall sobib ideaalselt nii koeraga m\u00e4ngimiseks kui treenimiseks.<\/li>\n<p>&#13;<\/p>\n<li>Palli \u00fcmberm\u00f5\u00f5t \u2205 5cm.<\/li>\n","protected":false},"excerpt":{"rendered":"<p>Barry King tugevast naturaalsest kummist bee\u017e pall koerale.<\/p>\n","protected":false},"featured_media":15171,"template":"","meta":[],"product_cat":[1326,688],"product_tag":[],"class_list":{"0":"post-15170","1":"product","2":"type-product","3":"status-publish","4":"has-post-thumbnail","6":"product_cat-koerte-manguasjad","7":"product_cat-koerad","8":"pa_brand-barry-king","9":"pa_ean-2756","10":"pa_kaal-0-100","11":"pa_tootjariik-hiina","13":"first","14":"instock","15":"taxable","16":"shipping-taxable","17":"purchasable","18":"product-type-simple"},"_links":{"self":[{"href":"https:\/\/kasskoer.ee\/en\/wp-json\/wp\/v2\/product\/15170","targetHints":{"allow":["GET"]}}],"collection":[{"href":"https:\/\/kasskoer.ee\/en\/wp-json\/wp\/v2\/product"}],"about":[{"href":"https:\/\/kasskoer.ee\/en\/wp-json\/wp\/v2\/types\/product"}],"wp:featuredmedia":[{"embeddable":true,"href":"https:\/\/kasskoer.ee\/en\/wp-json\/wp\/v2\/media\/15171"}],"wp:attachment":[{"href":"https:\/\/kasskoer.ee\/en\/wp-json\/wp\/v2\/media?parent=15170"}],"wp:term":[{"taxonomy":"product_cat","embeddable":true,"href":"https:\/\/kasskoer.ee\/en\/wp-json\/wp\/v2\/product_cat?post=15170"},{"taxonomy":"product_tag","embeddable":true,"href":"https:\/\/kasskoer.ee\/en\/wp-json\/wp\/v2\/product_tag?post=15170"}],"curies":[{"name":"wp","href":"https:\/\/api.w.org\/{rel}","templated":true}]}}