{"id":15181,"date":"2026-04-20T03:10:13","date_gmt":"2026-04-20T00:10:13","guid":{"rendered":"https:\/\/kasskoer.ee\/product\/barry-king-tugev-pall-noori-otsas-sinine-s-85x6cm\/"},"modified":"2026-04-20T03:10:15","modified_gmt":"2026-04-20T00:10:15","slug":"barry-king-tugev-pall-noori-otsas-sinine-s-85x6cm","status":"publish","type":"product","link":"https:\/\/kasskoer.ee\/en\/toode\/barry-king-tugev-pall-noori-otsas-sinine-s-85x6cm\/","title":{"rendered":"Barry King tugev pall n\u00f6\u00f6ri otsas sinine S 8,5x6cm"},"content":{"rendered":"<li>Pallil on mugav ja praktiline k\u00e4epide, et oleks lihtsam m\u00e4nguasja koerale visata v\u00f5i \u00e4ra tuua.<\/li>\n<p>&#13;<\/p>\n<li>Pall on v\u00f5imalik t\u00e4ita maiustega.<\/li>\n<p>&#13;<\/p>\n<li>Palliga m\u00e4ngides masseerib see koera igemeid ja puhastab hambaid.<\/li>\n<p>&#13;<\/p>\n<li>Pall sobib ideaalselt nii koeraga m\u00e4ngimiseks kui treenimiseks.<\/li>\n<p>&#13;<\/p>\n<li>Pall on valmistatud v\u00e4ga vastupidavast naturaalsest kummist.<\/li>\n","protected":false},"excerpt":{"rendered":"<p>Barry King tugevast naturaalsest kummist sinine pall n\u00f6\u00f6ri otsas.<\/p>\n","protected":false},"featured_media":15182,"template":"","meta":[],"product_cat":[1326,688],"product_tag":[],"class_list":{"0":"post-15181","1":"product","2":"type-product","3":"status-publish","4":"has-post-thumbnail","6":"product_cat-koerte-manguasjad","7":"product_cat-koerad","8":"pa_brand-barry-king","9":"pa_ean-2761","10":"pa_kaal-0-120","11":"pa_tootjariik-hiina","13":"first","14":"instock","15":"taxable","16":"shipping-taxable","17":"purchasable","18":"product-type-simple"},"_links":{"self":[{"href":"https:\/\/kasskoer.ee\/en\/wp-json\/wp\/v2\/product\/15181","targetHints":{"allow":["GET"]}}],"collection":[{"href":"https:\/\/kasskoer.ee\/en\/wp-json\/wp\/v2\/product"}],"about":[{"href":"https:\/\/kasskoer.ee\/en\/wp-json\/wp\/v2\/types\/product"}],"wp:featuredmedia":[{"embeddable":true,"href":"https:\/\/kasskoer.ee\/en\/wp-json\/wp\/v2\/media\/15182"}],"wp:attachment":[{"href":"https:\/\/kasskoer.ee\/en\/wp-json\/wp\/v2\/media?parent=15181"}],"wp:term":[{"taxonomy":"product_cat","embeddable":true,"href":"https:\/\/kasskoer.ee\/en\/wp-json\/wp\/v2\/product_cat?post=15181"},{"taxonomy":"product_tag","embeddable":true,"href":"https:\/\/kasskoer.ee\/en\/wp-json\/wp\/v2\/product_tag?post=15181"}],"curies":[{"name":"wp","href":"https:\/\/api.w.org\/{rel}","templated":true}]}}