{"id":15183,"date":"2026-04-21T03:10:31","date_gmt":"2026-04-21T00:10:31","guid":{"rendered":"https:\/\/kasskoer.ee\/product\/barry-king-tugev-beez-maiusepall-l-12-13cm-2\/"},"modified":"2026-04-21T03:10:34","modified_gmt":"2026-04-21T00:10:34","slug":"barry-king-tugev-beez-maiusepall-l-12-13cm","status":"publish","type":"product","link":"https:\/\/kasskoer.ee\/en\/toode\/barry-king-tugev-beez-maiusepall-l-12-13cm\/","title":{"rendered":"Barry King tugev bee\u017e maiusepall L 12-13cm"},"content":{"rendered":"<li>Valmistatud v\u00e4ga tugevast ja vastupidavast looduslikust kummist.<\/li>\n<p>&#13;<\/p>\n<li>M\u00e4nguasja saab t\u00e4ita lihapasta v\u00f5i muude h\u00f5rgutistega.<\/li>\n<p>&#13;<\/p>\n<li>Ideaalne hammaste hoolduseks ja igemete masseerimiseks.<\/li>\n","protected":false},"excerpt":{"rendered":"<p>Barry King tugev ja vastupidav maiusepall koertele, mille saab t\u00e4ita maiuste v\u00f5i pastaga.<\/p>\n","protected":false},"featured_media":11774,"template":"","meta":[],"product_cat":[1326,688],"product_tag":[],"class_list":{"0":"post-15183","1":"product","2":"type-product","3":"status-publish","4":"has-post-thumbnail","6":"product_cat-koerte-manguasjad","7":"product_cat-koerad","8":"pa_brand-barry-king","9":"pa_ean-1496","10":"pa_kaal-0-430","11":"pa_tootjariik-hiina","13":"first","14":"instock","15":"taxable","16":"shipping-taxable","17":"purchasable","18":"product-type-simple"},"_links":{"self":[{"href":"https:\/\/kasskoer.ee\/en\/wp-json\/wp\/v2\/product\/15183","targetHints":{"allow":["GET"]}}],"collection":[{"href":"https:\/\/kasskoer.ee\/en\/wp-json\/wp\/v2\/product"}],"about":[{"href":"https:\/\/kasskoer.ee\/en\/wp-json\/wp\/v2\/types\/product"}],"wp:featuredmedia":[{"embeddable":true,"href":"https:\/\/kasskoer.ee\/en\/wp-json\/wp\/v2\/media\/11774"}],"wp:attachment":[{"href":"https:\/\/kasskoer.ee\/en\/wp-json\/wp\/v2\/media?parent=15183"}],"wp:term":[{"taxonomy":"product_cat","embeddable":true,"href":"https:\/\/kasskoer.ee\/en\/wp-json\/wp\/v2\/product_cat?post=15183"},{"taxonomy":"product_tag","embeddable":true,"href":"https:\/\/kasskoer.ee\/en\/wp-json\/wp\/v2\/product_tag?post=15183"}],"curies":[{"name":"wp","href":"https:\/\/api.w.org\/{rel}","templated":true}]}}