{"id":15188,"date":"2026-04-20T03:10:13","date_gmt":"2026-04-20T00:10:13","guid":{"rendered":"https:\/\/kasskoer.ee\/product\/barry-king-tugevast-materjalist-koeralelu-janes-30cm-2\/"},"modified":"2026-04-20T03:10:15","modified_gmt":"2026-04-20T00:10:15","slug":"barry-king-tugevast-materjalist-koeralelu-janes-30cm","status":"publish","type":"product","link":"https:\/\/kasskoer.ee\/en\/toode\/barry-king-tugevast-materjalist-koeralelu-janes-30cm\/","title":{"rendered":"Barry King tugevast materjalist koeralelu j\u00e4nes 30cm"},"content":{"rendered":"<li>Tugevast materjalist m\u00e4nguasi, mis on vastupidav h\u00f5\u00f5rdumisele ja rebenemisele.<\/li>\n<p>&#13;<\/p>\n<li>Valmistatud looduslikest taaskasutatud materjalidest. <\/li>\n<p>&#13;<\/p>\n<li>M\u00e4nguasi teeb seda vajutades piiksuvat heli. <\/li>\n","protected":false},"excerpt":{"rendered":"<p>Barry King taaskasutatud materjalidest valmistatud vastupidav m\u00e4nguasi koertele.<\/p>\n","protected":false},"featured_media":11780,"template":"","meta":[],"product_cat":[1326,688],"product_tag":[],"class_list":{"0":"post-15188","1":"product","2":"type-product","3":"status-publish","4":"has-post-thumbnail","6":"product_cat-koerte-manguasjad","7":"product_cat-koerad","8":"pa_brand-barry-king","9":"pa_ean-1607","10":"pa_kaal-0-180","11":"pa_tootjariik-hiina","13":"first","14":"outofstock","15":"taxable","16":"shipping-taxable","17":"purchasable","18":"product-type-simple"},"_links":{"self":[{"href":"https:\/\/kasskoer.ee\/en\/wp-json\/wp\/v2\/product\/15188","targetHints":{"allow":["GET"]}}],"collection":[{"href":"https:\/\/kasskoer.ee\/en\/wp-json\/wp\/v2\/product"}],"about":[{"href":"https:\/\/kasskoer.ee\/en\/wp-json\/wp\/v2\/types\/product"}],"wp:featuredmedia":[{"embeddable":true,"href":"https:\/\/kasskoer.ee\/en\/wp-json\/wp\/v2\/media\/11780"}],"wp:attachment":[{"href":"https:\/\/kasskoer.ee\/en\/wp-json\/wp\/v2\/media?parent=15188"}],"wp:term":[{"taxonomy":"product_cat","embeddable":true,"href":"https:\/\/kasskoer.ee\/en\/wp-json\/wp\/v2\/product_cat?post=15188"},{"taxonomy":"product_tag","embeddable":true,"href":"https:\/\/kasskoer.ee\/en\/wp-json\/wp\/v2\/product_tag?post=15188"}],"curies":[{"name":"wp","href":"https:\/\/api.w.org\/{rel}","templated":true}]}}