{"id":15199,"date":"2026-04-20T03:10:15","date_gmt":"2026-04-20T00:10:15","guid":{"rendered":"https:\/\/kasskoer.ee\/product\/barry-king-roosa-narimismanguasi-kutsikatele-xs-95cm-2\/"},"modified":"2026-04-20T03:10:16","modified_gmt":"2026-04-20T00:10:16","slug":"barry-king-roosa-narimismanguasi-kutsikatele-xs-95cm","status":"publish","type":"product","link":"https:\/\/kasskoer.ee\/en\/toode\/barry-king-roosa-narimismanguasi-kutsikatele-xs-95cm\/","title":{"rendered":"Barry King roosa n\u00e4rimism\u00e4nguasi kutsikatele XS 9,5cm"},"content":{"rendered":"<li>Ideaalne hammaste hoolduseks ja igemete masseerimiseks.<\/li>\n<p>&#13;<\/p>\n<li>Valmistatud v\u00e4ga tugevast ja vastupidavast looduslikust kummist.<\/li>\n<p>&#13;<\/p>\n<li>Pakub aktiivset tegevust ja palju m\u00e4ngur\u00f5\u00f5mu.<\/li>\n","protected":false},"excerpt":{"rendered":"<p>Barry King tugev looduslikust kummist valmistatud n\u00e4rimism\u00e4nguasi.<\/p>\n","protected":false},"featured_media":11802,"template":"","meta":[],"product_cat":[1326,688],"product_tag":[],"class_list":{"0":"post-15199","1":"product","2":"type-product","3":"status-publish","4":"has-post-thumbnail","6":"product_cat-koerte-manguasjad","7":"product_cat-koerad","8":"pa_brand-barry-king","9":"pa_ean-1506","10":"pa_kaal-0-040","11":"pa_tootjariik-hiina","13":"first","14":"instock","15":"taxable","16":"shipping-taxable","17":"purchasable","18":"product-type-simple"},"_links":{"self":[{"href":"https:\/\/kasskoer.ee\/en\/wp-json\/wp\/v2\/product\/15199","targetHints":{"allow":["GET"]}}],"collection":[{"href":"https:\/\/kasskoer.ee\/en\/wp-json\/wp\/v2\/product"}],"about":[{"href":"https:\/\/kasskoer.ee\/en\/wp-json\/wp\/v2\/types\/product"}],"wp:featuredmedia":[{"embeddable":true,"href":"https:\/\/kasskoer.ee\/en\/wp-json\/wp\/v2\/media\/11802"}],"wp:attachment":[{"href":"https:\/\/kasskoer.ee\/en\/wp-json\/wp\/v2\/media?parent=15199"}],"wp:term":[{"taxonomy":"product_cat","embeddable":true,"href":"https:\/\/kasskoer.ee\/en\/wp-json\/wp\/v2\/product_cat?post=15199"},{"taxonomy":"product_tag","embeddable":true,"href":"https:\/\/kasskoer.ee\/en\/wp-json\/wp\/v2\/product_tag?post=15199"}],"curies":[{"name":"wp","href":"https:\/\/api.w.org\/{rel}","templated":true}]}}