{"id":15201,"date":"2026-04-20T03:10:15","date_gmt":"2026-04-20T00:10:15","guid":{"rendered":"https:\/\/kasskoer.ee\/product\/barry-king-tugev-must-kummist-rist-koerale-125cm\/"},"modified":"2026-04-20T03:10:16","modified_gmt":"2026-04-20T00:10:16","slug":"barry-king-tugev-must-kummist-rist-koerale-125cm","status":"publish","type":"product","link":"https:\/\/kasskoer.ee\/en\/toode\/barry-king-tugev-must-kummist-rist-koerale-125cm\/","title":{"rendered":"Barry King tugev must kummist rist koerale 12,5cm"},"content":{"rendered":"<li>M\u00e4nguasjal on vahed, mida on v\u00f5imalik t\u00e4ita koera lemmik pastaga.<\/li>\n<p>&#13;<\/p>\n<li>M\u00e4nguasi masseerib sellega m\u00e4ngides koera igemeid ja puhastab hambaid.<\/li>\n<p>&#13;<\/p>\n<li>See sobib ideaalselt nii koeraga m\u00e4ngimiseks kui treenimiseks.<\/li>\n<p>&#13;<\/p>\n<li>M\u00e4nguasi on valmistatud v\u00e4ga vastupidavast naturaalsest kummist.<\/li>\n","protected":false},"excerpt":{"rendered":"<p>Barry King tugevast naturaalsest kummist must rist koerale.<\/p>\n","protected":false},"featured_media":15202,"template":"","meta":[],"product_cat":[1326,688],"product_tag":[],"class_list":{"0":"post-15201","1":"product","2":"type-product","3":"status-publish","4":"has-post-thumbnail","6":"product_cat-koerte-manguasjad","7":"product_cat-koerad","8":"pa_brand-barry-king","9":"pa_ean-2765","10":"pa_kaal-0-350","11":"pa_tootjariik-hiina","13":"first","14":"outofstock","15":"taxable","16":"shipping-taxable","17":"purchasable","18":"product-type-simple"},"_links":{"self":[{"href":"https:\/\/kasskoer.ee\/en\/wp-json\/wp\/v2\/product\/15201","targetHints":{"allow":["GET"]}}],"collection":[{"href":"https:\/\/kasskoer.ee\/en\/wp-json\/wp\/v2\/product"}],"about":[{"href":"https:\/\/kasskoer.ee\/en\/wp-json\/wp\/v2\/types\/product"}],"wp:featuredmedia":[{"embeddable":true,"href":"https:\/\/kasskoer.ee\/en\/wp-json\/wp\/v2\/media\/15202"}],"wp:attachment":[{"href":"https:\/\/kasskoer.ee\/en\/wp-json\/wp\/v2\/media?parent=15201"}],"wp:term":[{"taxonomy":"product_cat","embeddable":true,"href":"https:\/\/kasskoer.ee\/en\/wp-json\/wp\/v2\/product_cat?post=15201"},{"taxonomy":"product_tag","embeddable":true,"href":"https:\/\/kasskoer.ee\/en\/wp-json\/wp\/v2\/product_tag?post=15201"}],"curies":[{"name":"wp","href":"https:\/\/api.w.org\/{rel}","templated":true}]}}