{"id":15220,"date":"2026-04-20T03:10:15","date_gmt":"2026-04-20T00:10:15","guid":{"rendered":"https:\/\/kasskoer.ee\/product\/barry-king-tugev-punane-pall-koerale-l-75cm\/"},"modified":"2026-04-20T03:10:17","modified_gmt":"2026-04-20T00:10:17","slug":"barry-king-tugev-punane-pall-koerale-l-75cm","status":"publish","type":"product","link":"https:\/\/kasskoer.ee\/en\/toode\/barry-king-tugev-punane-pall-koerale-l-75cm\/","title":{"rendered":"Barry King tugev punane pall koerale L 7,5cm"},"content":{"rendered":"<li>Pall on valmistatud v\u00e4ga vastupidavast naturaalsest kummist.<\/li>\n<p>&#13;<\/p>\n<li>Pall sobib ideaalselt nii koeraga m\u00e4ngimiseks kui treenimiseks.<\/li>\n<p>&#13;<\/p>\n<li>Palli \u00fcmberm\u00f5\u00f5t \u2205 6,5cm.<\/li>\n","protected":false},"excerpt":{"rendered":"<p>Barry King tugevast naturaalsest kummist punane pall koerale.<\/p>\n","protected":false},"featured_media":15221,"template":"","meta":[],"product_cat":[1326,688],"product_tag":[],"class_list":{"0":"post-15220","1":"product","2":"type-product","3":"status-publish","4":"has-post-thumbnail","6":"product_cat-koerte-manguasjad","7":"product_cat-koerad","8":"pa_brand-barry-king","9":"pa_ean-2769","10":"pa_kaal-0-300","11":"pa_tootjariik-hiina","13":"first","14":"instock","15":"taxable","16":"shipping-taxable","17":"purchasable","18":"product-type-simple"},"_links":{"self":[{"href":"https:\/\/kasskoer.ee\/en\/wp-json\/wp\/v2\/product\/15220","targetHints":{"allow":["GET"]}}],"collection":[{"href":"https:\/\/kasskoer.ee\/en\/wp-json\/wp\/v2\/product"}],"about":[{"href":"https:\/\/kasskoer.ee\/en\/wp-json\/wp\/v2\/types\/product"}],"wp:featuredmedia":[{"embeddable":true,"href":"https:\/\/kasskoer.ee\/en\/wp-json\/wp\/v2\/media\/15221"}],"wp:attachment":[{"href":"https:\/\/kasskoer.ee\/en\/wp-json\/wp\/v2\/media?parent=15220"}],"wp:term":[{"taxonomy":"product_cat","embeddable":true,"href":"https:\/\/kasskoer.ee\/en\/wp-json\/wp\/v2\/product_cat?post=15220"},{"taxonomy":"product_tag","embeddable":true,"href":"https:\/\/kasskoer.ee\/en\/wp-json\/wp\/v2\/product_tag?post=15220"}],"curies":[{"name":"wp","href":"https:\/\/api.w.org\/{rel}","templated":true}]}}