{"id":15234,"date":"2026-04-20T03:10:15","date_gmt":"2026-04-20T00:10:15","guid":{"rendered":"https:\/\/kasskoer.ee\/product\/barry-king-manguasi-koerale-pehme-rebane-29cm-2\/"},"modified":"2026-04-20T03:10:18","modified_gmt":"2026-04-20T00:10:18","slug":"barry-king-manguasi-koerale-pehme-rebane-29cm","status":"publish","type":"product","link":"https:\/\/kasskoer.ee\/en\/toode\/barry-king-manguasi-koerale-pehme-rebane-29cm\/","title":{"rendered":"Barry King m\u00e4nguasi koerale pehme rebane 29cm"},"content":{"rendered":"<li>M\u00e4nguasi on kerge ja sobib h\u00e4sti nii p\u00fc\u00fcdmiseks kui sikutamis m\u00e4ngudeks.<\/li>\n<p>&#13;<\/p>\n<li>M\u00e4nguasja pikk, kohev saba ja suur pea pakuvad teie lemmikloomale kindlasti huvi.<\/li>\n<p>&#13;<\/p>\n<li>M\u00e4nguasi teeb vajutades piiksuvat heli.<\/li>\n","protected":false},"excerpt":{"rendered":"<p>Barry King pehme ja koheva sabaga pl\u00fc\u00fcsist m\u00e4nguasi koertele.<\/p>\n","protected":false},"featured_media":11852,"template":"","meta":[],"product_cat":[1326,688],"product_tag":[],"class_list":{"0":"post-15234","1":"product","2":"type-product","3":"status-publish","4":"has-post-thumbnail","6":"product_cat-koerte-manguasjad","7":"product_cat-koerad","8":"pa_brand-barry-king","9":"pa_ean-1531","10":"pa_kaal-0-060","11":"pa_tootjariik-hiina","13":"first","14":"instock","15":"taxable","16":"shipping-taxable","17":"purchasable","18":"product-type-simple"},"_links":{"self":[{"href":"https:\/\/kasskoer.ee\/en\/wp-json\/wp\/v2\/product\/15234","targetHints":{"allow":["GET"]}}],"collection":[{"href":"https:\/\/kasskoer.ee\/en\/wp-json\/wp\/v2\/product"}],"about":[{"href":"https:\/\/kasskoer.ee\/en\/wp-json\/wp\/v2\/types\/product"}],"wp:featuredmedia":[{"embeddable":true,"href":"https:\/\/kasskoer.ee\/en\/wp-json\/wp\/v2\/media\/11852"}],"wp:attachment":[{"href":"https:\/\/kasskoer.ee\/en\/wp-json\/wp\/v2\/media?parent=15234"}],"wp:term":[{"taxonomy":"product_cat","embeddable":true,"href":"https:\/\/kasskoer.ee\/en\/wp-json\/wp\/v2\/product_cat?post=15234"},{"taxonomy":"product_tag","embeddable":true,"href":"https:\/\/kasskoer.ee\/en\/wp-json\/wp\/v2\/product_tag?post=15234"}],"curies":[{"name":"wp","href":"https:\/\/api.w.org\/{rel}","templated":true}]}}