{"id":15240,"date":"2026-04-20T03:10:15","date_gmt":"2026-04-20T00:10:15","guid":{"rendered":"https:\/\/kasskoer.ee\/product\/barry-king-dosaatoriga-soogi-jooginou-hall-05l-2\/"},"modified":"2026-04-20T03:10:18","modified_gmt":"2026-04-20T00:10:18","slug":"barry-king-dosaatoriga-soogi-jooginou-hall-05l","status":"publish","type":"product","link":"https:\/\/kasskoer.ee\/en\/toode\/barry-king-dosaatoriga-soogi-jooginou-hall-05l\/","title":{"rendered":"Barry King dosaatoriga s\u00f6\u00f6gi\/joogin\u00f5u hall 0,5L"},"content":{"rendered":"<li>Sobib kassidele ja v\u00e4ikest t\u00f5ugu koertele.<\/li>\n<p>&#13;<\/p>\n<li>Dosaatoril on kaks erinevat ava, \u00fcks vee ja teine kuivtoidu jaoks ning selle pooll\u00e4bipaistev materjal v\u00f5imaldab j\u00e4lgida t\u00e4ituvust.<\/li>\n<p>&#13;<\/p>\n<li>Plastist kausil on libisemisvastased jalad, t\u00e4nu millele kauss seisab stabiilselt ja ei liigu.<\/li>\n<p>&#13;<\/p>\n<li>Dosaatorit saab p\u00e4rast kummist jalgade eemaldamist pesta n\u00f5udepesumasinas.<\/li>\n","protected":false},"excerpt":{"rendered":"<p>Barry King nii toidu kui vee jaoks sobilik dosaatoriga s\u00f6\u00f6gin\u00f5u.<\/p>\n","protected":false},"featured_media":11860,"template":"","meta":[],"product_cat":[1325],"product_tag":[],"class_list":{"0":"post-15240","1":"product","2":"type-product","3":"status-publish","4":"has-post-thumbnail","6":"product_cat-kasside-sooginoud","7":"pa_brand-barry-king","8":"pa_ean-1534","9":"pa_kaal-0-100","10":"pa_tootjariik-hiina","12":"first","13":"instock","14":"taxable","15":"shipping-taxable","16":"purchasable","17":"product-type-simple"},"_links":{"self":[{"href":"https:\/\/kasskoer.ee\/en\/wp-json\/wp\/v2\/product\/15240","targetHints":{"allow":["GET"]}}],"collection":[{"href":"https:\/\/kasskoer.ee\/en\/wp-json\/wp\/v2\/product"}],"about":[{"href":"https:\/\/kasskoer.ee\/en\/wp-json\/wp\/v2\/types\/product"}],"wp:featuredmedia":[{"embeddable":true,"href":"https:\/\/kasskoer.ee\/en\/wp-json\/wp\/v2\/media\/11860"}],"wp:attachment":[{"href":"https:\/\/kasskoer.ee\/en\/wp-json\/wp\/v2\/media?parent=15240"}],"wp:term":[{"taxonomy":"product_cat","embeddable":true,"href":"https:\/\/kasskoer.ee\/en\/wp-json\/wp\/v2\/product_cat?post=15240"},{"taxonomy":"product_tag","embeddable":true,"href":"https:\/\/kasskoer.ee\/en\/wp-json\/wp\/v2\/product_tag?post=15240"}],"curies":[{"name":"wp","href":"https:\/\/api.w.org\/{rel}","templated":true}]}}