{"id":15242,"date":"2026-04-20T03:10:15","date_gmt":"2026-04-20T00:10:15","guid":{"rendered":"https:\/\/kasskoer.ee\/product\/barry-king-pehme-kondikujuline-hall-lelu-koerale-195x11cm-2\/"},"modified":"2026-04-20T03:10:18","modified_gmt":"2026-04-20T00:10:18","slug":"barry-king-pehme-kondikujuline-hall-lelu-koerale-195x11cm","status":"publish","type":"product","link":"https:\/\/kasskoer.ee\/en\/toode\/barry-king-pehme-kondikujuline-hall-lelu-koerale-195x11cm\/","title":{"rendered":"Barry King pehme kondikujuline hall lelu koerale 19,5x11cm"},"content":{"rendered":"<li>M\u00e4nguasi sobib h\u00e4sti kutsikatele ja v\u00e4ikestele koertele.<\/li>\n<p>&#13;<\/p>\n<li>M\u00e4nguasi teeb sellele vajutades piiksuvat heli.<\/li>\n","protected":false},"excerpt":{"rendered":"<p>Barry King pehme m\u00e4nguasi kutsikatele ja v\u00e4ikestele koertele.<\/p>\n","protected":false},"featured_media":11864,"template":"","meta":[],"product_cat":[1326,688],"product_tag":[],"class_list":{"0":"post-15242","1":"product","2":"type-product","3":"status-publish","4":"has-post-thumbnail","6":"product_cat-koerte-manguasjad","7":"product_cat-koerad","8":"pa_brand-barry-king","9":"pa_ean-1611","10":"pa_kaal-0-040","11":"pa_tootjariik-hiina","13":"first","14":"outofstock","15":"taxable","16":"shipping-taxable","17":"purchasable","18":"product-type-simple"},"_links":{"self":[{"href":"https:\/\/kasskoer.ee\/en\/wp-json\/wp\/v2\/product\/15242","targetHints":{"allow":["GET"]}}],"collection":[{"href":"https:\/\/kasskoer.ee\/en\/wp-json\/wp\/v2\/product"}],"about":[{"href":"https:\/\/kasskoer.ee\/en\/wp-json\/wp\/v2\/types\/product"}],"wp:featuredmedia":[{"embeddable":true,"href":"https:\/\/kasskoer.ee\/en\/wp-json\/wp\/v2\/media\/11864"}],"wp:attachment":[{"href":"https:\/\/kasskoer.ee\/en\/wp-json\/wp\/v2\/media?parent=15242"}],"wp:term":[{"taxonomy":"product_cat","embeddable":true,"href":"https:\/\/kasskoer.ee\/en\/wp-json\/wp\/v2\/product_cat?post=15242"},{"taxonomy":"product_tag","embeddable":true,"href":"https:\/\/kasskoer.ee\/en\/wp-json\/wp\/v2\/product_tag?post=15242"}],"curies":[{"name":"wp","href":"https:\/\/api.w.org\/{rel}","templated":true}]}}