{"id":15252,"date":"2026-04-20T03:10:18","date_gmt":"2026-04-20T00:10:18","guid":{"rendered":"https:\/\/kasskoer.ee\/product\/barry-king-pimendas-helendav-kassilelu-roheline-vahk-11x5cm-2\/"},"modified":"2026-04-20T03:10:19","modified_gmt":"2026-04-20T00:10:19","slug":"barry-king-pimendas-helendav-kassilelu-roheline-vahk-11x5cm","status":"publish","type":"product","link":"https:\/\/kasskoer.ee\/en\/toode\/barry-king-pimendas-helendav-kassilelu-roheline-vahk-11x5cm\/","title":{"rendered":"Barry King pimendas helendav kassilelu roheline v\u00e4hk 11x5cm"},"content":{"rendered":"<li>M\u00e4nguasi on pimedas helendav.<\/li>\n<p>&#13;<\/p>\n<li>M\u00e4nguasjal on n\u00f6\u00f6r, t\u00e4nu millele saame seda lihtsalt igas suunas liigutada.<\/li>\n<p>&#13;<\/p>\n<li>Pakub aktiivset tegevust ja palju m\u00e4ngur\u00f5\u00f5mu.<\/li>\n<p>&#13;<\/p>\n<li>M\u00e4nguasi on tugevast ja kvaliteetsest materjalist, mis t\u00e4hendab, et kass naudib toodet pikka aega.<\/li>\n","protected":false},"excerpt":{"rendered":"<p>Barry King v\u00e4hi kujuline pimedas helendav n\u00f6\u00f6riga kassilelu.<\/p>\n","protected":false},"featured_media":11878,"template":"","meta":[],"product_cat":[1321],"product_tag":[],"class_list":{"0":"post-15252","1":"product","2":"type-product","3":"status-publish","4":"has-post-thumbnail","6":"product_cat-kasside-manguasjad","7":"pa_brand-barry-king","8":"pa_ean-1542","9":"pa_kaal-0-020","10":"pa_tootjariik-hiina","12":"first","13":"instock","14":"taxable","15":"shipping-taxable","16":"purchasable","17":"product-type-simple"},"_links":{"self":[{"href":"https:\/\/kasskoer.ee\/en\/wp-json\/wp\/v2\/product\/15252","targetHints":{"allow":["GET"]}}],"collection":[{"href":"https:\/\/kasskoer.ee\/en\/wp-json\/wp\/v2\/product"}],"about":[{"href":"https:\/\/kasskoer.ee\/en\/wp-json\/wp\/v2\/types\/product"}],"wp:featuredmedia":[{"embeddable":true,"href":"https:\/\/kasskoer.ee\/en\/wp-json\/wp\/v2\/media\/11878"}],"wp:attachment":[{"href":"https:\/\/kasskoer.ee\/en\/wp-json\/wp\/v2\/media?parent=15252"}],"wp:term":[{"taxonomy":"product_cat","embeddable":true,"href":"https:\/\/kasskoer.ee\/en\/wp-json\/wp\/v2\/product_cat?post=15252"},{"taxonomy":"product_tag","embeddable":true,"href":"https:\/\/kasskoer.ee\/en\/wp-json\/wp\/v2\/product_tag?post=15252"}],"curies":[{"name":"wp","href":"https:\/\/api.w.org\/{rel}","templated":true}]}}