{"id":15255,"date":"2026-04-20T03:10:18","date_gmt":"2026-04-20T00:10:18","guid":{"rendered":"https:\/\/kasskoer.ee\/product\/barry-king-kassilelu-hall-kala-14x75cm-2\/"},"modified":"2026-04-20T03:10:19","modified_gmt":"2026-04-20T00:10:19","slug":"barry-king-kassilelu-hall-kala-14x75cm","status":"publish","type":"product","link":"https:\/\/kasskoer.ee\/en\/toode\/barry-king-kassilelu-hall-kala-14x75cm\/","title":{"rendered":"Barry King kassilelu hall kala 14&#215;7,5cm"},"content":{"rendered":"<li>M\u00e4nguasi on tugevast ja kvaliteetsest materjalist, mis t\u00e4hendab, et kass naudib toodet pikka aega.<\/li>\n<p>&#13;<\/p>\n<li>M\u00e4nguasi on kerge, nii et ka k\u00f5ige v\u00e4iksemad lemmikloomad saavad sellega l\u00f5busalt hakkama.<\/li>\n<p>&#13;<\/p>\n<li>Pakub aktiivset tegevust ja palju m\u00e4ngur\u00f5\u00f5mu.<\/li>\n","protected":false},"excerpt":{"rendered":"<p>Barry King kala kujuline vastupidavast materjalist kassilelu.<\/p>\n","protected":false},"featured_media":11884,"template":"","meta":[],"product_cat":[1321],"product_tag":[],"class_list":{"0":"post-15255","1":"product","2":"type-product","3":"status-publish","4":"has-post-thumbnail","6":"product_cat-kasside-manguasjad","7":"pa_brand-barry-king","8":"pa_ean-1545","9":"pa_kaal-0-020","10":"pa_tootjariik-hiina","12":"first","13":"instock","14":"taxable","15":"shipping-taxable","16":"purchasable","17":"product-type-simple"},"_links":{"self":[{"href":"https:\/\/kasskoer.ee\/en\/wp-json\/wp\/v2\/product\/15255","targetHints":{"allow":["GET"]}}],"collection":[{"href":"https:\/\/kasskoer.ee\/en\/wp-json\/wp\/v2\/product"}],"about":[{"href":"https:\/\/kasskoer.ee\/en\/wp-json\/wp\/v2\/types\/product"}],"wp:featuredmedia":[{"embeddable":true,"href":"https:\/\/kasskoer.ee\/en\/wp-json\/wp\/v2\/media\/11884"}],"wp:attachment":[{"href":"https:\/\/kasskoer.ee\/en\/wp-json\/wp\/v2\/media?parent=15255"}],"wp:term":[{"taxonomy":"product_cat","embeddable":true,"href":"https:\/\/kasskoer.ee\/en\/wp-json\/wp\/v2\/product_cat?post=15255"},{"taxonomy":"product_tag","embeddable":true,"href":"https:\/\/kasskoer.ee\/en\/wp-json\/wp\/v2\/product_tag?post=15255"}],"curies":[{"name":"wp","href":"https:\/\/api.w.org\/{rel}","templated":true}]}}