{"id":15258,"date":"2026-04-20T03:10:18","date_gmt":"2026-04-20T00:10:18","guid":{"rendered":"https:\/\/kasskoer.ee\/product\/barry-king-tape-rihm-sinine-3m-max-12kg-2\/"},"modified":"2026-04-20T03:10:19","modified_gmt":"2026-04-20T00:10:19","slug":"barry-king-tape-rihm-sinine-3m-max-12kg","status":"publish","type":"product","link":"https:\/\/kasskoer.ee\/en\/toode\/barry-king-tape-rihm-sinine-3m-max-12kg\/","title":{"rendered":"Barry King tape rihm sinine 3m &#8211; max 12kg"},"content":{"rendered":"<li>Jalutusrihm sobib kuni 12kg kaaluvale koerale.<\/li>\n<p>&#13;<\/p>\n<li>Rihma k\u00e4epide sobib ideaalselt omaniku k\u00e4e k\u00fclge.<\/li>\n<p>&#13;<\/p>\n<li>Rihma k\u00fcljes on kroomitud karabiin.<\/li>\n<p>&#13;<\/p>\n<li>Rihmal on nupuga reguleeritavad kolm erinevat asendit: vabalt jooksmine, hetkeline lukustamine ja p\u00fcsiv lukustamine. <\/li>\n","protected":false},"excerpt":{"rendered":"<p>Barry King vastupidav automaatne jalutusrihm.<\/p>\n","protected":false},"featured_media":14267,"template":"","meta":[],"product_cat":[1331],"product_tag":[],"class_list":{"0":"post-15258","1":"product","2":"type-product","3":"status-publish","4":"has-post-thumbnail","6":"product_cat-koerte-rihmad","7":"pa_brand-barry-king","8":"pa_ean-2595","9":"pa_kaal-0-180","10":"pa_tootjariik-hiina","12":"first","13":"instock","14":"taxable","15":"shipping-taxable","16":"purchasable","17":"product-type-simple"},"_links":{"self":[{"href":"https:\/\/kasskoer.ee\/en\/wp-json\/wp\/v2\/product\/15258","targetHints":{"allow":["GET"]}}],"collection":[{"href":"https:\/\/kasskoer.ee\/en\/wp-json\/wp\/v2\/product"}],"about":[{"href":"https:\/\/kasskoer.ee\/en\/wp-json\/wp\/v2\/types\/product"}],"wp:featuredmedia":[{"embeddable":true,"href":"https:\/\/kasskoer.ee\/en\/wp-json\/wp\/v2\/media\/14267"}],"wp:attachment":[{"href":"https:\/\/kasskoer.ee\/en\/wp-json\/wp\/v2\/media?parent=15258"}],"wp:term":[{"taxonomy":"product_cat","embeddable":true,"href":"https:\/\/kasskoer.ee\/en\/wp-json\/wp\/v2\/product_cat?post=15258"},{"taxonomy":"product_tag","embeddable":true,"href":"https:\/\/kasskoer.ee\/en\/wp-json\/wp\/v2\/product_tag?post=15258"}],"curies":[{"name":"wp","href":"https:\/\/api.w.org\/{rel}","templated":true}]}}