{"id":15259,"date":"2026-04-20T03:10:18","date_gmt":"2026-04-20T00:10:18","guid":{"rendered":"https:\/\/kasskoer.ee\/product\/barry-king-koeralelu-elevant-koos-tekiga-70x60cm\/"},"modified":"2026-04-20T03:10:20","modified_gmt":"2026-04-20T00:10:20","slug":"barry-king-koeralelu-elevant-koos-tekiga-70x60cm","status":"publish","type":"product","link":"https:\/\/kasskoer.ee\/en\/toode\/barry-king-koeralelu-elevant-koos-tekiga-70x60cm\/","title":{"rendered":"Barry King koeralelu elevant koos tekiga 70x60cm"},"content":{"rendered":"<li>M\u00e4nguasi on valmistatud pl\u00fc\u00fcsist ja varustatud m\u00f5nusalt pehme tekiga.<\/li>\n<p>&#13;<\/p>\n<li>Suurep\u00e4rane kingiidee lemmikule.<\/li>\n<p>&#13;<br \/>\n<br \/>&#13;<br \/>\n<b>M\u00e4nguasja m\u00f5\u00f5dud<\/b><br \/>&#13;<br \/>\n23x16x23cm<br \/>&#13;<br \/>\n<br \/>&#13;<br \/>\n<b>Teki m\u00f5\u00f5dud<\/b><br \/>&#13;<br \/>\n70x60cm<\/p>\n","protected":false},"excerpt":{"rendered":"<p>Barry King heledates toonides pl\u00fc\u00fcsist koeralelu elevant koos pehme tekiga.<\/p>\n","protected":false},"featured_media":15260,"template":"","meta":[],"product_cat":[1326,688],"product_tag":[],"class_list":{"0":"post-15259","1":"product","2":"type-product","3":"status-publish","4":"has-post-thumbnail","6":"product_cat-koerte-manguasjad","7":"product_cat-koerad","8":"pa_brand-barry-king","9":"pa_ean-2771","10":"pa_kaal-0-230","11":"pa_tootjariik-hiina","13":"first","14":"instock","15":"taxable","16":"shipping-taxable","17":"purchasable","18":"product-type-simple"},"_links":{"self":[{"href":"https:\/\/kasskoer.ee\/en\/wp-json\/wp\/v2\/product\/15259","targetHints":{"allow":["GET"]}}],"collection":[{"href":"https:\/\/kasskoer.ee\/en\/wp-json\/wp\/v2\/product"}],"about":[{"href":"https:\/\/kasskoer.ee\/en\/wp-json\/wp\/v2\/types\/product"}],"wp:featuredmedia":[{"embeddable":true,"href":"https:\/\/kasskoer.ee\/en\/wp-json\/wp\/v2\/media\/15260"}],"wp:attachment":[{"href":"https:\/\/kasskoer.ee\/en\/wp-json\/wp\/v2\/media?parent=15259"}],"wp:term":[{"taxonomy":"product_cat","embeddable":true,"href":"https:\/\/kasskoer.ee\/en\/wp-json\/wp\/v2\/product_cat?post=15259"},{"taxonomy":"product_tag","embeddable":true,"href":"https:\/\/kasskoer.ee\/en\/wp-json\/wp\/v2\/product_tag?post=15259"}],"curies":[{"name":"wp","href":"https:\/\/api.w.org\/{rel}","templated":true}]}}