{"id":15271,"date":"2026-04-20T03:10:18","date_gmt":"2026-04-20T00:10:18","guid":{"rendered":"https:\/\/kasskoer.ee\/product\/barry-king-sulgedega-kassilelu-hall-lilla-4x95cm-2\/"},"modified":"2026-04-20T03:10:20","modified_gmt":"2026-04-20T00:10:20","slug":"barry-king-sulgedega-kassilelu-hall-lilla-4x95cm","status":"publish","type":"product","link":"https:\/\/kasskoer.ee\/en\/toode\/barry-king-sulgedega-kassilelu-hall-lilla-4x95cm\/","title":{"rendered":"Barry King sulgedega kassilelu hall\/lilla 4&#215;9,5cm"},"content":{"rendered":"<li>M\u00e4nguasi on silindri kujuline ja sobib nii veeretamiseks kui viskamiseks.<\/li>\n<p>&#13;<\/p>\n<li>M\u00e4nguasi on kerge, nii et ka k\u00f5ige v\u00e4iksemad lemmikloomad saavad sellega l\u00f5busalt hakkama.<\/li>\n<p>&#13;<\/p>\n<li>Pakub aktiivset tegevust ja palju m\u00e4ngur\u00f5\u00f5mu.<\/li>\n","protected":false},"excerpt":{"rendered":"<p>Barry King silindri kujuline sulgedega kassilelu.<\/p>\n","protected":false},"featured_media":11902,"template":"","meta":[],"product_cat":[1321],"product_tag":[],"class_list":{"0":"post-15271","1":"product","2":"type-product","3":"status-publish","4":"has-post-thumbnail","6":"product_cat-kasside-manguasjad","7":"pa_brand-barry-king","8":"pa_ean-1554","9":"pa_kaal-0-030","10":"pa_tootjariik-hiina","12":"first","13":"instock","14":"taxable","15":"shipping-taxable","16":"purchasable","17":"product-type-simple"},"_links":{"self":[{"href":"https:\/\/kasskoer.ee\/en\/wp-json\/wp\/v2\/product\/15271","targetHints":{"allow":["GET"]}}],"collection":[{"href":"https:\/\/kasskoer.ee\/en\/wp-json\/wp\/v2\/product"}],"about":[{"href":"https:\/\/kasskoer.ee\/en\/wp-json\/wp\/v2\/types\/product"}],"wp:featuredmedia":[{"embeddable":true,"href":"https:\/\/kasskoer.ee\/en\/wp-json\/wp\/v2\/media\/11902"}],"wp:attachment":[{"href":"https:\/\/kasskoer.ee\/en\/wp-json\/wp\/v2\/media?parent=15271"}],"wp:term":[{"taxonomy":"product_cat","embeddable":true,"href":"https:\/\/kasskoer.ee\/en\/wp-json\/wp\/v2\/product_cat?post=15271"},{"taxonomy":"product_tag","embeddable":true,"href":"https:\/\/kasskoer.ee\/en\/wp-json\/wp\/v2\/product_tag?post=15271"}],"curies":[{"name":"wp","href":"https:\/\/api.w.org\/{rel}","templated":true}]}}