{"id":15277,"date":"2026-04-20T03:10:18","date_gmt":"2026-04-20T00:10:18","guid":{"rendered":"https:\/\/kasskoer.ee\/product\/barry-king-puidust-ong-kassile-halli-kalaga-10x65cm-2\/"},"modified":"2026-04-20T03:10:20","modified_gmt":"2026-04-20T00:10:20","slug":"barry-king-puidust-ong-kassile-halli-kalaga-10x65cm","status":"publish","type":"product","link":"https:\/\/kasskoer.ee\/en\/toode\/barry-king-puidust-ong-kassile-halli-kalaga-10x65cm\/","title":{"rendered":"Barry King puidust \u00f5ng kassile halli kalaga 10&#215;6,5cm"},"content":{"rendered":"<li>M\u00e4nguasi, mis stimuleerib kassi loomulikku uudishimu ja m\u00e4ngulusti.<\/li>\n<p>&#13;<\/p>\n<li>Puidust \u00f5nge otsas on tugev vastupidavast materjalist valmistatud kala.<\/li>\n","protected":false},"excerpt":{"rendered":"<p>Barry King puidust kassi\u00f5ng tugevast materjalist kalaga.<\/p>\n","protected":false},"featured_media":11914,"template":"","meta":[],"product_cat":[1321],"product_tag":[],"class_list":{"0":"post-15277","1":"product","2":"type-product","3":"status-publish","4":"has-post-thumbnail","6":"product_cat-kasside-manguasjad","7":"pa_brand-barry-king","8":"pa_ean-1560","9":"pa_kaal-0-040","10":"pa_tootjariik-hiina","12":"first","13":"instock","14":"taxable","15":"shipping-taxable","16":"purchasable","17":"product-type-simple"},"_links":{"self":[{"href":"https:\/\/kasskoer.ee\/en\/wp-json\/wp\/v2\/product\/15277","targetHints":{"allow":["GET"]}}],"collection":[{"href":"https:\/\/kasskoer.ee\/en\/wp-json\/wp\/v2\/product"}],"about":[{"href":"https:\/\/kasskoer.ee\/en\/wp-json\/wp\/v2\/types\/product"}],"wp:featuredmedia":[{"embeddable":true,"href":"https:\/\/kasskoer.ee\/en\/wp-json\/wp\/v2\/media\/11914"}],"wp:attachment":[{"href":"https:\/\/kasskoer.ee\/en\/wp-json\/wp\/v2\/media?parent=15277"}],"wp:term":[{"taxonomy":"product_cat","embeddable":true,"href":"https:\/\/kasskoer.ee\/en\/wp-json\/wp\/v2\/product_cat?post=15277"},{"taxonomy":"product_tag","embeddable":true,"href":"https:\/\/kasskoer.ee\/en\/wp-json\/wp\/v2\/product_tag?post=15277"}],"curies":[{"name":"wp","href":"https:\/\/api.w.org\/{rel}","templated":true}]}}