{"id":15279,"date":"2026-04-20T03:10:18","date_gmt":"2026-04-20T00:10:18","guid":{"rendered":"https:\/\/kasskoer.ee\/product\/barry-king-metallkauss-kummiaarega-038l-2\/"},"modified":"2026-04-20T03:10:21","modified_gmt":"2026-04-20T00:10:21","slug":"barry-king-metallkauss-kummiaarega-038l","status":"publish","type":"product","link":"https:\/\/kasskoer.ee\/en\/toode\/barry-king-metallkauss-kummiaarega-038l\/","title":{"rendered":"Barry King metallkauss kummi\u00e4\u00e4rega 0,38L"},"content":{"rendered":"<li>Kauss on n\u00f5udepesumasinas pestav.<\/li>\n<p>&#13;<\/p>\n<li>Kausil on libisemisvastane kummi\u00e4\u00e4rega p\u00f5hi.<\/li>\n","protected":false},"excerpt":{"rendered":"<p>Barry King koerte s\u00f6\u00f6gin\u00f5u kummist alusega.<\/p>\n","protected":false},"featured_media":11918,"template":"","meta":[],"product_cat":[1319],"product_tag":[],"class_list":{"0":"post-15279","1":"product","2":"type-product","3":"status-publish","4":"has-post-thumbnail","6":"product_cat-koerte-sooginoud","7":"pa_brand-barry-king","8":"pa_ean-1562","9":"pa_kaal-0-100","10":"pa_tootjariik-india","12":"first","13":"instock","14":"taxable","15":"shipping-taxable","16":"purchasable","17":"product-type-simple"},"_links":{"self":[{"href":"https:\/\/kasskoer.ee\/en\/wp-json\/wp\/v2\/product\/15279","targetHints":{"allow":["GET"]}}],"collection":[{"href":"https:\/\/kasskoer.ee\/en\/wp-json\/wp\/v2\/product"}],"about":[{"href":"https:\/\/kasskoer.ee\/en\/wp-json\/wp\/v2\/types\/product"}],"wp:featuredmedia":[{"embeddable":true,"href":"https:\/\/kasskoer.ee\/en\/wp-json\/wp\/v2\/media\/11918"}],"wp:attachment":[{"href":"https:\/\/kasskoer.ee\/en\/wp-json\/wp\/v2\/media?parent=15279"}],"wp:term":[{"taxonomy":"product_cat","embeddable":true,"href":"https:\/\/kasskoer.ee\/en\/wp-json\/wp\/v2\/product_cat?post=15279"},{"taxonomy":"product_tag","embeddable":true,"href":"https:\/\/kasskoer.ee\/en\/wp-json\/wp\/v2\/product_tag?post=15279"}],"curies":[{"name":"wp","href":"https:\/\/api.w.org\/{rel}","templated":true}]}}