{"id":15284,"date":"2026-04-20T03:10:18","date_gmt":"2026-04-20T00:10:18","guid":{"rendered":"https:\/\/kasskoer.ee\/product\/barry-king-kassitualett-nurka-roomy-54x385x38cm-2\/"},"modified":"2026-04-20T03:10:21","modified_gmt":"2026-04-20T00:10:21","slug":"barry-king-kassitualett-nurka-roomy-54x385x38cm","status":"publish","type":"product","link":"https:\/\/kasskoer.ee\/en\/toode\/barry-king-kassitualett-nurka-roomy-54x385x38cm\/","title":{"rendered":"Barry King kassitualett nurka Roomy 54&#215;38,5x38cm"},"content":{"rendered":"<li>Liivakastil on vahetatav aktiivs\u00f6ega filter, mis aitab neutraliseerida ebameeldivaid l\u00f5hnasid.<\/li>\n<p>&#13;<\/p>\n<li>K\u00e4epide ja liivakasti tagak\u00fcljele kinnitatud kassiliivak\u00fchvel muudavad selle ka v\u00e4ga mugavalt transporditavaks.<\/li>\n<p>&#13;<br \/>\n<br \/>&#13;<br \/>\n<b>M\u00f5\u00f5tmed<\/b><br \/>&#13;<br \/>\n54&#215;38,5x38cm<\/p>\n","protected":false},"excerpt":{"rendered":"<p>Barry King pruuni v\u00e4rvi kinnine liivakast kassile.<\/p>\n","protected":false},"featured_media":14252,"template":"","meta":[],"product_cat":[692,1001],"product_tag":[],"class_list":{"0":"post-15284","1":"product","2":"type-product","3":"status-publish","4":"has-post-thumbnail","6":"product_cat-lemmikutele-lisaks","7":"product_cat-tualetid","8":"pa_brand-barry-king","9":"pa_ean-2588","10":"pa_kaal-1-000","11":"pa_tootjariik-itaalia","13":"first","14":"outofstock","15":"taxable","16":"shipping-taxable","17":"purchasable","18":"product-type-simple"},"_links":{"self":[{"href":"https:\/\/kasskoer.ee\/en\/wp-json\/wp\/v2\/product\/15284","targetHints":{"allow":["GET"]}}],"collection":[{"href":"https:\/\/kasskoer.ee\/en\/wp-json\/wp\/v2\/product"}],"about":[{"href":"https:\/\/kasskoer.ee\/en\/wp-json\/wp\/v2\/types\/product"}],"wp:featuredmedia":[{"embeddable":true,"href":"https:\/\/kasskoer.ee\/en\/wp-json\/wp\/v2\/media\/14252"}],"wp:attachment":[{"href":"https:\/\/kasskoer.ee\/en\/wp-json\/wp\/v2\/media?parent=15284"}],"wp:term":[{"taxonomy":"product_cat","embeddable":true,"href":"https:\/\/kasskoer.ee\/en\/wp-json\/wp\/v2\/product_cat?post=15284"},{"taxonomy":"product_tag","embeddable":true,"href":"https:\/\/kasskoer.ee\/en\/wp-json\/wp\/v2\/product_tag?post=15284"}],"curies":[{"name":"wp","href":"https:\/\/api.w.org\/{rel}","templated":true}]}}