{"id":15286,"date":"2026-04-20T03:10:18","date_gmt":"2026-04-20T00:10:18","guid":{"rendered":"https:\/\/kasskoer.ee\/product\/barry-king-sinine-kingitusekomplekt-koerale-5in1-2\/"},"modified":"2026-04-20T03:10:21","modified_gmt":"2026-04-20T00:10:21","slug":"barry-king-sinine-kingitusekomplekt-koerale-5in1","status":"publish","type":"product","link":"https:\/\/kasskoer.ee\/en\/toode\/barry-king-sinine-kingitusekomplekt-koerale-5in1\/","title":{"rendered":"Barry King sinine kingitusekomplekt koerale 5in1"},"content":{"rendered":"<p>Komplekt koosneb viiest m\u00e4nguasjast:&#13;<\/p>\n<li>Sinine pl\u00fc\u00fcsist notsu heliga<\/li>\n<p>&#13;<\/p>\n<li>Sinine n\u00f6\u00f6rist pall<\/li>\n<p>&#13;<\/p>\n<li>S\u00fcdamekujuline heliga vin\u00fc\u00fclpulgakomm<\/li>\n<p>&#13;<\/p>\n<li>Sinine vin\u00fc\u00fclkaktus heliga<\/li>\n<p>&#13;<\/p>\n<li>Sinine pehmest pl\u00fc\u00fcsist pall heliga<\/li>\n","protected":false},"excerpt":{"rendered":"<p>Barry King armas komplekt viiest sinisest m\u00e4nguasjast kutsikatele v\u00f5i v\u00e4ikestele koertele.<\/p>\n","protected":false},"featured_media":11928,"template":"","meta":[],"product_cat":[1326,688],"product_tag":[],"class_list":{"0":"post-15286","1":"product","2":"type-product","3":"status-publish","4":"has-post-thumbnail","6":"product_cat-koerte-manguasjad","7":"product_cat-koerad","8":"pa_brand-barry-king","9":"pa_ean-1567","10":"pa_kaal-0-430","11":"pa_tootjariik-hiina","13":"first","14":"instock","15":"taxable","16":"shipping-taxable","17":"purchasable","18":"product-type-simple"},"_links":{"self":[{"href":"https:\/\/kasskoer.ee\/en\/wp-json\/wp\/v2\/product\/15286","targetHints":{"allow":["GET"]}}],"collection":[{"href":"https:\/\/kasskoer.ee\/en\/wp-json\/wp\/v2\/product"}],"about":[{"href":"https:\/\/kasskoer.ee\/en\/wp-json\/wp\/v2\/types\/product"}],"wp:featuredmedia":[{"embeddable":true,"href":"https:\/\/kasskoer.ee\/en\/wp-json\/wp\/v2\/media\/11928"}],"wp:attachment":[{"href":"https:\/\/kasskoer.ee\/en\/wp-json\/wp\/v2\/media?parent=15286"}],"wp:term":[{"taxonomy":"product_cat","embeddable":true,"href":"https:\/\/kasskoer.ee\/en\/wp-json\/wp\/v2\/product_cat?post=15286"},{"taxonomy":"product_tag","embeddable":true,"href":"https:\/\/kasskoer.ee\/en\/wp-json\/wp\/v2\/product_tag?post=15286"}],"curies":[{"name":"wp","href":"https:\/\/api.w.org\/{rel}","templated":true}]}}