{"id":15300,"date":"2026-04-20T03:10:21","date_gmt":"2026-04-20T00:10:21","guid":{"rendered":"https:\/\/kasskoer.ee\/product\/barry-king-koielelu-solmedega-42cm-2\/"},"modified":"2026-04-20T03:10:22","modified_gmt":"2026-04-20T00:10:22","slug":"barry-king-koielelu-solmedega-42cm","status":"publish","type":"product","link":"https:\/\/kasskoer.ee\/en\/toode\/barry-king-koielelu-solmedega-42cm\/","title":{"rendered":"Barry King k\u00f6ielelu s\u00f5lmedega 42cm"},"content":{"rendered":"<p>Barry King palju r\u00f5\u00f5mu pakkuv s\u00f5lmedega k\u00f6ielelu koertele.&#13;<\/p>\n<li>M\u00e4nguasi, mis on ideaalseks abivahendiks treeningu ajal.<\/li>\n<p>&#13;<\/p>\n<li>M\u00e4nguasi aitab puhastada hambaid ja masseerib igemeid.<\/li>\n","protected":false},"excerpt":{"rendered":"<p>Barry King s\u00f5lmedega k\u00f6ielelu koerale.<\/p>\n","protected":false},"featured_media":11944,"template":"","meta":[],"product_cat":[1326,688],"product_tag":[],"class_list":{"0":"post-15300","1":"product","2":"type-product","3":"status-publish","4":"has-post-thumbnail","6":"product_cat-koerte-manguasjad","7":"product_cat-koerad","8":"pa_brand-barry-king","9":"pa_ean-1574","10":"pa_kaal-0-165","11":"pa_tootjariik-hiina","13":"first","14":"outofstock","15":"taxable","16":"shipping-taxable","17":"purchasable","18":"product-type-simple"},"_links":{"self":[{"href":"https:\/\/kasskoer.ee\/en\/wp-json\/wp\/v2\/product\/15300","targetHints":{"allow":["GET"]}}],"collection":[{"href":"https:\/\/kasskoer.ee\/en\/wp-json\/wp\/v2\/product"}],"about":[{"href":"https:\/\/kasskoer.ee\/en\/wp-json\/wp\/v2\/types\/product"}],"wp:featuredmedia":[{"embeddable":true,"href":"https:\/\/kasskoer.ee\/en\/wp-json\/wp\/v2\/media\/11944"}],"wp:attachment":[{"href":"https:\/\/kasskoer.ee\/en\/wp-json\/wp\/v2\/media?parent=15300"}],"wp:term":[{"taxonomy":"product_cat","embeddable":true,"href":"https:\/\/kasskoer.ee\/en\/wp-json\/wp\/v2\/product_cat?post=15300"},{"taxonomy":"product_tag","embeddable":true,"href":"https:\/\/kasskoer.ee\/en\/wp-json\/wp\/v2\/product_tag?post=15300"}],"curies":[{"name":"wp","href":"https:\/\/api.w.org\/{rel}","templated":true}]}}