{"id":15304,"date":"2026-04-20T03:10:21","date_gmt":"2026-04-20T00:10:21","guid":{"rendered":"https:\/\/kasskoer.ee\/product\/barry-king-rohupustol-lemmikloomale-2\/"},"modified":"2026-04-20T03:10:22","modified_gmt":"2026-04-20T00:10:22","slug":"barry-king-rohupustol-lemmikloomale","status":"publish","type":"product","link":"https:\/\/kasskoer.ee\/en\/toode\/barry-king-rohupustol-lemmikloomale\/","title":{"rendered":"Barry King rohup\u00fcstol lemmikloomale"},"content":{"rendered":"<p>Barry King rohup\u00fcstol ravimite manustamiseks.<br \/>&#13;<br \/>\n<br \/>&#13;<br \/>\n<b>Kasutamine<\/b><br \/> &#13;<\/p>\n<li>Eemaldage kolb, sisestage ravim torusse ja paigaldage kolb tagasi.<\/li>\n<p>&#13;<\/p>\n<li>Asetage nimetis- ja keskmine s\u00f5rm toru \u00fclaosas oleva krae alla.<\/li>\n<p>&#13;<\/p>\n<li>Avage oma lemmiku suu \u00fche k\u00e4ega rakendades s\u00f5rmedega survet l\u00f5ualuu m\u00f5lemale k\u00fcljele.<\/li>\n<p>&#13;<\/p>\n<li>Sisestage ravimite manustamisseade \u00fcle keele ja asetage see keele p\u00f5hja poole. Soovitud ravimi manustamiseks vajutage kolbi.<\/li>\n<p>&#13;<\/p>\n<li>L\u00f5petuseks loputage rohup\u00fcstol veega ja kuivatage \u00f5hu k\u00e4es.<\/li>\n","protected":false},"excerpt":{"rendered":"<p>Barry King rohup\u00fcstol ravimite h\u00f5lbsaks suukaudseks manustamiseks.<\/p>\n","protected":false},"featured_media":11952,"template":"","meta":[],"product_cat":[688,365],"product_tag":[],"class_list":{"0":"post-15304","1":"product","2":"type-product","3":"status-publish","4":"has-post-thumbnail","6":"product_cat-koerad","7":"product_cat-koerte-tarvikud","8":"pa_brand-barry-king","9":"pa_ean-1578","10":"pa_kaal-0-020","11":"pa_tootjariik-hiina","13":"first","14":"instock","15":"taxable","16":"shipping-taxable","17":"purchasable","18":"product-type-simple"},"_links":{"self":[{"href":"https:\/\/kasskoer.ee\/en\/wp-json\/wp\/v2\/product\/15304","targetHints":{"allow":["GET"]}}],"collection":[{"href":"https:\/\/kasskoer.ee\/en\/wp-json\/wp\/v2\/product"}],"about":[{"href":"https:\/\/kasskoer.ee\/en\/wp-json\/wp\/v2\/types\/product"}],"wp:featuredmedia":[{"embeddable":true,"href":"https:\/\/kasskoer.ee\/en\/wp-json\/wp\/v2\/media\/11952"}],"wp:attachment":[{"href":"https:\/\/kasskoer.ee\/en\/wp-json\/wp\/v2\/media?parent=15304"}],"wp:term":[{"taxonomy":"product_cat","embeddable":true,"href":"https:\/\/kasskoer.ee\/en\/wp-json\/wp\/v2\/product_cat?post=15304"},{"taxonomy":"product_tag","embeddable":true,"href":"https:\/\/kasskoer.ee\/en\/wp-json\/wp\/v2\/product_tag?post=15304"}],"curies":[{"name":"wp","href":"https:\/\/api.w.org\/{rel}","templated":true}]}}