{"id":15305,"date":"2026-04-20T03:10:21","date_gmt":"2026-04-20T00:10:21","guid":{"rendered":"https:\/\/kasskoer.ee\/product\/barry-king-metallik-statiivil-2-kaussi-47l-2\/"},"modified":"2026-04-20T03:10:22","modified_gmt":"2026-04-20T00:10:22","slug":"barry-king-metallik-statiivil-2-kaussi-47l","status":"publish","type":"product","link":"https:\/\/kasskoer.ee\/en\/toode\/barry-king-metallik-statiivil-2-kaussi-47l\/","title":{"rendered":"Barry King metallik statiivil 2 kaussi 4,7L"},"content":{"rendered":"<li>Kausid on roostevabast terasest.<\/li>\n<p>&#13;<\/p>\n<li>Statiivil on libisemisvastased jalad.<\/li>\n<p>&#13;<\/p>\n<li>Kausside k\u00f5rgus on statiivil reguleeritav.<\/li>\n<p>&#13;<br \/>\n&#13;<br \/>\n<br \/><b>Kausi m\u00f5\u00f5dud<\/b><br \/> 29x10cm 4,7L<\/p>\n","protected":false},"excerpt":{"rendered":"<p>Barry King kaks s\u00f6\u00f6gin\u00f5ud metallik statiivil.<\/p>\n","protected":false},"featured_media":11954,"template":"","meta":[],"product_cat":[1319],"product_tag":[],"class_list":{"0":"post-15305","1":"product","2":"type-product","3":"status-publish","4":"has-post-thumbnail","6":"product_cat-koerte-sooginoud","7":"pa_brand-barry-king","8":"pa_ean-1613","9":"pa_kaal-1-900","10":"pa_tootjariik-hiina","12":"first","13":"outofstock","14":"taxable","15":"shipping-taxable","16":"purchasable","17":"product-type-simple"},"_links":{"self":[{"href":"https:\/\/kasskoer.ee\/en\/wp-json\/wp\/v2\/product\/15305","targetHints":{"allow":["GET"]}}],"collection":[{"href":"https:\/\/kasskoer.ee\/en\/wp-json\/wp\/v2\/product"}],"about":[{"href":"https:\/\/kasskoer.ee\/en\/wp-json\/wp\/v2\/types\/product"}],"wp:featuredmedia":[{"embeddable":true,"href":"https:\/\/kasskoer.ee\/en\/wp-json\/wp\/v2\/media\/11954"}],"wp:attachment":[{"href":"https:\/\/kasskoer.ee\/en\/wp-json\/wp\/v2\/media?parent=15305"}],"wp:term":[{"taxonomy":"product_cat","embeddable":true,"href":"https:\/\/kasskoer.ee\/en\/wp-json\/wp\/v2\/product_cat?post=15305"},{"taxonomy":"product_tag","embeddable":true,"href":"https:\/\/kasskoer.ee\/en\/wp-json\/wp\/v2\/product_tag?post=15305"}],"curies":[{"name":"wp","href":"https:\/\/api.w.org\/{rel}","templated":true}]}}