{"id":15310,"date":"2026-04-20T03:10:21","date_gmt":"2026-04-20T00:10:21","guid":{"rendered":"https:\/\/kasskoer.ee\/product\/carnilove-true-fresh-cat-turkey-kassitoit-48kg-2\/"},"modified":"2026-04-20T03:10:23","modified_gmt":"2026-04-20T00:10:23","slug":"carnilove-true-fresh-cat-turkey-kassitoit-48kg","status":"publish","type":"product","link":"https:\/\/kasskoer.ee\/en\/toode\/carnilove-true-fresh-cat-turkey-kassitoit-48kg\/","title":{"rendered":"Carnilove True Fresh Cat Turkey kassitoit 4,8kg"},"content":{"rendered":"<p>Carnilove True Fresh Cat Turkey kassitoit. &#13;<\/p>\n<li>Valmistatud v\u00e4rskest lihast ilma lihajahusid kasutamata. <\/li>\n<p>&#13;<\/p>\n<li>Ei sisalda teravilja ega kartuleid. <\/li>\n<p>&#13;<\/p>\n<li>V\u00e4rske liha koos pohlade, astelpaju ja mustikatega aitab hoida uriini pH-v\u00e4\u00e4rtust optimaalsena ja kuseteid tervena. <\/li>\n<p>&#13;<\/p>\n<li>Sisaldab oomega-3 rasvhappeid, mis on t\u00e4htsad terve naha, l\u00e4ikiva karvkatte ning aju ja s\u00fcdame normaalse talituse jaoks. <\/li>\n<p>&#13;<\/p>\n<li>Sisaldab A-, B-, B2-, C-vitamiine ja rikkalikult tsinki. <\/li>\n<p>&#13;<\/p>\n<li>Sisaldab kiudaineid ja L-karnitiini, mis on suurep\u00e4rased abilised kasside kehakaalu reguleerimisel. <\/li>\n<p>&#13;<\/p>\n<li>V\u00e4rske kalkuniliha \u2013 kergelt seeditav ja v\u00e4ga maitsev dieetvalk.<\/li>\n<p>&#13;<\/p>\n<li>Vastupandamatu maitse. <\/li>\n<p>&#13;<br \/>\n<br \/>&#13;<br \/>\n<b>Koostis<\/b><br \/>&#13;<br \/>\nV\u00e4rske kalkun (70%), herneproteiin, punased l\u00e4\u00e4tsed, tatar (4%), looduslikud maitseained, kanarasv, l\u00f5he\u00f5li (1%), naatriumkloriid, kaaliumkloriid, kuivatatud pruunvetikas (Ascophyllum nodosum, 0,5%), lemmeli proteiin (Lemna) (0,5%), hernejahu, kuivatatud astelpaju (0,2%), kuivatatud ingverijuur (0,1%), kuivatatud mustikad (0,1%), kuivatatud rosmariin (0,1%), kuivatatud j\u00f5hvikas (vaccinium oxycoccos) (0,1%), kuivatatud t\u00fc\u00fcmian (0,1%), \u00f5llep\u00e4rm (mannani-oligosahhariidide allikas, 0,015%), sigurijuur (fruktooligosahhariidide allikas, 0,015%), Mojave yucca (0,008%).<br \/>&#13;<br \/>\n<br \/>&#13;<br \/>\n<b>Toitainelised lisandid 1KG kohta<\/b><br \/>&#13;<br \/>\nVitamiin A (3a672a) 20000 R\u00dc, vitamiin D3 (3a671) 800 R\u00dc, vitamiin E (3a700) 600 mg, vitamiin C (3a312) 300 mg, tauriin (3a370) 2500 mg, koliinkloriid (3a890) 3000 mg, L-karnitiin (3a910) 100 mg, biotiin (3a880) 2 mg, niatsiinamiid (3a315) 50 mg, jood (3b201) 4 mg, tsink (3b606) 120 mg, mangaan (3b504) 55 mg, vask (3b406) 10 mg, raud (3b106) 45 mg, seleen (3b810) 0,2 mg, L-metioniin (3c305) 5000 mg. Sisaldab EL-i poolt heakskiidetud antioks\u00fcdante: taime\u00f5lide tokoferooliekstrakte (1b306 (i)), askorb\u00fc\u00fclpalmitaati (1b304) ja rosmariiniekstrakti.<br \/>&#13;<br \/>\n<br \/>&#13;<br \/>\n<b>Anal\u00fc\u00fctilised koostisosad<\/b><br \/>&#13;<br \/>\nToorproteiin 34,0%, toorrasv 13,0%, niiskus 10,0%, toortuhk 9,5%, toorkiud 4,0%, kaltsium 1,1%, fosfor 0,8%, naatrium 1,1%, magneesium 0,04%, oomega-3 rasvhapped 0,4%, oomega-6 rasvhapped 1,5%, EPA (eikosapentaeenhape) (20:5 n-3) 0,15%, DHA (dokosaheksaeenhape) (22:6 n-3) 0,2%.<br \/>&#13;<br \/>\n<br \/>&#13;<br \/>\n<b>Metaboliseeruv energia<\/b><br \/>&#13;<br \/>\n3560 kcal\/kg<\/p>\n","protected":false},"excerpt":{"rendered":"<p>Carnilove True Fresh kalkuniga teravilja- ja kartulivaba t\u00e4iss\u00f6\u00f6t t\u00e4iskasvanud ja steriliseeritud kassidele.<\/p>\n","protected":false},"featured_media":11964,"template":"","meta":[],"product_cat":[689,75],"product_tag":[],"class_list":{"0":"post-15310","1":"product","2":"type-product","3":"status-publish","4":"has-post-thumbnail","6":"product_cat-kassid","7":"product_cat-kassitoit","8":"pa_brand-carnilove","9":"pa_ean-1379","10":"pa_kaal-4-800","11":"pa_tootjariik-tsehhi","13":"first","14":"instock","15":"taxable","16":"shipping-taxable","17":"purchasable","18":"product-type-simple"},"_links":{"self":[{"href":"https:\/\/kasskoer.ee\/en\/wp-json\/wp\/v2\/product\/15310","targetHints":{"allow":["GET"]}}],"collection":[{"href":"https:\/\/kasskoer.ee\/en\/wp-json\/wp\/v2\/product"}],"about":[{"href":"https:\/\/kasskoer.ee\/en\/wp-json\/wp\/v2\/types\/product"}],"wp:featuredmedia":[{"embeddable":true,"href":"https:\/\/kasskoer.ee\/en\/wp-json\/wp\/v2\/media\/11964"}],"wp:attachment":[{"href":"https:\/\/kasskoer.ee\/en\/wp-json\/wp\/v2\/media?parent=15310"}],"wp:term":[{"taxonomy":"product_cat","embeddable":true,"href":"https:\/\/kasskoer.ee\/en\/wp-json\/wp\/v2\/product_cat?post=15310"},{"taxonomy":"product_tag","embeddable":true,"href":"https:\/\/kasskoer.ee\/en\/wp-json\/wp\/v2\/product_tag?post=15310"}],"curies":[{"name":"wp","href":"https:\/\/api.w.org\/{rel}","templated":true}]}}