{"id":15314,"date":"2026-04-20T03:10:21","date_gmt":"2026-04-20T00:10:21","guid":{"rendered":"https:\/\/kasskoer.ee\/product\/nutribest-activity-chicken-and-rice-koeratoit-15kg-2\/"},"modified":"2026-04-20T03:10:23","modified_gmt":"2026-04-20T00:10:23","slug":"nutribest-activity-chicken-rice-koeratoit-15kg","status":"publish","type":"product","link":"https:\/\/kasskoer.ee\/en\/toode\/nutribest-activity-chicken-rice-koeratoit-15kg\/","title":{"rendered":"Nutribest Activity Chicken &#038; Rice koeratoit 15kg"},"content":{"rendered":"<p><b>Nutribest kana ja riisiga t\u00e4iss\u00f6\u00f6t igat t\u00f5ugu t\u00e4iskasvanud koertele, kes tegelevad intensiivse f\u00fc\u00fcsilise tegevusega v\u00f5i on tihti k\u00fclma k\u00e4es.<\/b>&#13;<\/p>\n<li>Suurem valgu- ja energiasisaldus, mis aitab t\u00f5sta f\u00fc\u00fcsilist vastupidavust ning kaitseb v\u00f5imalike vigastuste v\u00f5i liigse v\u00e4simuse eest.<\/li>\n<p>&#13;<\/p>\n<li>Liha esimese koostisosana (30%) &#8211; liha valgud sisaldavad organismile vajalikke aminohappeid.<\/li>\n<p>&#13;<\/p>\n<li>Sisaldab merevetikaid &#8211; looduslik vitamiinide ja mineraalide allikas.<\/li>\n<p>&#13;<\/p>\n<li>A- ja E- vitamiinid koos mikroelementidega vask ja seleen on tugeva immuunsuss\u00fcsteemi toetamiseks h\u00e4davajalikud.<\/li>\n<p>&#13;<\/p>\n<li>B-r\u00fchma vitamiinide rikas \u00f5llep\u00e4rm aitab reguleerida ainevahetust ja veresuhkru tootmist, et suurendada Teie koera energiat ja eluj\u00f5udu.<\/li>\n<p>&#13;<\/p>\n<li>L\u00f5he\u00f5list saadavad rasvhapped toetavad tervet nahka ja karva ning aju t\u00f6\u00f6d.<\/li>\n<p>&#13;<\/p>\n<li>Peedipulp &#8211; h\u00e4sti seeduvate kiudainete ja taimsete valkude allikas.<\/li>\n<p>&#13;<\/p>\n<li>Ei sisalda s\u00e4ilitusaineid, soja ega GMO-sid.<\/li>\n<p>&#13;<br \/>\n<br \/>&#13;<br \/>\n<b>Koostis<\/b><br \/>&#13;<br \/>\nDeh\u00fcdreeritud liha (24%), nisu, mais, nisukliid, \u00f5llep\u00e4rm, loomarasv, deh\u00fcdreeritud kanaliha (6%), jaanileivapuu, oder, riis (4%), peedimass, h\u00fcdrol\u00fc\u00fcsitud kana, l\u00f5he\u00f5li, merevetikad (0,5%), mineraalained, prebiootikum MOS, Yucca schidigera.<br \/>&#13;<br \/>\n<br \/>&#13;<br \/>\n<b>Anal\u00fc\u00fctiline koostis<\/b><br \/>&#13;<br \/>\nToorvalk 30%, toor\u00f5lid ja -rasvad 14%, toortuhk 7%, toorkiud 3%, oomega-3 rasvhapped 0,11%, DHA ja EPA 0,03%.<br \/>&#13;<br \/>\n<br \/>&#13;<br \/>\n<b>S\u00f6\u00f6dalisandid (kg kohta)<\/b><br \/>&#13;<br \/>\nToitainelised lisandid: A-vitamiin 19\u202f285 R\u00dc, D3-vitamiin 1\u202f540 R\u00dc, E-vitamiin 94 mg, raudsulfaat, monoh\u00fcdraat 17,1 mg, kaltsiumjodaat, veevaba, graanulites 1,29 mg, vase kelaat (metioniini h\u00fcdroks\u00fcanaloog) 4,3 mg, vasksulfaat, pentah\u00fcdraat 4,3 mg, mangaani kelaat (metioniini h\u00fcdroks\u00fcanaloog) 3,4 mg, mangaansulfaat, monoh\u00fcdraat 6,9 mg, tsinksulfaat, monoh\u00fcdraat 68,6 mg, tsingi kelaat (metioniini h\u00fcdroks\u00fcanaloog) 34,3 mg, naatriumseleniit, graanulites 0,08 mg, orgaaniline seleen (inaktiveeritud seleniseeritud p\u00e4rm, Saccharomyces cerevisiae CNCM I-3060) 0,17 mg. Sisaldab looduslikke antioks\u00fcdante: tokoferooliekstraktid taime\u00f5lidest.<br \/>&#13;<br \/>\n<br \/>&#13;<br \/>\n<b>Toitmisjuhend<\/b><br \/>&#13;<br \/>\nAnda loomale vastavalt tabelis soovitatud kogusele. V\u00e4rske vesi peab alati olema saadaval. P\u00e4rast kasutamist sulgege pakend kindlalt. Hoida jahedas ja kuivas kohas.<\/p>\n","protected":false},"excerpt":{"rendered":"<p>Nutribest Activity t\u00e4istoit t\u00e4iskasvanud koertele, kes tegelevad intensiivse f\u00fc\u00fcsilise tegevusega v\u00f5i on tihti k\u00fclma k\u00e4es.<\/p>\n","protected":false},"featured_media":11974,"template":"","meta":[],"product_cat":[688,64],"product_tag":[],"class_list":{"0":"post-15314","1":"product","2":"type-product","3":"status-publish","4":"has-post-thumbnail","6":"product_cat-koerad","7":"product_cat-koeratoit","8":"pa_brand-nutribest","9":"pa_ean-1614","10":"pa_kaal-15-000","11":"pa_tootjariik-hispaania","13":"first","14":"instock","15":"taxable","16":"shipping-taxable","17":"purchasable","18":"product-type-simple"},"_links":{"self":[{"href":"https:\/\/kasskoer.ee\/en\/wp-json\/wp\/v2\/product\/15314","targetHints":{"allow":["GET"]}}],"collection":[{"href":"https:\/\/kasskoer.ee\/en\/wp-json\/wp\/v2\/product"}],"about":[{"href":"https:\/\/kasskoer.ee\/en\/wp-json\/wp\/v2\/types\/product"}],"wp:featuredmedia":[{"embeddable":true,"href":"https:\/\/kasskoer.ee\/en\/wp-json\/wp\/v2\/media\/11974"}],"wp:attachment":[{"href":"https:\/\/kasskoer.ee\/en\/wp-json\/wp\/v2\/media?parent=15314"}],"wp:term":[{"taxonomy":"product_cat","embeddable":true,"href":"https:\/\/kasskoer.ee\/en\/wp-json\/wp\/v2\/product_cat?post=15314"},{"taxonomy":"product_tag","embeddable":true,"href":"https:\/\/kasskoer.ee\/en\/wp-json\/wp\/v2\/product_tag?post=15314"}],"curies":[{"name":"wp","href":"https:\/\/api.w.org\/{rel}","templated":true}]}}