{"id":15316,"date":"2026-04-21T03:10:42","date_gmt":"2026-04-21T00:10:42","guid":{"rendered":"https:\/\/kasskoer.ee\/product\/nutribest-adult-7-chicken-and-rice-koeratoit-15kg-2\/"},"modified":"2026-04-21T03:10:45","modified_gmt":"2026-04-21T00:10:45","slug":"nutribest-adult-7-chicken-and-rice-koeratoit-15kg","status":"publish","type":"product","link":"https:\/\/kasskoer.ee\/en\/toode\/nutribest-adult-7-chicken-and-rice-koeratoit-15kg\/","title":{"rendered":"Nutribest Adult 7+ Chicken And Rice koeratoit 15kg"},"content":{"rendered":"<p><b>Nutribest kana ja riisiga t\u00e4iss\u00f6\u00f6t koertele alates seitsmendast eluaastast.<\/b>&#13;<\/p>\n<li>Vastavalt eakate koerte toitumisvajadustele kohandatud koostis.<\/li>\n<p>&#13;<\/p>\n<li>Liha esimese koostisosana (26%) &#8211; liha valgud sisaldavad organismile vajalikke aminohappeid.<\/li>\n<p>&#13;<\/p>\n<li>Sisaldab merevetikaid &#8211; looduslik vitamiinide ja mineraalide allikas.<\/li>\n<p>&#13;<\/p>\n<li>A- ja E- vitamiinid koos mikroelementidega vask ja seleen on tugeva immuunsuss\u00fcsteemi toetamiseks h\u00e4davajalikud.<\/li>\n<p>&#13;<\/p>\n<li>B-r\u00fchma vitamiinide rikas \u00f5llep\u00e4rm aitab reguleerida ainevahetust ja veresuhkru tootmist, et suurendada Teie koera energiat ja eluj\u00f5udu.<\/li>\n<p>&#13;<\/p>\n<li>L\u00f5he\u00f5list saadavad rasvhapped toetavad tervet nahka ja karva ning aju t\u00f6\u00f6d.<\/li>\n<p>&#13;<\/p>\n<li>Peedipulp &#8211; h\u00e4sti seeduvate kiudainete ja taimsete valkude allikas.<\/li>\n<p>&#13;<\/p>\n<li>Ei sisalda s\u00e4ilitusaineid, soja ega GMO-sid.<\/li>\n<p>&#13;<br \/>\n<br \/>&#13;<br \/>\n<b>Koostis<\/b><br \/>&#13;<br \/>\nDeh\u00fcdreeritud liha (20%), mais, nisu, nisukliid, deh\u00fcdreeritud kanaliha (6%), peedimass, riis (4%), h\u00fcdrol\u00fc\u00fcsitud kana, loomarasv, \u00f5llep\u00e4rm, mineraalained, l\u00f5he\u00f5li, merevetikad (0,5%), prebiootikum MOS, Yucca schidigera.<br \/>&#13;<br \/>\n<br \/>&#13;<br \/>\n<b>Anal\u00fc\u00fctiline koostis<\/b><br \/>&#13;<br \/>\nToorvalk 24%, toor\u00f5lid ja -rasvad 8%, toortuhk 6,5%, toorkiud 4%, oomega-3 rasvhapped 0,08%, DHA ja EPA 0,03%.<br \/>&#13;<br \/>\n<br \/>&#13;<br \/>\n<b>S\u00f6\u00f6dalisandid (kg kohta)<\/b><br \/>&#13;<br \/>\nToitainelised lisandid: A-vitamiin 16 000 R\u00dc, D3-vitamiin 1 290 R\u00dc, E-vitamiin 75 mg, raudsulfaat, monoh\u00fcdraat 14 mg, kaltsiumjodaat, veevaba, graanulites 1,08 mg, vase kelaat (metioniini h\u00fcdroks\u00fcanaloog) 3,6 mg, vasksulfaat, pentah\u00fcdraat 3,6 mg, mangaani kelaat (metioniini h\u00fcdroks\u00fcanaloog) 2,9 mg, mangaansulfaat, monoh\u00fcdraat 5,7 mg, tsinksulfaat, monoh\u00fcdraat 57 mg, tsingi kelaat (metioniini h\u00fcdroks\u00fcanaloog) 29 mg, naatriumseleniit, graanulites 0,07 mg, orgaaniline seleen (inaktiveeritud seleniseeritud p\u00e4rm, Saccharomyces cerevisiae CNCM I-3060) 0,15 mg. Sisaldab looduslikke antioks\u00fcdante: tokoferooliekstraktid taime\u00f5lidest.<br \/>&#13;<br \/>\n<br \/>&#13;<br \/>\n<b>Toitmisjuhend<\/b><br \/>&#13;<br \/>\nAnda loomale vastavalt tabelis soovitatud kogusele. V\u00e4rske vesi peab alati olema saadaval. P\u00e4rast kasutamist sulgege pakend kindlalt. Hoida jahedas ja kuivas kohas.<\/p>\n","protected":false},"excerpt":{"rendered":"<p>Nutribest t\u00e4istoit kana ja riisiga koertele alates seitsmendast eluaastast.<\/p>\n","protected":false},"featured_media":11978,"template":"","meta":[],"product_cat":[688,64],"product_tag":[],"class_list":{"0":"post-15316","1":"product","2":"type-product","3":"status-publish","4":"has-post-thumbnail","6":"product_cat-koerad","7":"product_cat-koeratoit","8":"pa_brand-nutribest","9":"pa_ean-1616","10":"pa_kaal-15-000","11":"pa_tootjariik-hispaania","13":"first","14":"instock","15":"taxable","16":"shipping-taxable","17":"purchasable","18":"product-type-simple"},"_links":{"self":[{"href":"https:\/\/kasskoer.ee\/en\/wp-json\/wp\/v2\/product\/15316","targetHints":{"allow":["GET"]}}],"collection":[{"href":"https:\/\/kasskoer.ee\/en\/wp-json\/wp\/v2\/product"}],"about":[{"href":"https:\/\/kasskoer.ee\/en\/wp-json\/wp\/v2\/types\/product"}],"wp:featuredmedia":[{"embeddable":true,"href":"https:\/\/kasskoer.ee\/en\/wp-json\/wp\/v2\/media\/11978"}],"wp:attachment":[{"href":"https:\/\/kasskoer.ee\/en\/wp-json\/wp\/v2\/media?parent=15316"}],"wp:term":[{"taxonomy":"product_cat","embeddable":true,"href":"https:\/\/kasskoer.ee\/en\/wp-json\/wp\/v2\/product_cat?post=15316"},{"taxonomy":"product_tag","embeddable":true,"href":"https:\/\/kasskoer.ee\/en\/wp-json\/wp\/v2\/product_tag?post=15316"}],"curies":[{"name":"wp","href":"https:\/\/api.w.org\/{rel}","templated":true}]}}