{"id":15318,"date":"2026-04-20T03:10:21","date_gmt":"2026-04-20T00:10:21","guid":{"rendered":"https:\/\/kasskoer.ee\/product\/nutribest-light-chicken-and-rice-koeratoit-15kg-2\/"},"modified":"2026-04-20T03:10:23","modified_gmt":"2026-04-20T00:10:23","slug":"nutribest-light-chicken-rice-koeratoit-15kg","status":"publish","type":"product","link":"https:\/\/kasskoer.ee\/en\/toode\/nutribest-light-chicken-rice-koeratoit-15kg\/","title":{"rendered":"Nutribest Light Chicken &#038; Rice koeratoit 15kg"},"content":{"rendered":"<p><b>Nutribest kana ja riisiga t\u00e4iss\u00f6\u00f6t t\u00e4iskasvanud koertele, kellel on kalduvus \u00fclekaalulisusele.<\/b>&#13;<\/p>\n<li>Madal rasvasisaldus, mis aitab v\u00e4hendada kehakaalu ja hiljem seda s\u00e4ilitada.<\/li>\n<p>&#13;<\/p>\n<li>Sisaldab l\u00f5he\u00f5list saadud oomega-3-rasvhappeid, mis aitavad toetada tervet nahka ja l\u00e4ikivat karvkatet.<\/li>\n<p>&#13;<\/p>\n<li>A- ja E -vitamiinid koos mikroelementidega vask ja seleen on tugeva immuuns\u00fcsteemi s\u00e4ilitamiseks h\u00e4davajalikud.<\/li>\n<p>&#13;<\/p>\n<li>Liha esimese koostisosana &#8211; lihavalgud sisaldavad k\u00f5iki olulisi aminohappeid, mis on vajalikud rakkude kasvuks ja s\u00e4ilitamiseks.<\/li>\n<p>&#13;<\/p>\n<li>B-r\u00fchma vitamiinide rikas \u00f5llep\u00e4rm aitab reguleerida ainevahetust ja veresuhkru tootmist, et suurendada Teie koera energiat ja eluj\u00f5udu.<\/li>\n<p>&#13;<br \/>\n<br \/>&#13;<br \/>\n<b>Koostis<\/b><br \/>&#13;<br \/>\nDeh\u00fcdreeritud liha (20%), mais, nisu, nisukliid, oder, deh\u00fcdreeritud kanaliha (6%), peedimass, jaanileivapuu, riis (4%), \u00f5llep\u00e4rm, h\u00fcdrol\u00fc\u00fcsitud kana, loomarasv, mineraalained, l\u00f5he\u00f5li, merevetikad (0,5%), prebiootikum MOS, Yucca schidigera.<br \/>&#13;<br \/>\n<br \/>&#13;<br \/>\n<b>Anal\u00fc\u00fctiline koostis<\/b><br \/>&#13;<br \/>\nToorvalk 25%, toor\u00f5lid ja -rasvad 8%, toortuhk 6,5%, toorkiud 4,5%, oomega\u20113 rasvhapped 0,07%, DHA ja EPA 0,03%.<br \/>&#13;<br \/>\n<br \/>&#13;<br \/>\n<b>S\u00f6\u00f6dalisandid (kg kohta)<\/b><br \/>&#13;<br \/>\nToitainelised lisandid: A-vitamiin 16\u202f000 R\u00dc, D3\u2011vitamiin 1\u202f290 R\u00dc, E\u2011vitamiin 75\u202fmg, raudsulfaat (monoh\u00fcdraat) 14\u202fmg, kaltsiumjodaat (veevaba, graanulites) 1,08\u202fmg, vase kelaat (metioniini h\u00fcdroks\u00fcanaloog) 3,6\u202fmg, vasksulfaat (pentah\u00fcdraat) 3,6\u202fmg, mangaani kelaat (metioniini h\u00fcdroks\u00fcanaloog) 2,9\u202fmg, mangaansulfaat (monoh\u00fcdraat) 5,7\u202fmg, tsinksulfaat (monoh\u00fcdraat) 57\u202fmg, tsingi kelaat (metioniini h\u00fcdroks\u00fcanaloog) 29\u202fmg, naatriumseleniit (graanulites) 0,07\u202fmg, orgaaniline seleen (inaktiveeritud seleniseeritud p\u00e4rm, Saccharomyces cerevisiae CNCM\u202fI\u20113060) 0,15\u202fmg. Sisaldab looduslikke antioks\u00fcdante: tokoferooliekstraktid taime\u00f5lidest.<br \/>&#13;<br \/>\n<br \/>&#13;<br \/>\n<b>Toitmisjuhend<\/b><br \/>&#13;<br \/>\nAnda loomale vastavalt tabelis soovitatud kogusele. V\u00e4rske vesi peab alati olema saadaval. P\u00e4rast kasutamist sulgege pakend kindlalt. Hoida jahedas ja kuivas kohas.<\/p>\n","protected":false},"excerpt":{"rendered":"<p>Nutribest t\u00e4istoit kana ja riisiga t\u00e4iskasvanud koertele, kes vajavad kehakaalu kontrolli.<\/p>\n","protected":false},"featured_media":11982,"template":"","meta":[],"product_cat":[688,64],"product_tag":[],"class_list":{"0":"post-15318","1":"product","2":"type-product","3":"status-publish","4":"has-post-thumbnail","6":"product_cat-koerad","7":"product_cat-koeratoit","8":"pa_brand-nutribest","9":"pa_ean-1618","10":"pa_kaal-15-000","11":"pa_tootjariik-hispaania","13":"first","14":"instock","15":"taxable","16":"shipping-taxable","17":"purchasable","18":"product-type-simple"},"_links":{"self":[{"href":"https:\/\/kasskoer.ee\/en\/wp-json\/wp\/v2\/product\/15318","targetHints":{"allow":["GET"]}}],"collection":[{"href":"https:\/\/kasskoer.ee\/en\/wp-json\/wp\/v2\/product"}],"about":[{"href":"https:\/\/kasskoer.ee\/en\/wp-json\/wp\/v2\/types\/product"}],"wp:featuredmedia":[{"embeddable":true,"href":"https:\/\/kasskoer.ee\/en\/wp-json\/wp\/v2\/media\/11982"}],"wp:attachment":[{"href":"https:\/\/kasskoer.ee\/en\/wp-json\/wp\/v2\/media?parent=15318"}],"wp:term":[{"taxonomy":"product_cat","embeddable":true,"href":"https:\/\/kasskoer.ee\/en\/wp-json\/wp\/v2\/product_cat?post=15318"},{"taxonomy":"product_tag","embeddable":true,"href":"https:\/\/kasskoer.ee\/en\/wp-json\/wp\/v2\/product_tag?post=15318"}],"curies":[{"name":"wp","href":"https:\/\/api.w.org\/{rel}","templated":true}]}}