{"id":15327,"date":"2026-04-20T03:10:21","date_gmt":"2026-04-20T00:10:21","guid":{"rendered":"https:\/\/kasskoer.ee\/product\/select-adult-chicken-konserv-koertele-400g-2\/"},"modified":"2026-04-20T03:10:23","modified_gmt":"2026-04-20T00:10:23","slug":"select-adult-chicken-konserv-koertele-400g","status":"publish","type":"product","link":"https:\/\/kasskoer.ee\/en\/toode\/select-adult-chicken-konserv-koertele-400g\/","title":{"rendered":"Select Adult Chicken konserv koertele 400g"},"content":{"rendered":"<p><b>Picart Select konserv kanaga. T\u00e4iss\u00f6\u00f6t t\u00e4iskasvanud koertele.<\/b>&#13;<\/p>\n<li>Ei ole lisatud s\u00e4ilitusaineid.<\/li>\n<p>&#13;<\/p>\n<li>Ei ole lisatud suhkruid.<\/li>\n<p>&#13;<\/p>\n<li>Ilma v\u00e4rvaineteta.<\/li>\n<p>&#13;<\/p>\n<li>Ilma kunstlike l\u00f5hnaaineteta.<\/li>\n<p>&#13;<\/p>\n<li>Lihtsasti avatav.<\/li>\n<p>&#13;<br \/>\n<br \/>&#13;<br \/>\n<b>Koostis<\/b><br \/>&#13;<br \/>\nLiha ja liha k\u00f5rvalsaadused (62%) (35% kana), k\u00f6\u00f6giviljad (2% porgandid, 2% herned), teravili (4% riis), mineraalid (1%), \u00f5lid ja rasvad (0,1% linaseemne\u00f5li).<br \/>&#13;<br \/>\n<br \/>&#13;<br \/>\n<b>Anal\u00fc\u00fctiline koostis<\/b><br \/>&#13;<br \/>\nToorvalk 10.8%, toorrasv 6.3%, toortuhk 2.5%, toorkiud 0.7%, niiskus 75%.<br \/>&#13;<br \/>\n<br \/>&#13;<br \/>\n<b>S\u00f6\u00f6dalisandid<\/b><br \/>&#13;<br \/>\nD3-vitamiin (E671) 200 R\u00dc, vitamiin E atsetaat alfa-tokofer\u00fc\u00fclatsetaat 30 R\u00dc, vitamiin C (E300) 40 mg, vitamiin B1 13 mg, vitamiin B2 6 mg, vitamiin B6 3 mg, vitamiin B12 75 mcg, nikotiinamiid 17 mg, kaltsium-pantotenaat 12 mg, foolhape 0,6 mg, biotiin 300 mcg, koliinkloriid 700 mg, tsinksulfaat monoh\u00fcdraat 15 mg, mangaan-II-sulfaat monoh\u00fcdraat (E5) 3 mg, veevaba\u00a0kaltsiumjodaat 0,75 mg.<br \/>&#13;<br \/>\n<br \/>&#13;<br \/>\n<b>Soovituslik p\u00e4evane kogus<\/b>&#13;<\/p>\n<table class=\" cke_show_border\" width=\"500\">&#13;<\/p>\n<tbody>&#13;<\/p>\n<tr>&#13;<\/p>\n<td>Koera kaal<\/td>\n<p>&#13;<\/p>\n<td><10kg<\/td>\n<p>&#13;<\/p>\n<td>10-25kg<\/td>\n<p>&#13;<\/p>\n<td>>25kg<\/td>\n<p>&#13;<br \/>\n<\/tr>\n<p>&#13;<\/p>\n<tr>&#13;<\/p>\n<td>P\u00e4evane kogus (g\/p\u00e4evas)<\/td>\n<p>&#13;<\/p>\n<td>225-636g<\/td>\n<p>&#13;<\/p>\n<td>636-1264g<\/td>\n<p>&#13;<\/p>\n<td>>1264g<\/td>\n<p>&#13;<br \/>\n<\/tr>\n<p>&#13;<br \/>\n<\/tbody>\n<p>&#13;<br \/>\n<\/table>\n","protected":false},"excerpt":{"rendered":"<p>Select super-premium konserv koertele kana, juurviljade ja riisiga.<\/p>\n","protected":false},"featured_media":12000,"template":"","meta":[],"product_cat":[688,106],"product_tag":[],"class_list":{"0":"post-15327","1":"product","2":"type-product","3":"status-publish","4":"has-post-thumbnail","6":"product_cat-koerad","7":"product_cat-konservid-koertele","8":"pa_brand-select","9":"pa_ean-2089","10":"pa_kaal-0-400","11":"pa_tootjariik-hispaania","13":"first","14":"instock","15":"taxable","16":"shipping-taxable","17":"purchasable","18":"product-type-simple"},"_links":{"self":[{"href":"https:\/\/kasskoer.ee\/en\/wp-json\/wp\/v2\/product\/15327","targetHints":{"allow":["GET"]}}],"collection":[{"href":"https:\/\/kasskoer.ee\/en\/wp-json\/wp\/v2\/product"}],"about":[{"href":"https:\/\/kasskoer.ee\/en\/wp-json\/wp\/v2\/types\/product"}],"wp:featuredmedia":[{"embeddable":true,"href":"https:\/\/kasskoer.ee\/en\/wp-json\/wp\/v2\/media\/12000"}],"wp:attachment":[{"href":"https:\/\/kasskoer.ee\/en\/wp-json\/wp\/v2\/media?parent=15327"}],"wp:term":[{"taxonomy":"product_cat","embeddable":true,"href":"https:\/\/kasskoer.ee\/en\/wp-json\/wp\/v2\/product_cat?post=15327"},{"taxonomy":"product_tag","embeddable":true,"href":"https:\/\/kasskoer.ee\/en\/wp-json\/wp\/v2\/product_tag?post=15327"}],"curies":[{"name":"wp","href":"https:\/\/api.w.org\/{rel}","templated":true}]}}