{"id":15339,"date":"2026-04-20T03:10:21","date_gmt":"2026-04-20T00:10:21","guid":{"rendered":"https:\/\/kasskoer.ee\/product\/lolo-pets-smakers-maiusepulgad-narilistele-ja-janestele-lutserniga-2tk-110g-2\/"},"modified":"2026-04-20T03:10:24","modified_gmt":"2026-04-20T00:10:24","slug":"lolo-pets-smakers-maiusepulgad-narilistele-ja-janestele-lutserniga-2tk-110g","status":"publish","type":"product","link":"https:\/\/kasskoer.ee\/en\/toode\/lolo-pets-smakers-maiusepulgad-narilistele-ja-janestele-lutserniga-2tk-110g\/","title":{"rendered":"LoLo Pets Smakers maiusepulgad n\u00e4rilistele ja j\u00e4nestele lutserniga 2tk 110g"},"content":{"rendered":"<p>LoLo Pets lutserniga &#8220;Smakers&#8221; maius. T\u00e4iends\u00f6\u00f6t n\u00e4rilistele.&#13;<\/p>\n<li>V\u00e4ga maitsev maius n\u00e4rilisele, mis aitab hoida hambad tervena.<\/li>\n<p>&#13;<\/p>\n<li>Sisaldab looduslikke vitamiine.<\/li>\n<p>&#13;<br \/>\n<br \/>&#13;<br \/>\n<b>Koostis<\/b><br \/>&#13;<br \/>\nLutsernijahu graanulid (50%), nisu, nisujahu. Lisandid: v\u00e4rvained.<br \/>&#13;<br \/>\n<br \/>&#13;<br \/>\n<b>Anal\u00fc\u00fctilised koostisosad<\/b><br \/>&#13;<br \/>\nToorvalk (min) 17,3%, toorrasv (min) 5,5%, toorkiud (maks) 12,6%, toortuhk (maks) 5,8%, niiskus (maks) 12,0%.<\/p>\n","protected":false},"excerpt":{"rendered":"<p>LoLo Pets Smakers maiusepulgad lutserniga n\u00e4rilistele ja j\u00e4nestele.<\/p>\n","protected":false},"featured_media":12024,"template":"","meta":[],"product_cat":[693,3078,994],"product_tag":[],"class_list":{"0":"post-15339","1":"product","2":"type-product","3":"status-publish","4":"has-post-thumbnail","6":"product_cat-muud-loomad","7":"product_cat-narilised","8":"product_cat-nariliste-maiused","9":"pa_brand-lolo-pets","10":"pa_ean-1145","11":"pa_kaal-0-110","12":"pa_tootjariik-poola","14":"first","15":"outofstock","16":"taxable","17":"shipping-taxable","18":"purchasable","19":"product-type-simple"},"_links":{"self":[{"href":"https:\/\/kasskoer.ee\/en\/wp-json\/wp\/v2\/product\/15339","targetHints":{"allow":["GET"]}}],"collection":[{"href":"https:\/\/kasskoer.ee\/en\/wp-json\/wp\/v2\/product"}],"about":[{"href":"https:\/\/kasskoer.ee\/en\/wp-json\/wp\/v2\/types\/product"}],"wp:featuredmedia":[{"embeddable":true,"href":"https:\/\/kasskoer.ee\/en\/wp-json\/wp\/v2\/media\/12024"}],"wp:attachment":[{"href":"https:\/\/kasskoer.ee\/en\/wp-json\/wp\/v2\/media?parent=15339"}],"wp:term":[{"taxonomy":"product_cat","embeddable":true,"href":"https:\/\/kasskoer.ee\/en\/wp-json\/wp\/v2\/product_cat?post=15339"},{"taxonomy":"product_tag","embeddable":true,"href":"https:\/\/kasskoer.ee\/en\/wp-json\/wp\/v2\/product_tag?post=15339"}],"curies":[{"name":"wp","href":"https:\/\/api.w.org\/{rel}","templated":true}]}}