{"id":15348,"date":"2026-04-20T03:10:24","date_gmt":"2026-04-20T00:10:24","guid":{"rendered":"https:\/\/kasskoer.ee\/product\/botaniqa-bl-fresh-me-up-sampoon-250ml-2\/"},"modified":"2026-04-20T03:10:24","modified_gmt":"2026-04-20T00:10:24","slug":"botaniqa-bl-fresh-me-up-sampoon-250ml","status":"publish","type":"product","link":"https:\/\/kasskoer.ee\/en\/toode\/botaniqa-bl-fresh-me-up-sampoon-250ml\/","title":{"rendered":"Botaniqa BL Fresh Me Up \u0161ampoon 250ml"},"content":{"rendered":"<li>Sisaldab aktiivs\u00fcsi, mis aitab vabaneda k\u00f5igist ebameeldivatest l\u00f5hnadest.<\/li>\n<p>&#13;<\/p>\n<li>\u0160ampoon sobib suurep\u00e4raselt koertele, kes veedavad palju aega \u00f5ues.<\/li>\n<p>&#13;<\/p>\n<li>Sobib k\u00f5ikidele t\u00f5ugudele.<\/li>\n<p>&#13;<br \/>\n&#13;<br \/>\n<br \/><b>Kasutamine<\/b><br \/>&#13;<br \/>\nLahjendage toodet veega vahekorras 1:5. Kandke \u0161ampooni \u00fchtlaselt m\u00e4rjale kasukale. Masseerige  \u00f5rnalt karvale, seej\u00e4rel loputage hoolikalt. Kasutage sobivat palsamit. Kuivatage koera karv ja harjake l\u00e4bi nagu tavaliselt.&#13;<br \/>\n&#13;<\/p>\n<p><b>Koostis<\/b><br \/>&#13;<br \/>\n&#13;<br \/>\nVesi, naatriumlauretsulfaat, kokamidoprop\u00fc\u00fcl-betaiin, kokamiid-DEA, tsinkritsinoleaat, guar-h\u00fcdroks\u00fcprop\u00fc\u00fcltrimooniumkloriid, parf\u00fc\u00fcm, tetranaatriumglutamaatdiatsetaat diatsetaat, propaandiool, DMDM-h\u00fcdantoiin, met\u00fc\u00fclkloroisotiasolinoon, met\u00fc\u00fclkloro isotiasolinoks\u00fc\u00fcl, butaliini, butaliini.&#13;<br \/>\n<br \/>&#13;<br \/>\nParabeenide, v\u00e4rvainete, silikoonide, nafta k\u00f5rvalsaaduste ja loomset p\u00e4ritolu koostisainete vaba!<\/p>\n","protected":false},"excerpt":{"rendered":"<p>Botaniqa \u0161ampoon lemmiklooma karvkatte puhastamiseks ja halva l\u00f5hna eemaldamiseks.<\/p>\n","protected":false},"featured_media":12042,"template":"","meta":[],"product_cat":[2123],"product_tag":[],"class_list":{"0":"post-15348","1":"product","2":"type-product","3":"status-publish","4":"has-post-thumbnail","6":"product_cat-sampoonid","7":"pa_brand-botaniqa","8":"pa_ean-1630","9":"pa_kaal-0-250","10":"pa_tootjariik-poola","12":"first","13":"instock","14":"taxable","15":"shipping-taxable","16":"purchasable","17":"product-type-simple"},"_links":{"self":[{"href":"https:\/\/kasskoer.ee\/en\/wp-json\/wp\/v2\/product\/15348","targetHints":{"allow":["GET"]}}],"collection":[{"href":"https:\/\/kasskoer.ee\/en\/wp-json\/wp\/v2\/product"}],"about":[{"href":"https:\/\/kasskoer.ee\/en\/wp-json\/wp\/v2\/types\/product"}],"wp:featuredmedia":[{"embeddable":true,"href":"https:\/\/kasskoer.ee\/en\/wp-json\/wp\/v2\/media\/12042"}],"wp:attachment":[{"href":"https:\/\/kasskoer.ee\/en\/wp-json\/wp\/v2\/media?parent=15348"}],"wp:term":[{"taxonomy":"product_cat","embeddable":true,"href":"https:\/\/kasskoer.ee\/en\/wp-json\/wp\/v2\/product_cat?post=15348"},{"taxonomy":"product_tag","embeddable":true,"href":"https:\/\/kasskoer.ee\/en\/wp-json\/wp\/v2\/product_tag?post=15348"}],"curies":[{"name":"wp","href":"https:\/\/api.w.org\/{rel}","templated":true}]}}