{"id":15350,"date":"2026-04-20T03:10:24","date_gmt":"2026-04-20T00:10:24","guid":{"rendered":"https:\/\/kasskoer.ee\/product\/brit-care-mini-light-sterilised-teraviljavaba-koeratoit-400g-2\/"},"modified":"2026-04-20T03:10:24","modified_gmt":"2026-04-20T00:10:24","slug":"brit-care-mini-light-sterilised-teraviljavaba-koeratoit-400g","status":"publish","type":"product","link":"https:\/\/kasskoer.ee\/en\/toode\/brit-care-mini-light-sterilised-teraviljavaba-koeratoit-400g\/","title":{"rendered":"Brit Care Mini Light &#038; Sterilised teraviljavaba koeratoit 400g"},"content":{"rendered":"<p><strong>Brit Care Mini teraviljavaba t\u00e4isv\u00e4\u00e4rtuslik toit j\u00e4neseliha ja l\u00f5hega steriliseeritud ja \u00fclekaalulistele v\u00e4ikest t\u00f5ugu koertele.<\/strong><\/p>\n<p> <strong>Koostis<\/strong><br \/> J\u00e4neselihajahu (25%), v\u00e4rske l\u00f5hevalk (15%), kollased herned, kikerherned, bambuse biomass, kuivatatud \u00f5unad, tatar, linaseemned (4%), kanarasv (s\u00e4ilitatud tokoferoolidega), l\u00f5he\u00f5li (2%), ps\u00fclliumi kest ja seemned(1%), \u00f5llep\u00e4rm, vetikad (0,5% Ascophyllum nodosum), naatriumkloriid, h\u00fcdrol\u00fc\u00fcsitud koorikloomad (gl\u00fckosamiini allikas 260mg\/kg), mustikad (230mg\/kg, pl\u00fcphenoolide allikas 70mg\/kg ja flavanoidide allikas 30mg\/kg), k\u00f5hre ekstrakt (kondroitiini allikas 160mg\/kg), mannanoligosahharriidid (150mg\/kg),\u00fcrdid ja puuviljad(rosmariin, nelk, tsitruselised, kurkum 150mg\/kg), fruktooligosahharriidid (100mg\/kg), t\u00e4\u00e4kliilia (100mg\/kg), j\u00f5hvikad (100mg\/kg), inuliin (90mg\/kg), maarjaohakas (75mg\/kg), astelpaju (75mg\/kg), kummel (30mg\/kg), nelk (30mg\/kg), salvei (25mg\/kg).<\/p>\n<p> <strong>Anal\u00fc\u00fctiline koostis<\/strong><br \/> Toorvalk 26%, toorrasv 12%, niiskus 10%, toortuhk 5,5%, toorkiud 8,5%, kaltsium 1,3%, fosfor 0,9%, oomega-3 rasvhapped 1,5%, oomega-6 rasvhapped 1,3%.<\/p>\n<p> <strong>Toitainelised lisandid 1KG kohta&nbsp;<\/strong><br \/> A-vitamiin (3a672a) 20 000 R\u00dc, D3-vitamiin (E671) 1 500 R\u00dc, E-vitamiin (\u03b1-tokoferool) (3a700) 500 mg, C-vitamiin (3a312) 300 mg, koliinkloriid (3a890) 700 mg, tauriin (3a370) 200 mg, biotiin (3a880) 3 mg, B1-vitamiin (3a821) 1 mg, B2-vitamiin 4 mg, niatsiinamiid (3a315) 12 mg, kaltsiumpantotenaat (3a841) 10 mg, B6-vitamiin (3a831) 1 mg, foolhape (3a316) 0,5 mg, B12-vitamiin 0,04 mg, L-karnitiin (3a910) 200 mg, aminohapete h\u00fcdraadi tsinkkelaat 100 mg, raud(II)sulfaat, monoh\u00fcdraat 80 mg, mangaanoksiid 40 mg, kaaliumjodiid 0,75 mg, aminohapete h\u00fcdraadi vaskkelaat 15 mg, Saccharomyces cerevisiae toodetud orgaaniline seleen CNCM I-3060 0,2 mg.<\/p>\n<p> <strong>Metaboliseeruv energia<\/strong><br \/> 3800kcal\/kg<\/p>\n<p> <strong>Toitmisjuhend<\/strong><br \/> Mini t\u00f5ugudel on k\u00f5rgendatud energiavajadus ja suhteliselt v\u00e4ike magu ja seedeelundkond. Seet\u00f5ttu tuleks pakendil olevas tabelis n\u00e4idatud p\u00e4evane soovituslik toidukogus jagada 2-3 v\u00f5rdseks osaks. Pakkuda kuivalt v\u00f5i niisutatuna k\u00e4esooja veega. P\u00e4evane annus v\u00f5ib erineda pakendil toodust vastavalt teie koera aktiivsusele, elukeskkonnale ja vanusele. Veendu, et v\u00e4rske vesi oleks alati saadaval.<\/p>\n<p> <strong>P\u00e4evane soovituslik kogus<\/strong>&nbsp;<\/p>\n<figure class=\"table\">\n<table>\n<tbody>\n<tr>\n<th rowspan=\"2\">&nbsp;<\/th>\n<th colspan=\"6\"><strong>Koera kehakaal (kg)<\/strong><\/th>\n<\/tr>\n<tr>\n<th><strong>1<\/strong><\/th>\n<th><strong>2<\/strong><\/th>\n<th><strong>4<\/strong><\/th>\n<th><strong>6<\/strong><\/th>\n<th><strong>8<\/strong><\/th>\n<th><strong>10<\/strong><\/th>\n<\/tr>\n<tr>\n<th rowspan=\"1\"><strong>P\u00e4evane kogus (g) kehakaalu hoidmiseks<\/strong><\/th>\n<th>40<\/th>\n<th>50<\/th>\n<th>60<\/th>\n<th>90<\/th>\n<th>120<\/th>\n<th>145<\/th>\n<\/tr>\n<tr>\n<th><strong>P\u00e4evane kogus (g) kehakaalu langetamiseks<\/strong><\/th>\n<th>30<\/th>\n<th>40<\/th>\n<th>55<\/th>\n<th>80<\/th>\n<th>100<\/th>\n<th>120<\/th>\n<\/tr>\n<\/tbody>\n<\/table>\n<\/figure>\n<p>&nbsp;<\/p>\n","protected":false},"excerpt":{"rendered":"<p>Brit Care Mini teraviljavaba t\u00e4isv\u00e4\u00e4rtuslik toit steriliseeritud ja \u00fclekaalulistele v\u00e4ikest t\u00f5ugu koertele j\u00e4neseliha ja l\u00f5hega.<\/p>\n","protected":false},"featured_media":12046,"template":"","meta":[],"product_cat":[688,64],"product_tag":[],"class_list":{"0":"post-15350","1":"product","2":"type-product","3":"status-publish","4":"has-post-thumbnail","6":"product_cat-koerad","7":"product_cat-koeratoit","8":"pa_brand-brit-care","9":"pa_ean-1383","10":"pa_kaal-0-400","11":"pa_tootjariik-tsehhi","13":"first","14":"instock","15":"taxable","16":"shipping-taxable","17":"purchasable","18":"product-type-simple"},"_links":{"self":[{"href":"https:\/\/kasskoer.ee\/en\/wp-json\/wp\/v2\/product\/15350","targetHints":{"allow":["GET"]}}],"collection":[{"href":"https:\/\/kasskoer.ee\/en\/wp-json\/wp\/v2\/product"}],"about":[{"href":"https:\/\/kasskoer.ee\/en\/wp-json\/wp\/v2\/types\/product"}],"wp:featuredmedia":[{"embeddable":true,"href":"https:\/\/kasskoer.ee\/en\/wp-json\/wp\/v2\/media\/12046"}],"wp:attachment":[{"href":"https:\/\/kasskoer.ee\/en\/wp-json\/wp\/v2\/media?parent=15350"}],"wp:term":[{"taxonomy":"product_cat","embeddable":true,"href":"https:\/\/kasskoer.ee\/en\/wp-json\/wp\/v2\/product_cat?post=15350"},{"taxonomy":"product_tag","embeddable":true,"href":"https:\/\/kasskoer.ee\/en\/wp-json\/wp\/v2\/product_tag?post=15350"}],"curies":[{"name":"wp","href":"https:\/\/api.w.org\/{rel}","templated":true}]}}