{"id":15352,"date":"2026-04-20T03:10:24","date_gmt":"2026-04-20T00:10:24","guid":{"rendered":"https:\/\/kasskoer.ee\/product\/brit-care-mini-hair-skin-teraviljavaba-koeratoit-400g-2\/"},"modified":"2026-04-20T03:10:24","modified_gmt":"2026-04-20T00:10:24","slug":"brit-care-mini-hair-skin-teraviljavaba-koeratoit-400g","status":"publish","type":"product","link":"https:\/\/kasskoer.ee\/en\/toode\/brit-care-mini-hair-skin-teraviljavaba-koeratoit-400g\/","title":{"rendered":"Brit Care Mini Hair &#038; Skin teraviljavaba koeratoit 400g"},"content":{"rendered":"<p><strong>Brit Care Mini teraviljavaba t\u00e4isv\u00e4\u00e4rtuslik toit karva ja naha hea seisukorra tagamiseks l\u00f5he ja heeringaga.<\/strong><\/p>\n<p> <strong>Koostis<\/strong><br \/> Kuivatatud l\u00f5he (25%), v\u00e4rske l\u00f5hevalk (16%), kuivatatud heeringas (14%), kollased herned, kanarasv (s\u00e4ilitatud tokoferoolidega), kikerherned, linaseemned (4%), l\u00f5he\u00f5li (3%), tatar,kuningakepi\u00f5li (1%), kuivatatud \u00f5unad, \u00f5llep\u00e4rm, vetikad (0,5%, Ascophyllum nodosum), h\u00fcdrol\u00fc\u00fcsitud koorikloomad (gl\u00fckosamiini allikas 260mg\/kg), mustikad (230mg\/kg, pl\u00fcphenoolide allikas 70mg\/kg ja flavanoidide allikas 30mg\/kg), k\u00f5hre ekstrakt (kondroitiini allikas 160mg\/kg), mannanoligosahharriidid (150mg\/kg), \u00fcrdid ja puuviljad (rosmariin, nelk, tsitruselised, kurkum 150mg\/kg), fruktooligosahharriidid (100mg\/kg), t\u00e4\u00e4kliilia (100mg\/kg), inuliin (90mg\/kg), maarjaohakas (75mg\/kg), astelpaju (75mg\/kg), kummel (30mg\/kg), nelk (30mg\/kg), salvei (25mg\/kg).<\/p>\n<p> <strong>Anal\u00fc\u00fctiline koostis&nbsp;<\/strong><br \/> Toorvalk 32%, toorrasv 18%, niiskus 10%, toortuhk 8,4%, toorkiud 1,8%, kaltsium 1,3%, fosfor 1%, oomega-3 rasvhapped 2,3%, oomega-6 rasvhapped 2,7%.<\/p>\n<p> <strong>Toitainelised lisandid 1kg kohta&nbsp;<\/strong><br \/> A-vitamiin (3a672a) 20 000 R\u00dc, D3-vitamiin (E671) 1 500 R\u00dc, E-vitamiin (\u03b1-tokoferool) (3a700) 500 mg, C-vitamiin (3a312) 300 mg, koliinkloriid (3a890) 700 mg, tauriin (3a370) 200 mg, biotiin (3a880) 3 mg, B1-vitamiin (3a821) 1 mg, B2-vitamiin 4 mg, niatsiinamiid (3a315) 12 mg, kaltsiumpantotenaat (3a841) 10 mg, B6-vitamiin (3a831) 1 mg, foolhape (3a316) 0,5 mg, B12-vitamiin 0,04 mg, aminohapete h\u00fcdraadi tsinkkelaat 100 mg, raud(II)sulfaat, monoh\u00fcdraat 80 mg, mangaanoksiid 40 mg, kaaliumjodiid 0,75 mg, aminohapete h\u00fcdraadi vaskkelaat 15 mg, Saccharomyces cerevisiae toodetud orgaaniline seleen CNCM I-3060 0,2 mg.<\/p>\n<p> <strong>Metaboliseeruv energia&nbsp;<\/strong><br \/> 3,880 kcal\/kg<strong>&nbsp;<\/strong><\/p>\n<p><strong>Toitmisjuhend<\/strong><\/p>\n<p>Minit\u00f5ugu koertel on suurem energiavajadus ning suhteliselt v\u00e4ikesed seedetrakt ja magu. Seet\u00f5ttu tuleb toitmistabelis olev soovitatav p\u00e4evane annus jagada p\u00e4eva peale 2\u20133 \u00fchesuuruseks portsjoniks. Andke kuivalt v\u00f5i kergelt sooja veega niisutatult. Brit Care\u2019i s\u00f6\u00f6da esmakordsel andmisel segage seda varasema s\u00f6\u00f6daga ning suurendage 7 p\u00e4eva jooksul j\u00e4rk-j\u00e4rgult Brit Care\u2019i s\u00f6\u00f6da kogust. P\u00e4evane annus v\u00f5ib varieeruda s\u00f5ltuvalt keskkonnast, koera aktiivsusest ja vanusest. Tagage koerale alati juurdep\u00e4\u00e4s v\u00e4rskele joogiveele.<\/p>\n<p> <strong>Soovituslik p\u00e4evane kogus<\/strong>&nbsp;<\/p>\n<figure class=\"table\">\n<table>\n<tbody>\n<tr>\n<th rowspan=\"2\">&nbsp;<\/th>\n<th colspan=\"7\"><strong>Koera kehakaal (kg)<\/strong><\/th>\n<\/tr>\n<tr>\n<th><strong>1<\/strong><\/th>\n<th><strong>2<\/strong><\/th>\n<th><strong>4<\/strong><\/th>\n<th><strong>6<\/strong><\/th>\n<th><strong>8<\/strong><\/th>\n<th><strong>10<\/strong><\/th>\n<th><strong>10&lt;<\/strong><\/th>\n<\/tr>\n<tr>\n<th rowspan=\"1\"><strong>P\u00e4evane annus (g)<\/strong><\/th>\n<th>30<\/th>\n<th>40<\/th>\n<th>55<\/th>\n<th>75<\/th>\n<th>105<\/th>\n<th>120<\/th>\n<th>Adult Medium Breed<\/th>\n<\/tr>\n<\/tbody>\n<\/table>\n<\/figure>\n","protected":false},"excerpt":{"rendered":"<p>Brit Care Mini teraviljavaba t\u00e4istoit v\u00e4ikest t\u00f5ugu t\u00e4iskasvanud koertele l\u00f5he ja heeringaga.<\/p>\n","protected":false},"featured_media":12050,"template":"","meta":[],"product_cat":[688,64],"product_tag":[],"class_list":{"0":"post-15352","1":"product","2":"type-product","3":"status-publish","4":"has-post-thumbnail","6":"product_cat-koerad","7":"product_cat-koeratoit","8":"pa_brand-brit-care","9":"pa_ean-1385","10":"pa_kaal-0-400","11":"pa_tootjariik-tsehhi","13":"first","14":"instock","15":"taxable","16":"shipping-taxable","17":"purchasable","18":"product-type-simple"},"_links":{"self":[{"href":"https:\/\/kasskoer.ee\/en\/wp-json\/wp\/v2\/product\/15352","targetHints":{"allow":["GET"]}}],"collection":[{"href":"https:\/\/kasskoer.ee\/en\/wp-json\/wp\/v2\/product"}],"about":[{"href":"https:\/\/kasskoer.ee\/en\/wp-json\/wp\/v2\/types\/product"}],"wp:featuredmedia":[{"embeddable":true,"href":"https:\/\/kasskoer.ee\/en\/wp-json\/wp\/v2\/media\/12050"}],"wp:attachment":[{"href":"https:\/\/kasskoer.ee\/en\/wp-json\/wp\/v2\/media?parent=15352"}],"wp:term":[{"taxonomy":"product_cat","embeddable":true,"href":"https:\/\/kasskoer.ee\/en\/wp-json\/wp\/v2\/product_cat?post=15352"},{"taxonomy":"product_tag","embeddable":true,"href":"https:\/\/kasskoer.ee\/en\/wp-json\/wp\/v2\/product_tag?post=15352"}],"curies":[{"name":"wp","href":"https:\/\/api.w.org\/{rel}","templated":true}]}}