{"id":15353,"date":"2026-04-20T03:10:24","date_gmt":"2026-04-20T00:10:24","guid":{"rendered":"https:\/\/kasskoer.ee\/product\/brit-care-mini-adult-lamb-teraviljavaba-koeratoit-400g-2\/"},"modified":"2026-04-20T03:10:24","modified_gmt":"2026-04-20T00:10:24","slug":"brit-care-mini-adult-lamb-teraviljavaba-koeratoit-400g","status":"publish","type":"product","link":"https:\/\/kasskoer.ee\/en\/toode\/brit-care-mini-adult-lamb-teraviljavaba-koeratoit-400g\/","title":{"rendered":"Brit Care Mini Adult Lamb teraviljavaba koeratoit 400g"},"content":{"rendered":"<p><strong>Brit Care Mini teraviljavaba t\u00e4isv\u00e4\u00e4rtuslik toit v\u00e4ikest t\u00f5ugu koertele lambalihaga.<\/strong><\/p>\n<p> <strong>Koostis&nbsp;<\/strong><br \/> Lambalihajahu (30 %), v\u00e4rske lambaliha (15 %), kollane hernes, kanarasv (konserveeritud tokoferoolidega), kikerhernes, tatar, kuivatatud \u00f5un, linaseemned (3%), l\u00f5he\u00f5li (2%), \u00f5llep\u00e4rm, vetikad (Ascophyllum nodosum, 0,5%), koorikloomade h\u00fcdrol\u00fc\u00fcsitud kestad (gl\u00fckosamiini allikas, 260 mg\/kg), mustikad (230 mg\/kg, pol\u00fcfenoolide (70 mg\/kg) ja flavonoidide (30 mg\/kg) allikas), k\u00f5hreekstrakt (kondroitiini allikas, 160 mg\/kg), mannanoligosahhariidid (150 mg\/kg), maitsetaimed ja puuviljad (rosmariin, tsitrusviljad, kurkum, 150 mg\/kg), fruktooligosahhariidid (100 mg\/kg), t\u00e4\u00e4kliilia (100 mg\/kg), inuliin (90 mg\/kg), maarjaohakas (75 mg\/kg), astelpaju (75 mg\/kg), kummel (30 mg\/kg), nelk (30 mg\/kg), salvei (25 mg\/kg).<\/p>\n<p> <strong>Anal\u00fc\u00fctilised koostisosad&nbsp;<\/strong><br \/> Toorvalk 29,0%, rasvasisaldus 18,0%, niiskus 10,0%, toortuhk 8,4%, toorkiud 2,5%, kaltsium 1,6%, fosfor 1,3%, oomega-3 rasvhapped 1,1%, oomega-6 rasvhapped 2,3%.<\/p>\n<p> <strong>Toitainelised lisandid 1 kg&nbsp;<\/strong><br \/> A-vitamiin (3a672a) 20 000 R\u00dc, D3-vitamiin (E671) 1 500 R\u00dc, E-vitamiin (\u03b1-tokoferool) (3a700) 500 mg, C-vitamiin (3a312) 300 mg, koliinkloriid (3a890) 700 mg, tauriin (3a370) 200 mg, biotiin (3a880) 3 mg, B1-vitamiin (3a821) 1 mg, B2-vitamiin 4 mg, niatsiinamiid (3a315) 12 mg, kaltsiumpantotenaat (3a841) 10 mg, B6-vitamiin (3a831) 1 mg, foolhape (3a316) 0,5 mg, B12-vitamiin 0,04 mg, aminohapete h\u00fcdraadi tsinkkelaat 100 mg, raud(II)sulfaat, monoh\u00fcdraat 80 mg, mangaanoksiid 40 mg, kaaliumjodiid 0,75 mg, aminohapete h\u00fcdraadi vaskkelaat 15 mg, Saccharomyces cerevisiae toodetud orgaaniline seleen CNCM I-3060 0,2 mg.<\/p>\n<p> <strong>Metaboliseeruv energia<\/strong><br \/> 3880 kcal\/kg<\/p>\n<p> <strong>Toitmisteave&nbsp;<\/strong><br \/> Mini t\u00f5ugudel on k\u00f5rgemad energiavajadused ja suhteliselt v\u00e4ike seedeektrakt ja k\u00f5ht. Seet\u00f5ttu n\u00e4idatud soovituslik p\u00e4evane kogus jagada 2-3 v\u00f5rdsesse osasse. Serveeri kuivalt v\u00f5i leige veega. Esmakordsel toitmisel Brit Care toiduga on soovituslik segada&nbsp; see eelmise toiduga ja j\u00e4rkj\u00e4rgult suurendada Brit Care toidu kogust. Seitsme p\u00e4eva jooksul v\u00f5ib t\u00e4ielikult \u00fcle minna uuele toidule. P\u00e4eva toidukogus v\u00f5ib varieeruda s\u00f5ltuvalt teie koera keskkonnas, aktiivsuse tasemest ja vanusest. Veenduge, et teie koeral on alati saadaval v\u00e4rske joogivesi.<\/p>\n<p> <strong>Soovituslik p\u00e4evane kogus<\/strong>&nbsp;<\/p>\n<figure class=\"table\">\n<table>\n<tbody>\n<tr>\n<td rowspan=\"2\">&nbsp;<\/td>\n<td colspan=\"12\"><strong>Koera kaal (kg)<\/strong><\/td>\n<\/tr>\n<tr>\n<td><strong>1<\/strong><\/td>\n<td><strong>2<\/strong><\/td>\n<td><strong>4<\/strong><\/td>\n<td><strong>6<\/strong><\/td>\n<td><strong>8<\/strong><\/td>\n<td><strong>10<\/strong><\/td>\n<td><strong>10&lt;<\/strong><\/td>\n<td>&nbsp;<\/td>\n<td>&nbsp;<\/td>\n<td>&nbsp;<\/td>\n<td>&nbsp;<\/td>\n<td>&nbsp;<\/td>\n<\/tr>\n<tr>\n<td><strong>P\u00e4evane soovituslik kogus (g\/p\u00e4evas)<\/strong><\/td>\n<td>30<\/td>\n<td>40<\/td>\n<td>55<\/td>\n<td>75<\/td>\n<td>105<\/td>\n<td>120<\/td>\n<td>Adult Medium Breed<\/td>\n<td>&nbsp;<\/td>\n<td>&nbsp;<\/td>\n<td>&nbsp;<\/td>\n<td>&nbsp;<\/td>\n<td>&nbsp;<\/td>\n<\/tr>\n<\/tbody>\n<\/table>\n<\/figure>\n","protected":false},"excerpt":{"rendered":"<p>Brit Care Mini t\u00e4istoit v\u00e4ikest t\u00f5ugu t\u00e4iskasvanud koertele lambalihaga.<\/p>\n","protected":false},"featured_media":12052,"template":"","meta":[],"product_cat":[688,64],"product_tag":[],"class_list":{"0":"post-15353","1":"product","2":"type-product","3":"status-publish","4":"has-post-thumbnail","6":"product_cat-koerad","7":"product_cat-koeratoit","8":"pa_brand-brit-care","9":"pa_ean-1386","10":"pa_kaal-0-400","11":"pa_tootjariik-tsehhi","13":"first","14":"instock","15":"sale","16":"taxable","17":"shipping-taxable","18":"purchasable","19":"product-type-simple"},"_links":{"self":[{"href":"https:\/\/kasskoer.ee\/en\/wp-json\/wp\/v2\/product\/15353","targetHints":{"allow":["GET"]}}],"collection":[{"href":"https:\/\/kasskoer.ee\/en\/wp-json\/wp\/v2\/product"}],"about":[{"href":"https:\/\/kasskoer.ee\/en\/wp-json\/wp\/v2\/types\/product"}],"wp:featuredmedia":[{"embeddable":true,"href":"https:\/\/kasskoer.ee\/en\/wp-json\/wp\/v2\/media\/12052"}],"wp:attachment":[{"href":"https:\/\/kasskoer.ee\/en\/wp-json\/wp\/v2\/media?parent=15353"}],"wp:term":[{"taxonomy":"product_cat","embeddable":true,"href":"https:\/\/kasskoer.ee\/en\/wp-json\/wp\/v2\/product_cat?post=15353"},{"taxonomy":"product_tag","embeddable":true,"href":"https:\/\/kasskoer.ee\/en\/wp-json\/wp\/v2\/product_tag?post=15353"}],"curies":[{"name":"wp","href":"https:\/\/api.w.org\/{rel}","templated":true}]}}