{"id":15359,"date":"2026-04-20T03:10:24","date_gmt":"2026-04-20T00:10:24","guid":{"rendered":"https:\/\/kasskoer.ee\/product\/aatas-cat-tantalizing-tuna-salmon-konserv-kassidele-80g-2\/"},"modified":"2026-04-20T03:10:25","modified_gmt":"2026-04-20T00:10:25","slug":"aatas-cat-tantalizing-tuna-salmon-konserv-kassidele-80g","status":"publish","type":"product","link":"https:\/\/kasskoer.ee\/en\/toode\/aatas-cat-tantalizing-tuna-salmon-konserv-kassidele-80g\/","title":{"rendered":"Aatas Cat Tantalizing Tuna &#038; Salmon konserv kassidele 80g"},"content":{"rendered":"<p>T\u00e4iuslikult maitsev, t\u00e4is niiske toit kassidele &#8211; loodusest p\u00fc\u00fctud tuunikala ja l\u00f5hega.&#13;<\/p>\n<li>Naturaalne liha<\/li>\n<p>&#13;<\/p>\n<li>V\u00e4he rasva ja kaloreid<\/li>\n<p>&#13;<\/p>\n<li>Sobib ka k\u00f5ige n\u00f5udlikumale kassile<\/li>\n<p>&#13;<\/p>\n<li>Ei sisalda teravilja<\/li>\n<p>&#13;<\/p>\n<li>Ilma konservantideta<\/li>\n<p>&#13;<\/p>\n<li>GMO vaba<\/li>\n<p>&#13;<br \/>\n<br \/>&#13;<br \/>\n<b>Koostis<\/b><br \/>&#13;<br \/>\nTuunikalapuljong, tuunikala, l\u00f5he, paksendajad.<br \/>&#13;<br \/>\n<br \/>&#13;<br \/>\n<b>Metaboliseeruv energia<\/b><br \/>&#13;<br \/>\n470,0 kcal\/kg; 37,6 kcal\/pakendis.<br \/>&#13;<br \/>\n<br \/>&#13;<br \/>\n<b>Anal\u00fc\u00fctilised koostisosad<\/b><br \/>&#13;<br \/>\nToorvalk (min) 10%, toorrasv (min) 0,30%, toorkiud (maks) 1,0%, niiskus (maks) 89,0%, toortuhk (maks) 3,0%.<br \/>&#13;<br \/>\n<br \/>&#13;<br \/>\n<b>Soovituslik p\u00e4evane kogus<\/b>&#13;<\/p>\n<table class=\" cke_show_border\" width=\"500\">&#13;<\/p>\n<tbody>&#13;<\/p>\n<tr>&#13;<\/p>\n<td>Kassi kaal<\/td>\n<p>&#13;<\/p>\n<td>1-3kg<\/td>\n<p>&#13;<\/p>\n<td>3-5kg<\/td>\n<p>&#13;<\/p>\n<td>5-7kg<\/td>\n<p>&#13;<\/p>\n<td>7-9kg<\/td>\n<p>&#13;<br \/>\n<\/tr>\n<p>&#13;<\/p>\n<tr>&#13;<\/p>\n<td>P\u00e4evane kogus (g\/p\u00e4evas)<\/td>\n<p>&#13;<\/p>\n<td>200-440g<\/td>\n<p>&#13;<\/p>\n<td>440-620g<\/td>\n<p>&#13;<\/p>\n<td>620-780g<\/td>\n<p>&#13;<\/p>\n<td>780-940g<\/td>\n<p>&#13;<br \/>\n<\/tr>\n<p>&#13;<br \/>\n<\/tbody>\n<p>&#13;<br \/>\n<\/table>\n","protected":false},"excerpt":{"rendered":"<p>Aatas cat t\u00e4iuslik segu ahvatlevast loodusest p\u00fc\u00fctud tuunikalast ja kauak\u00fcpsetatud l\u00f5heribadest maitsvas tarrendis.<\/p>\n","protected":false},"featured_media":12062,"template":"","meta":[],"product_cat":[689,33],"product_tag":[],"class_list":{"0":"post-15359","1":"product","2":"type-product","3":"status-publish","4":"has-post-thumbnail","6":"product_cat-kassid","7":"product_cat-konservid-kassidele","8":"pa_brand-aatas-cat","9":"pa_ean-1391","10":"pa_kaal-0-080","11":"pa_tootjariik-singapur","13":"first","14":"instock","15":"taxable","16":"shipping-taxable","17":"purchasable","18":"product-type-simple"},"_links":{"self":[{"href":"https:\/\/kasskoer.ee\/en\/wp-json\/wp\/v2\/product\/15359","targetHints":{"allow":["GET"]}}],"collection":[{"href":"https:\/\/kasskoer.ee\/en\/wp-json\/wp\/v2\/product"}],"about":[{"href":"https:\/\/kasskoer.ee\/en\/wp-json\/wp\/v2\/types\/product"}],"wp:featuredmedia":[{"embeddable":true,"href":"https:\/\/kasskoer.ee\/en\/wp-json\/wp\/v2\/media\/12062"}],"wp:attachment":[{"href":"https:\/\/kasskoer.ee\/en\/wp-json\/wp\/v2\/media?parent=15359"}],"wp:term":[{"taxonomy":"product_cat","embeddable":true,"href":"https:\/\/kasskoer.ee\/en\/wp-json\/wp\/v2\/product_cat?post=15359"},{"taxonomy":"product_tag","embeddable":true,"href":"https:\/\/kasskoer.ee\/en\/wp-json\/wp\/v2\/product_tag?post=15359"}],"curies":[{"name":"wp","href":"https:\/\/api.w.org\/{rel}","templated":true}]}}