{"id":15370,"date":"2026-04-20T03:10:24","date_gmt":"2026-04-20T00:10:24","guid":{"rendered":"https:\/\/kasskoer.ee\/product\/brit-fresh-turkey-with-peas-konserv-koertele-400g-2\/"},"modified":"2026-04-20T03:10:25","modified_gmt":"2026-04-20T00:10:25","slug":"brit-fresh-turkey-with-peas-konserv-koertele-400g","status":"publish","type":"product","link":"https:\/\/kasskoer.ee\/en\/toode\/brit-fresh-turkey-with-peas-konserv-koertele-400g\/","title":{"rendered":"Brit Fresh Turkey with Peas konserv koertele 400g"},"content":{"rendered":"<p>Brit Fresh on valmistatud v\u00e4rskest lihast, mis on hoolikalt t\u00f6\u00f6deldud, et lukustada naturaalsed mahlad ja toitained ning s\u00e4ilitada erakordne maitse. T\u00e4istoit koertele.&#13;<\/p>\n<li>Sisaldab tatart ja herneid &#8211; suurep\u00e4rased toitainerikkad kiudained.<\/li>\n<p>&#13;<\/p>\n<li>Sisaldab linaseemneid, l\u00f5he\u00f5li, vetikaid ja arooniaid.<\/li>\n<p>&#13;<\/p>\n<li>Maitse rikastatud \u00fcrtide seguga \u2013 rosmariin, t\u00fc\u00fcmian, saialill, v\u00f5ilill.<\/li>\n<p>&#13;<\/p>\n<li>Ideaalne lisand kuivtoidule \u2013 muudab kuivtoidu ahvatlevamaks ning sisaldab ka vedelikku.<\/li>\n<p>&#13;<\/p>\n<li>Ei sisalda gluteeni, soja, GMO-sid, s\u00e4ilitus- ega v\u00e4rvaineid.<\/li>\n<p>&#13;<br \/>\n<br \/>&#13;<br \/>\n<b>Koostis<\/b><br \/>&#13;<br \/>\n68% kalkun, 13% puljong, 4,3% tatar, 4% herned, 3% kikerherned, 2% \u00f5unad, 2% mineraalid, 1% \u00fcrdisegu (rosmariin, t\u00fc\u00fcmian, saialill, v\u00f5ilill), 1% petersell, 1% l\u00f5he\u00f5li, 0,5% linaseemned, 0,2% vetikad ja aroonia.<br \/>&#13;<br \/>\n<br \/>&#13;<br \/>\n<b>Anal\u00fc\u00fctiline koostis<\/b><br \/>&#13;<br \/>\nToorvalk 9%, toorrasv 6%, toortuhk 2,8%, niiskus 75,0%, toorkiud 0,7%, kaltsium 0,3%, fosfor 0,2%, naatrium 0,4%.<br \/>&#13;<br \/>\n<br \/>&#13;<br \/>\n<b>Toitainelised lisandid kg kohta<\/b><br \/>&#13;<br \/>\nD3-vitamiin (E671) 250 R\u00dc, E-vitamiin (3a700) 150 mg, tsink (3b606) 15 mg, raud (3b103) 12 mg, mangaan (3b502) 3 mg, jood (3b201) 0,75 mg, vask (E4) 0,5 mg, biotiin (3a880) 0,2 mg.<br \/>&#13;<br \/>\n<br \/>&#13;<br \/>\n<b>Metaboliseeruv energia<\/b><br \/>&#13;<br \/>\n1145 kcal\/kg<\/p>\n","protected":false},"excerpt":{"rendered":"<p>Brit Fresh konserv koertele kalkuniliha ja hernestega.<\/p>\n","protected":false},"featured_media":12072,"template":"","meta":[],"product_cat":[688,106],"product_tag":[],"class_list":{"0":"post-15370","1":"product","2":"type-product","3":"status-publish","4":"has-post-thumbnail","6":"product_cat-koerad","7":"product_cat-konservid-koertele","8":"pa_brand-brit-fresh","9":"pa_ean-1396","10":"pa_kaal-0-400","11":"pa_tootjariik-tsehhi","13":"first","14":"instock","15":"sale","16":"taxable","17":"shipping-taxable","18":"purchasable","19":"product-type-simple"},"_links":{"self":[{"href":"https:\/\/kasskoer.ee\/en\/wp-json\/wp\/v2\/product\/15370","targetHints":{"allow":["GET"]}}],"collection":[{"href":"https:\/\/kasskoer.ee\/en\/wp-json\/wp\/v2\/product"}],"about":[{"href":"https:\/\/kasskoer.ee\/en\/wp-json\/wp\/v2\/types\/product"}],"wp:featuredmedia":[{"embeddable":true,"href":"https:\/\/kasskoer.ee\/en\/wp-json\/wp\/v2\/media\/12072"}],"wp:attachment":[{"href":"https:\/\/kasskoer.ee\/en\/wp-json\/wp\/v2\/media?parent=15370"}],"wp:term":[{"taxonomy":"product_cat","embeddable":true,"href":"https:\/\/kasskoer.ee\/en\/wp-json\/wp\/v2\/product_cat?post=15370"},{"taxonomy":"product_tag","embeddable":true,"href":"https:\/\/kasskoer.ee\/en\/wp-json\/wp\/v2\/product_tag?post=15370"}],"curies":[{"name":"wp","href":"https:\/\/api.w.org\/{rel}","templated":true}]}}