{"id":15442,"date":"2026-04-20T03:10:27","date_gmt":"2026-04-20T00:10:27","guid":{"rendered":"https:\/\/kasskoer.ee\/product\/cazo-oval-bed-oslo-roheline-pesa-koertele-105x140x17cm-2\/"},"modified":"2026-04-20T03:10:29","modified_gmt":"2026-04-20T00:10:29","slug":"cazo-oval-bed-oslo-roheline-pesa-koertele-105x140x17cm","status":"publish","type":"product","link":"https:\/\/kasskoer.ee\/en\/toode\/cazo-oval-bed-oslo-roheline-pesa-koertele-105x140x17cm\/","title":{"rendered":"Cazo Oval Bed Oslo roheline pesa koertele 105x140x17cm"},"content":{"rendered":"<li>Pesa v\u00e4lispind on valmistatud pehmest kvaliteetsest \u00f6ko-kunstnahk kangast ning lisaks annab pesa v\u00e4limusele juurde kaunis Cazo monogrammi tikand.<\/li>\n<p>&#13;<\/p>\n<li>Pesal on praktiline lihtsasti eemaldatav kate, mida v\u00f5ib pesumasinas pesta. Lihtne hooldus aitab hoida pesa kogu aeg puhtana.<\/li>\n<p>&#13;<br \/>\n<br \/>&#13;<br \/>\nPesa suurus: 140x105x17cm.<\/p>\n","protected":false},"excerpt":{"rendered":"<p>Cazo Oslo kollektsiooni kuuluv rohelist v\u00e4rvi ovaalne pesa koertele.<\/p>\n","protected":false},"featured_media":12212,"template":"","meta":[],"product_cat":[692,456],"product_tag":[],"class_list":{"0":"post-15442","1":"product","2":"type-product","3":"status-publish","4":"has-post-thumbnail","6":"product_cat-lemmikutele-lisaks","7":"product_cat-pesad-ja-asemed","8":"pa_brand-cazo","9":"pa_ean-1936","10":"pa_kaal-3-000","11":"pa_tootjariik-poola","13":"first","14":"instock","15":"taxable","16":"shipping-taxable","17":"purchasable","18":"product-type-simple"},"_links":{"self":[{"href":"https:\/\/kasskoer.ee\/en\/wp-json\/wp\/v2\/product\/15442","targetHints":{"allow":["GET"]}}],"collection":[{"href":"https:\/\/kasskoer.ee\/en\/wp-json\/wp\/v2\/product"}],"about":[{"href":"https:\/\/kasskoer.ee\/en\/wp-json\/wp\/v2\/types\/product"}],"wp:featuredmedia":[{"embeddable":true,"href":"https:\/\/kasskoer.ee\/en\/wp-json\/wp\/v2\/media\/12212"}],"wp:attachment":[{"href":"https:\/\/kasskoer.ee\/en\/wp-json\/wp\/v2\/media?parent=15442"}],"wp:term":[{"taxonomy":"product_cat","embeddable":true,"href":"https:\/\/kasskoer.ee\/en\/wp-json\/wp\/v2\/product_cat?post=15442"},{"taxonomy":"product_tag","embeddable":true,"href":"https:\/\/kasskoer.ee\/en\/wp-json\/wp\/v2\/product_tag?post=15442"}],"curies":[{"name":"wp","href":"https:\/\/api.w.org\/{rel}","templated":true}]}}