{"id":15448,"date":"2026-04-20T03:10:27","date_gmt":"2026-04-20T00:10:27","guid":{"rendered":"https:\/\/kasskoer.ee\/product\/cazo-bed-oslo-pruun-pesa-koertele-24x100x74cm-2\/"},"modified":"2026-04-20T03:10:29","modified_gmt":"2026-04-20T00:10:29","slug":"cazo-bed-oslo-pruun-pesa-koertele-24x100x74cm","status":"publish","type":"product","link":"https:\/\/kasskoer.ee\/en\/toode\/cazo-bed-oslo-pruun-pesa-koertele-24x100x74cm\/","title":{"rendered":"Cazo Bed Oslo pruun pesa koertele 24x100x74cm"},"content":{"rendered":"<li>Pesa v\u00e4lispind on valmistatud pehmest kvaliteetsest \u00f6ko-kunstnahk kangast ning lisaks annab pesa v\u00e4limusele juurde kaunis Cazo monogrammi tikand.<\/li>\n<p>&#13;<\/p>\n<li>Pesal on praktiline lihtsasti eemaldatav kate, mida v\u00f5ib pesumasinas pesta. Lihtne hooldus aitab hoida pesa kogu aeg puhtana.<\/li>\n<p>&#13;<br \/>\n<br \/>&#13;<br \/>\nPesa suurus: 100x74x24cm.<\/p>\n","protected":false},"excerpt":{"rendered":"<p>Cazo Oslo kollektsiooni kuuluv pruuni v\u00e4rvi pesa koertele.<\/p>\n","protected":false},"featured_media":12224,"template":"","meta":[],"product_cat":[692,456],"product_tag":[],"class_list":{"0":"post-15448","1":"product","2":"type-product","3":"status-publish","4":"has-post-thumbnail","6":"product_cat-lemmikutele-lisaks","7":"product_cat-pesad-ja-asemed","8":"pa_brand-cazo","9":"pa_ean-1895","10":"pa_kaal-2-500","11":"pa_tootjariik-poola","13":"first","14":"instock","15":"taxable","16":"shipping-taxable","17":"purchasable","18":"product-type-simple"},"_links":{"self":[{"href":"https:\/\/kasskoer.ee\/en\/wp-json\/wp\/v2\/product\/15448","targetHints":{"allow":["GET"]}}],"collection":[{"href":"https:\/\/kasskoer.ee\/en\/wp-json\/wp\/v2\/product"}],"about":[{"href":"https:\/\/kasskoer.ee\/en\/wp-json\/wp\/v2\/types\/product"}],"wp:featuredmedia":[{"embeddable":true,"href":"https:\/\/kasskoer.ee\/en\/wp-json\/wp\/v2\/media\/12224"}],"wp:attachment":[{"href":"https:\/\/kasskoer.ee\/en\/wp-json\/wp\/v2\/media?parent=15448"}],"wp:term":[{"taxonomy":"product_cat","embeddable":true,"href":"https:\/\/kasskoer.ee\/en\/wp-json\/wp\/v2\/product_cat?post=15448"},{"taxonomy":"product_tag","embeddable":true,"href":"https:\/\/kasskoer.ee\/en\/wp-json\/wp\/v2\/product_tag?post=15448"}],"curies":[{"name":"wp","href":"https:\/\/api.w.org\/{rel}","templated":true}]}}