{"id":15459,"date":"2026-04-20T03:10:30","date_gmt":"2026-04-20T00:10:30","guid":{"rendered":"https:\/\/kasskoer.ee\/product\/flamingo-nariliste-jooksuketas-susie-m-2\/"},"modified":"2026-04-20T03:10:30","modified_gmt":"2026-04-20T00:10:30","slug":"flamingo-nariliste-jooksuketas-susie-m","status":"publish","type":"product","link":"https:\/\/kasskoer.ee\/en\/toode\/flamingo-nariliste-jooksuketas-susie-m\/","title":{"rendered":"Flamingo n\u00e4riliste jooksuketas Susie M"},"content":{"rendered":"<li>Jooksuketas pakub n\u00e4rilistele palju r\u00f5\u00f5mu ja aktiivset tegevust.<\/li>\n<p> &#13;<\/p>\n<li>Jooksukettal on v\u00e4ga stabiilne alus.<\/li>\n<p>&#13;<\/p>\n<li>Jooksuketas ei tee m\u00fcra.<\/li>\n<p>&#13;<\/p>\n<li>T\u00e4nu tasasele jooksupinnale kaitseb selgroogu.<\/li>\n<p>&#13;<br \/>\n<br \/>&#13;<br \/>\n<b>M\u00f5\u00f5dud<\/b><br \/>&#13;<br \/>\n20,8 x 20,8 x 11cm<\/p>\n","protected":false},"excerpt":{"rendered":"<p>Flamingo jooksuketas n\u00e4rilistele.<\/p>\n","protected":false},"featured_media":12246,"template":"","meta":[],"product_cat":[693,3078,924],"product_tag":[],"class_list":{"0":"post-15459","1":"product","2":"type-product","3":"status-publish","4":"has-post-thumbnail","6":"product_cat-muud-loomad","7":"product_cat-narilised","8":"product_cat-nariliste-tarvikud","9":"pa_brand-flamingo","10":"pa_ean-2368","11":"pa_kaal-0-200","12":"pa_tootjariik-hiina","14":"first","15":"instock","16":"taxable","17":"shipping-taxable","18":"purchasable","19":"product-type-simple"},"_links":{"self":[{"href":"https:\/\/kasskoer.ee\/en\/wp-json\/wp\/v2\/product\/15459","targetHints":{"allow":["GET"]}}],"collection":[{"href":"https:\/\/kasskoer.ee\/en\/wp-json\/wp\/v2\/product"}],"about":[{"href":"https:\/\/kasskoer.ee\/en\/wp-json\/wp\/v2\/types\/product"}],"wp:featuredmedia":[{"embeddable":true,"href":"https:\/\/kasskoer.ee\/en\/wp-json\/wp\/v2\/media\/12246"}],"wp:attachment":[{"href":"https:\/\/kasskoer.ee\/en\/wp-json\/wp\/v2\/media?parent=15459"}],"wp:term":[{"taxonomy":"product_cat","embeddable":true,"href":"https:\/\/kasskoer.ee\/en\/wp-json\/wp\/v2\/product_cat?post=15459"},{"taxonomy":"product_tag","embeddable":true,"href":"https:\/\/kasskoer.ee\/en\/wp-json\/wp\/v2\/product_tag?post=15459"}],"curies":[{"name":"wp","href":"https:\/\/api.w.org\/{rel}","templated":true}]}}