{"id":15462,"date":"2026-04-20T03:10:30","date_gmt":"2026-04-20T00:10:30","guid":{"rendered":"https:\/\/kasskoer.ee\/product\/flamingo-braintrain-cubes-puidust-lelu-narilistele-2\/"},"modified":"2026-04-20T03:10:30","modified_gmt":"2026-04-20T00:10:30","slug":"flamingo-braintrain-cubes-puidust-lelu-narilistele","status":"publish","type":"product","link":"https:\/\/kasskoer.ee\/en\/toode\/flamingo-braintrain-cubes-puidust-lelu-narilistele\/","title":{"rendered":"Flamingo Braintrain Cubes puidust lelu n\u00e4rilistele"},"content":{"rendered":"<p><b>See on ideaalne m\u00e4nguasi igavuse vastu v\u00f5itlemiseks ja Teie lemmiklooma vaimseks stimuleerimiseks!<\/b>&#13;<\/p>\n<li>T\u00e4itke klotsid maiustega ja preemia v\u00e4lja teenimiseks laske oma karvasel s\u00f5bral k\u00f6iest t\u00f5mmata.<\/li>\n<p>&#13;<\/p>\n<li>Valmistatud puidust ja k\u00f6itest.<\/li>\n<p>&#13;<\/p>\n<li>M\u00f5\u00f5tmed &#8211; 21,5cm x 8,5cm x 7,5cm.<\/li>\n","protected":false},"excerpt":{"rendered":"<p>Flamingo vaimset stimulatsiooni pakkuv 4 klotsiga m\u00e4nguasi n\u00e4rilistele.<\/p>\n","protected":false},"featured_media":12248,"template":"","meta":[],"product_cat":[1320,693,3078],"product_tag":[],"class_list":{"0":"post-15462","1":"product","2":"type-product","3":"status-publish","4":"has-post-thumbnail","6":"product_cat-nariliste-manguasjad","7":"product_cat-muud-loomad","8":"product_cat-narilised","9":"pa_brand-flamingo","10":"pa_ean-2369","11":"pa_kaal-0-500","12":"pa_tootjariik-hiina","14":"first","15":"outofstock","16":"taxable","17":"shipping-taxable","18":"purchasable","19":"product-type-simple"},"_links":{"self":[{"href":"https:\/\/kasskoer.ee\/en\/wp-json\/wp\/v2\/product\/15462","targetHints":{"allow":["GET"]}}],"collection":[{"href":"https:\/\/kasskoer.ee\/en\/wp-json\/wp\/v2\/product"}],"about":[{"href":"https:\/\/kasskoer.ee\/en\/wp-json\/wp\/v2\/types\/product"}],"wp:featuredmedia":[{"embeddable":true,"href":"https:\/\/kasskoer.ee\/en\/wp-json\/wp\/v2\/media\/12248"}],"wp:attachment":[{"href":"https:\/\/kasskoer.ee\/en\/wp-json\/wp\/v2\/media?parent=15462"}],"wp:term":[{"taxonomy":"product_cat","embeddable":true,"href":"https:\/\/kasskoer.ee\/en\/wp-json\/wp\/v2\/product_cat?post=15462"},{"taxonomy":"product_tag","embeddable":true,"href":"https:\/\/kasskoer.ee\/en\/wp-json\/wp\/v2\/product_tag?post=15462"}],"curies":[{"name":"wp","href":"https:\/\/api.w.org\/{rel}","templated":true}]}}