{"id":15465,"date":"2026-04-20T03:10:30","date_gmt":"2026-04-20T00:10:30","guid":{"rendered":"https:\/\/kasskoer.ee\/product\/flamingo-vookott-veepudeliga-500ml-2\/"},"modified":"2026-04-20T03:10:30","modified_gmt":"2026-04-20T00:10:30","slug":"flamingo-vookott-veepudeliga-500ml","status":"publish","type":"product","link":"https:\/\/kasskoer.ee\/en\/toode\/flamingo-vookott-veepudeliga-500ml\/","title":{"rendered":"Flamingo v\u00f6\u00f6kott veepudeliga 500ml"},"content":{"rendered":"<p><b>Ideaalne treenimiseks, matkamiseks ja jalutusk\u00e4ikudeks oma truu neljajalgse s\u00f5braga.<\/b>   &#13;<\/p>\n<li>Kaasas joogipudel mahuga 500 ml.<\/li>\n<p>&#13;<\/p>\n<li>Reguleeritavad rihmad 60cm-135cm.<\/li>\n<p>&#13;<\/p>\n<li>Neli mugavat lukuga taskut.<\/li>\n<p>&#13;<\/p>\n<li>Varustatud helkurribadega.<\/li>\n<p>&#13;<\/p>\n<li>Kaks r\u00f5ngaga auku karabiini kinnitamiseks.<\/li>\n","protected":false},"excerpt":{"rendered":"<p>Flamingo mugav v\u00f6\u00f6kott nelja tasku ja veepudeliga.<\/p>\n","protected":false},"featured_media":12250,"template":"","meta":[],"product_cat":[688,365],"product_tag":[],"class_list":{"0":"post-15465","1":"product","2":"type-product","3":"status-publish","4":"has-post-thumbnail","6":"product_cat-koerad","7":"product_cat-koerte-tarvikud","8":"pa_brand-flamingo","9":"pa_ean-2358","10":"pa_kaal-0-330","11":"pa_tootjariik-hiina","13":"first","14":"instock","15":"taxable","16":"shipping-taxable","17":"purchasable","18":"product-type-simple"},"_links":{"self":[{"href":"https:\/\/kasskoer.ee\/en\/wp-json\/wp\/v2\/product\/15465","targetHints":{"allow":["GET"]}}],"collection":[{"href":"https:\/\/kasskoer.ee\/en\/wp-json\/wp\/v2\/product"}],"about":[{"href":"https:\/\/kasskoer.ee\/en\/wp-json\/wp\/v2\/types\/product"}],"wp:featuredmedia":[{"embeddable":true,"href":"https:\/\/kasskoer.ee\/en\/wp-json\/wp\/v2\/media\/12250"}],"wp:attachment":[{"href":"https:\/\/kasskoer.ee\/en\/wp-json\/wp\/v2\/media?parent=15465"}],"wp:term":[{"taxonomy":"product_cat","embeddable":true,"href":"https:\/\/kasskoer.ee\/en\/wp-json\/wp\/v2\/product_cat?post=15465"},{"taxonomy":"product_tag","embeddable":true,"href":"https:\/\/kasskoer.ee\/en\/wp-json\/wp\/v2\/product_tag?post=15465"}],"curies":[{"name":"wp","href":"https:\/\/api.w.org\/{rel}","templated":true}]}}