{"id":15473,"date":"2026-04-20T03:10:30","date_gmt":"2026-04-20T00:10:30","guid":{"rendered":"https:\/\/kasskoer.ee\/product\/flamingo-natura-koera-manguasi-kana-42cm-2\/"},"modified":"2026-04-20T03:10:30","modified_gmt":"2026-04-20T00:10:30","slug":"flamingo-natura-koera-manguasi-kana-42cm","status":"publish","type":"product","link":"https:\/\/kasskoer.ee\/en\/toode\/flamingo-natura-koera-manguasi-kana-42cm\/","title":{"rendered":"Flamingo Natura koera m\u00e4nguasi kana 42cm"},"content":{"rendered":"<p>M\u00e4nguasi on valmistatud vastupidavatest materjalidest, nii j\u00e4tkub koerale l\u00f5bu pikemaks ajaks.<br \/>&#13;<br \/>\n<br \/>&#13;<br \/>\n<b>M\u00f5\u00f5dud<\/b><br \/>&#13;<br \/>\n42 x 24cm<\/p>\n","protected":false},"excerpt":{"rendered":"<p>Flamingo pehme piiksuv kana koerale.<\/p>\n","protected":false},"featured_media":12254,"template":"","meta":[],"product_cat":[1326,688],"product_tag":[],"class_list":{"0":"post-15473","1":"product","2":"type-product","3":"status-publish","4":"has-post-thumbnail","6":"product_cat-koerte-manguasjad","7":"product_cat-koerad","8":"pa_brand-flamingo","9":"pa_ean-2458","10":"pa_kaal-0-090","11":"pa_tootjariik-hiina","13":"first","14":"instock","15":"taxable","16":"shipping-taxable","17":"purchasable","18":"product-type-simple"},"_links":{"self":[{"href":"https:\/\/kasskoer.ee\/en\/wp-json\/wp\/v2\/product\/15473","targetHints":{"allow":["GET"]}}],"collection":[{"href":"https:\/\/kasskoer.ee\/en\/wp-json\/wp\/v2\/product"}],"about":[{"href":"https:\/\/kasskoer.ee\/en\/wp-json\/wp\/v2\/types\/product"}],"wp:featuredmedia":[{"embeddable":true,"href":"https:\/\/kasskoer.ee\/en\/wp-json\/wp\/v2\/media\/12254"}],"wp:attachment":[{"href":"https:\/\/kasskoer.ee\/en\/wp-json\/wp\/v2\/media?parent=15473"}],"wp:term":[{"taxonomy":"product_cat","embeddable":true,"href":"https:\/\/kasskoer.ee\/en\/wp-json\/wp\/v2\/product_cat?post=15473"},{"taxonomy":"product_tag","embeddable":true,"href":"https:\/\/kasskoer.ee\/en\/wp-json\/wp\/v2\/product_tag?post=15473"}],"curies":[{"name":"wp","href":"https:\/\/api.w.org\/{rel}","templated":true}]}}