{"id":15485,"date":"2026-04-20T03:10:30","date_gmt":"2026-04-20T00:10:30","guid":{"rendered":"https:\/\/kasskoer.ee\/product\/flamingo-punased-traksid-koerale-s-52-60cm-2\/"},"modified":"2026-04-20T03:10:31","modified_gmt":"2026-04-20T00:10:31","slug":"flamingo-punased-traksid-koerale-s-52-60cm","status":"publish","type":"product","link":"https:\/\/kasskoer.ee\/en\/toode\/flamingo-punased-traksid-koerale-s-52-60cm\/","title":{"rendered":"Flamingo punased traksid koerale S 52-60cm"},"content":{"rendered":"<p><b>Flamingo Cross Abbi koerarakmed on uskumatult mugavad ja vastupidavad.<\/b>&#13;<\/p>\n<li>\u00d5larihmad ristuvad \u00fcle selja, leevendades jalutusk\u00e4ikude ajal Teie koera kaelale ja k\u00f5rile avaldatavat survet.<\/li>\n<p>&#13;<\/p>\n<li>Traksid on valmistatud tugevast nailonist ja on reguleeritava suurusega.<\/li>\n<p>&#13;<\/p>\n<li>Pehme neopreenist vooder trakside sisek\u00fcljel.<\/li>\n<p>&#13;<\/p>\n<li>Polsterdatud rinnatoega.<\/li>\n<p>&#13;<\/p>\n<li>Metallist r\u00f5ngas jalutusrihma jaoks.<\/li>\n<p>&#13;<br \/>\n<br \/><b>M\u00f5\u00f5dud<\/b><br \/>&#13;<br \/>\nA:43cm B:52-60cm X 25mm<\/p>\n","protected":false},"excerpt":{"rendered":"<p>Flamingo reguleeritavad nailonist punased traksid koerale.<\/p>\n","protected":false},"featured_media":12266,"template":"","meta":[],"product_cat":[1324],"product_tag":[],"class_list":{"0":"post-15485","1":"product","2":"type-product","3":"status-publish","4":"has-post-thumbnail","6":"product_cat-koerte-traksid","7":"pa_brand-flamingo","8":"pa_ean-2359","9":"pa_kaal-0-200","10":"pa_tootjariik-hiina","12":"first","13":"instock","14":"taxable","15":"shipping-taxable","16":"purchasable","17":"product-type-simple"},"_links":{"self":[{"href":"https:\/\/kasskoer.ee\/en\/wp-json\/wp\/v2\/product\/15485","targetHints":{"allow":["GET"]}}],"collection":[{"href":"https:\/\/kasskoer.ee\/en\/wp-json\/wp\/v2\/product"}],"about":[{"href":"https:\/\/kasskoer.ee\/en\/wp-json\/wp\/v2\/types\/product"}],"wp:featuredmedia":[{"embeddable":true,"href":"https:\/\/kasskoer.ee\/en\/wp-json\/wp\/v2\/media\/12266"}],"wp:attachment":[{"href":"https:\/\/kasskoer.ee\/en\/wp-json\/wp\/v2\/media?parent=15485"}],"wp:term":[{"taxonomy":"product_cat","embeddable":true,"href":"https:\/\/kasskoer.ee\/en\/wp-json\/wp\/v2\/product_cat?post=15485"},{"taxonomy":"product_tag","embeddable":true,"href":"https:\/\/kasskoer.ee\/en\/wp-json\/wp\/v2\/product_tag?post=15485"}],"curies":[{"name":"wp","href":"https:\/\/api.w.org\/{rel}","templated":true}]}}