{"id":15487,"date":"2026-04-20T03:10:30","date_gmt":"2026-04-20T00:10:30","guid":{"rendered":"https:\/\/kasskoer.ee\/product\/flamingo-abbi-punased-traksid-koerale-xs-48-55cm-20mm-2\/"},"modified":"2026-04-20T03:10:31","modified_gmt":"2026-04-20T00:10:31","slug":"flamingo-abbi-punased-traksid-koerale-xs-48-55cm-20mm","status":"publish","type":"product","link":"https:\/\/kasskoer.ee\/en\/toode\/flamingo-abbi-punased-traksid-koerale-xs-48-55cm-20mm\/","title":{"rendered":"Flamingo Abbi punased traksid koerale XS 48-55cm 20mm"},"content":{"rendered":"<p>Uskumatult mugavad ja vastupidavad koerarakmed. \u00d5larihmad ristuvad \u00fcle selja, leevendades jalutusk\u00e4ikude ajal teie koera kaelale ja k\u00f5rile avalduvat survet.&#13;<br \/>\n<br \/>&#13;<br \/>\n<br \/><b>Materjal<\/b><br \/>&#13;<br \/>\nNailon pehme neopreenvoodriga&#13;<br \/>\n<br \/>&#13;<br \/>\n<br \/><b>M\u00f5\u00f5dud<\/b><br \/> &#13;<br \/>\nA: 36cm  B: 48-55cm x 20mm<\/p>\n","protected":false},"excerpt":{"rendered":"<p>Flamingo nailonist punased traksid koertele.<\/p>\n","protected":false},"featured_media":12268,"template":"","meta":[],"product_cat":[1324],"product_tag":[],"class_list":{"0":"post-15487","1":"product","2":"type-product","3":"status-publish","4":"has-post-thumbnail","6":"product_cat-koerte-traksid","7":"pa_brand-flamingo","8":"pa_ean-2260","9":"pa_kaal-0-120","10":"pa_tootjariik-hiina","12":"first","13":"outofstock","14":"taxable","15":"shipping-taxable","16":"purchasable","17":"product-type-simple"},"_links":{"self":[{"href":"https:\/\/kasskoer.ee\/en\/wp-json\/wp\/v2\/product\/15487","targetHints":{"allow":["GET"]}}],"collection":[{"href":"https:\/\/kasskoer.ee\/en\/wp-json\/wp\/v2\/product"}],"about":[{"href":"https:\/\/kasskoer.ee\/en\/wp-json\/wp\/v2\/types\/product"}],"wp:featuredmedia":[{"embeddable":true,"href":"https:\/\/kasskoer.ee\/en\/wp-json\/wp\/v2\/media\/12268"}],"wp:attachment":[{"href":"https:\/\/kasskoer.ee\/en\/wp-json\/wp\/v2\/media?parent=15487"}],"wp:term":[{"taxonomy":"product_cat","embeddable":true,"href":"https:\/\/kasskoer.ee\/en\/wp-json\/wp\/v2\/product_cat?post=15487"},{"taxonomy":"product_tag","embeddable":true,"href":"https:\/\/kasskoer.ee\/en\/wp-json\/wp\/v2\/product_tag?post=15487"}],"curies":[{"name":"wp","href":"https:\/\/api.w.org\/{rel}","templated":true}]}}